{"id":914,"date":"2021-09-28T05:50:46","date_gmt":"2021-09-28T05:50:46","guid":{"rendered":"http:\/\/www.klangschmiede-kricke.ch\/?page_id=914"},"modified":"2023-12-03T18:18:23","modified_gmt":"2023-12-03T18:18:23","slug":"altsaxophon-pierret-modele-n14-2","status":"publish","type":"page","link":"https:\/\/www.klangschmiede-kricke.ch\/index.php\/altsaxophon-pierret-modele-n14-2\/","title":{"rendered":"Altsaxophon Pierret \u00abMod\u00e8le N\u00b014\u00bb"},"content":{"rendered":"\n<figure class=\"wp-block-image size-full\"><img loading=\"lazy\" width=\"683\" height=\"1024\" src=\"http:\/\/www.klangschmiede-kricke.ch\/wp-content\/uploads\/2023\/12\/Altsaxophon-Pierret-Modele-14-25.jpg\" alt=\"\" class=\"wp-image-2714\" srcset=\"https:\/\/www.klangschmiede-kricke.ch\/wp-content\/uploads\/2023\/12\/Altsaxophon-Pierret-Modele-14-25.jpg 683w, https:\/\/www.klangschmiede-kricke.ch\/wp-content\/uploads\/2023\/12\/Altsaxophon-Pierret-Modele-14-25-200x300.jpg 200w\" sizes=\"(max-width: 683px) 100vw, 683px\" \/><\/figure>\n\n\n\n<figure class=\"wp-block-image size-full\"><img loading=\"lazy\" width=\"1024\" height=\"683\" src=\"http:\/\/www.klangschmiede-kricke.ch\/wp-content\/uploads\/2022\/01\/Altsaxophon-Pierret-Modele-14-4.jpg\" alt=\"\" class=\"wp-image-1356\" srcset=\"https:\/\/www.klangschmiede-kricke.ch\/wp-content\/uploads\/2022\/01\/Altsaxophon-Pierret-Modele-14-4.jpg 1024w, https:\/\/www.klangschmiede-kricke.ch\/wp-content\/uploads\/2022\/01\/Altsaxophon-Pierret-Modele-14-4-300x200.jpg 300w, https:\/\/www.klangschmiede-kricke.ch\/wp-content\/uploads\/2022\/01\/Altsaxophon-Pierret-Modele-14-4-768x512.jpg 768w\" sizes=\"(max-width: 1024px) 100vw, 1024px\" \/><\/figure>\n\n\n\n<figure class=\"wp-block-image size-full\"><img loading=\"lazy\" width=\"1024\" height=\"683\" src=\"http:\/\/www.klangschmiede-kricke.ch\/wp-content\/uploads\/2022\/01\/Altsaxophon-Pierret-Modele-14-2.jpg\" alt=\"\" class=\"wp-image-1357\" srcset=\"https:\/\/www.klangschmiede-kricke.ch\/wp-content\/uploads\/2022\/01\/Altsaxophon-Pierret-Modele-14-2.jpg 1024w, https:\/\/www.klangschmiede-kricke.ch\/wp-content\/uploads\/2022\/01\/Altsaxophon-Pierret-Modele-14-2-300x200.jpg 300w, https:\/\/www.klangschmiede-kricke.ch\/wp-content\/uploads\/2022\/01\/Altsaxophon-Pierret-Modele-14-2-768x512.jpg 768w\" sizes=\"(max-width: 1024px) 100vw, 1024px\" \/><\/figure>\n\n\n\n<figure class=\"wp-block-image size-full\"><img loading=\"lazy\" width=\"1024\" height=\"683\" src=\"http:\/\/www.klangschmiede-kricke.ch\/wp-content\/uploads\/2022\/01\/Altsaxophon-Pierret-Modele-14-21.jpg\" alt=\"\" class=\"wp-image-1359\" srcset=\"https:\/\/www.klangschmiede-kricke.ch\/wp-content\/uploads\/2022\/01\/Altsaxophon-Pierret-Modele-14-21.jpg 1024w, https:\/\/www.klangschmiede-kricke.ch\/wp-content\/uploads\/2022\/01\/Altsaxophon-Pierret-Modele-14-21-300x200.jpg 300w, https:\/\/www.klangschmiede-kricke.ch\/wp-content\/uploads\/2022\/01\/Altsaxophon-Pierret-Modele-14-21-768x512.jpg 768w\" sizes=\"(max-width: 1024px) 100vw, 1024px\" \/><\/figure>\n\n\n\n<figure class=\"wp-block-image size-full\"><img loading=\"lazy\" width=\"1024\" height=\"683\" src=\"http:\/\/www.klangschmiede-kricke.ch\/wp-content\/uploads\/2022\/01\/Altsaxophon-Pierret-Modele-14-5.jpg\" alt=\"\" class=\"wp-image-1360\" srcset=\"https:\/\/www.klangschmiede-kricke.ch\/wp-content\/uploads\/2022\/01\/Altsaxophon-Pierret-Modele-14-5.jpg 1024w, https:\/\/www.klangschmiede-kricke.ch\/wp-content\/uploads\/2022\/01\/Altsaxophon-Pierret-Modele-14-5-300x200.jpg 300w, https:\/\/www.klangschmiede-kricke.ch\/wp-content\/uploads\/2022\/01\/Altsaxophon-Pierret-Modele-14-5-768x512.jpg 768w\" sizes=\"(max-width: 1024px) 100vw, 1024px\" \/><\/figure>\n\n\n\n<figure class=\"wp-block-image size-full\"><img loading=\"lazy\" width=\"683\" height=\"1024\" src=\"http:\/\/www.klangschmiede-kricke.ch\/wp-content\/uploads\/2022\/01\/Altsaxophon-Pierret-Modele-14-6.jpg\" alt=\"\" class=\"wp-image-1361\" srcset=\"https:\/\/www.klangschmiede-kricke.ch\/wp-content\/uploads\/2022\/01\/Altsaxophon-Pierret-Modele-14-6.jpg 683w, https:\/\/www.klangschmiede-kricke.ch\/wp-content\/uploads\/2022\/01\/Altsaxophon-Pierret-Modele-14-6-200x300.jpg 200w\" sizes=\"(max-width: 683px) 100vw, 683px\" \/><\/figure>\n\n\n\n<figure class=\"wp-block-image size-full\"><img loading=\"lazy\" width=\"683\" height=\"1024\" src=\"http:\/\/www.klangschmiede-kricke.ch\/wp-content\/uploads\/2022\/01\/Altsaxophon-Pierret-Modele-14-7.jpg\" alt=\"\" class=\"wp-image-1362\" srcset=\"https:\/\/www.klangschmiede-kricke.ch\/wp-content\/uploads\/2022\/01\/Altsaxophon-Pierret-Modele-14-7.jpg 683w, https:\/\/www.klangschmiede-kricke.ch\/wp-content\/uploads\/2022\/01\/Altsaxophon-Pierret-Modele-14-7-200x300.jpg 200w\" sizes=\"(max-width: 683px) 100vw, 683px\" \/><\/figure>\n\n\n\n<figure class=\"wp-block-image size-full\"><img loading=\"lazy\" width=\"683\" height=\"1024\" src=\"http:\/\/www.klangschmiede-kricke.ch\/wp-content\/uploads\/2022\/01\/Altsaxophon-Pierret-Modele-14-9.jpg\" alt=\"\" class=\"wp-image-1363\" srcset=\"https:\/\/www.klangschmiede-kricke.ch\/wp-content\/uploads\/2022\/01\/Altsaxophon-Pierret-Modele-14-9.jpg 683w, https:\/\/www.klangschmiede-kricke.ch\/wp-content\/uploads\/2022\/01\/Altsaxophon-Pierret-Modele-14-9-200x300.jpg 200w\" sizes=\"(max-width: 683px) 100vw, 683px\" \/><\/figure>\n\n\n\n<figure class=\"wp-block-image size-full\"><img loading=\"lazy\" width=\"1024\" height=\"683\" src=\"http:\/\/www.klangschmiede-kricke.ch\/wp-content\/uploads\/2022\/01\/Altsaxophon-Pierret-Modele-14-8.jpg\" alt=\"\" class=\"wp-image-1364\" srcset=\"https:\/\/www.klangschmiede-kricke.ch\/wp-content\/uploads\/2022\/01\/Altsaxophon-Pierret-Modele-14-8.jpg 1024w, https:\/\/www.klangschmiede-kricke.ch\/wp-content\/uploads\/2022\/01\/Altsaxophon-Pierret-Modele-14-8-300x200.jpg 300w, https:\/\/www.klangschmiede-kricke.ch\/wp-content\/uploads\/2022\/01\/Altsaxophon-Pierret-Modele-14-8-768x512.jpg 768w\" sizes=\"(max-width: 1024px) 100vw, 1024px\" \/><\/figure>\n\n\n\n<figure class=\"wp-block-image size-full\"><img loading=\"lazy\" width=\"1024\" height=\"683\" src=\"http:\/\/www.klangschmiede-kricke.ch\/wp-content\/uploads\/2022\/01\/Altsaxophon-Pierret-Modele-14-1.jpg\" alt=\"\" class=\"wp-image-1365\" srcset=\"https:\/\/www.klangschmiede-kricke.ch\/wp-content\/uploads\/2022\/01\/Altsaxophon-Pierret-Modele-14-1.jpg 1024w, https:\/\/www.klangschmiede-kricke.ch\/wp-content\/uploads\/2022\/01\/Altsaxophon-Pierret-Modele-14-1-300x200.jpg 300w, https:\/\/www.klangschmiede-kricke.ch\/wp-content\/uploads\/2022\/01\/Altsaxophon-Pierret-Modele-14-1-768x512.jpg 768w\" sizes=\"(max-width: 1024px) 100vw, 1024px\" \/><\/figure>\n\n\n\n<figure class=\"wp-block-image size-full\"><img loading=\"lazy\" width=\"1024\" height=\"683\" src=\"http:\/\/www.klangschmiede-kricke.ch\/wp-content\/uploads\/2022\/01\/Altsaxophon-Pierret-Modele-14-10.jpg\" alt=\"\" class=\"wp-image-1366\" srcset=\"https:\/\/www.klangschmiede-kricke.ch\/wp-content\/uploads\/2022\/01\/Altsaxophon-Pierret-Modele-14-10.jpg 1024w, https:\/\/www.klangschmiede-kricke.ch\/wp-content\/uploads\/2022\/01\/Altsaxophon-Pierret-Modele-14-10-300x200.jpg 300w, https:\/\/www.klangschmiede-kricke.ch\/wp-content\/uploads\/2022\/01\/Altsaxophon-Pierret-Modele-14-10-768x512.jpg 768w\" sizes=\"(max-width: 1024px) 100vw, 1024px\" \/><\/figure>\n\n\n\n<figure class=\"wp-block-image size-full\"><img loading=\"lazy\" width=\"1024\" height=\"683\" src=\"http:\/\/www.klangschmiede-kricke.ch\/wp-content\/uploads\/2022\/01\/Altsaxophon-Pierret-Modele-14-11.jpg\" alt=\"\" class=\"wp-image-1367\" srcset=\"https:\/\/www.klangschmiede-kricke.ch\/wp-content\/uploads\/2022\/01\/Altsaxophon-Pierret-Modele-14-11.jpg 1024w, https:\/\/www.klangschmiede-kricke.ch\/wp-content\/uploads\/2022\/01\/Altsaxophon-Pierret-Modele-14-11-300x200.jpg 300w, https:\/\/www.klangschmiede-kricke.ch\/wp-content\/uploads\/2022\/01\/Altsaxophon-Pierret-Modele-14-11-768x512.jpg 768w\" sizes=\"(max-width: 1024px) 100vw, 1024px\" \/><\/figure>\n\n\n\n<figure class=\"wp-block-image size-full\"><img loading=\"lazy\" width=\"1024\" height=\"683\" src=\"http:\/\/www.klangschmiede-kricke.ch\/wp-content\/uploads\/2022\/01\/Altsaxophon-Pierret-Modele-14-12.jpg\" alt=\"\" class=\"wp-image-1368\" srcset=\"https:\/\/www.klangschmiede-kricke.ch\/wp-content\/uploads\/2022\/01\/Altsaxophon-Pierret-Modele-14-12.jpg 1024w, https:\/\/www.klangschmiede-kricke.ch\/wp-content\/uploads\/2022\/01\/Altsaxophon-Pierret-Modele-14-12-300x200.jpg 300w, https:\/\/www.klangschmiede-kricke.ch\/wp-content\/uploads\/2022\/01\/Altsaxophon-Pierret-Modele-14-12-768x512.jpg 768w\" sizes=\"(max-width: 1024px) 100vw, 1024px\" \/><\/figure>\n\n\n\n<figure class=\"wp-block-image size-full\"><img loading=\"lazy\" width=\"1024\" height=\"683\" src=\"http:\/\/www.klangschmiede-kricke.ch\/wp-content\/uploads\/2022\/01\/Altsaxophon-Pierret-Modele-14-13.jpg\" alt=\"\" class=\"wp-image-1369\" srcset=\"https:\/\/www.klangschmiede-kricke.ch\/wp-content\/uploads\/2022\/01\/Altsaxophon-Pierret-Modele-14-13.jpg 1024w, https:\/\/www.klangschmiede-kricke.ch\/wp-content\/uploads\/2022\/01\/Altsaxophon-Pierret-Modele-14-13-300x200.jpg 300w, https:\/\/www.klangschmiede-kricke.ch\/wp-content\/uploads\/2022\/01\/Altsaxophon-Pierret-Modele-14-13-768x512.jpg 768w\" sizes=\"(max-width: 1024px) 100vw, 1024px\" \/><\/figure>\n\n\n\n<figure class=\"wp-block-image size-full\"><img loading=\"lazy\" width=\"1024\" height=\"683\" src=\"http:\/\/www.klangschmiede-kricke.ch\/wp-content\/uploads\/2022\/01\/Altsaxophon-Pierret-Modele-14-14.jpg\" alt=\"\" class=\"wp-image-1370\" srcset=\"https:\/\/www.klangschmiede-kricke.ch\/wp-content\/uploads\/2022\/01\/Altsaxophon-Pierret-Modele-14-14.jpg 1024w, https:\/\/www.klangschmiede-kricke.ch\/wp-content\/uploads\/2022\/01\/Altsaxophon-Pierret-Modele-14-14-300x200.jpg 300w, https:\/\/www.klangschmiede-kricke.ch\/wp-content\/uploads\/2022\/01\/Altsaxophon-Pierret-Modele-14-14-768x512.jpg 768w\" sizes=\"(max-width: 1024px) 100vw, 1024px\" \/><\/figure>\n\n\n\n<figure class=\"wp-block-image size-full\"><img loading=\"lazy\" width=\"1024\" height=\"683\" src=\"http:\/\/www.klangschmiede-kricke.ch\/wp-content\/uploads\/2022\/01\/Altsaxophon-Pierret-Modele-14-16.jpg\" alt=\"\" class=\"wp-image-1371\" srcset=\"https:\/\/www.klangschmiede-kricke.ch\/wp-content\/uploads\/2022\/01\/Altsaxophon-Pierret-Modele-14-16.jpg 1024w, https:\/\/www.klangschmiede-kricke.ch\/wp-content\/uploads\/2022\/01\/Altsaxophon-Pierret-Modele-14-16-300x200.jpg 300w, https:\/\/www.klangschmiede-kricke.ch\/wp-content\/uploads\/2022\/01\/Altsaxophon-Pierret-Modele-14-16-768x512.jpg 768w\" sizes=\"(max-width: 1024px) 100vw, 1024px\" \/><\/figure>\n\n\n\n<figure class=\"wp-block-image size-full\"><img loading=\"lazy\" width=\"1024\" height=\"683\" src=\"http:\/\/www.klangschmiede-kricke.ch\/wp-content\/uploads\/2022\/01\/Altsaxophon-Pierret-Modele-14-19.jpg\" alt=\"\" class=\"wp-image-1372\" srcset=\"https:\/\/www.klangschmiede-kricke.ch\/wp-content\/uploads\/2022\/01\/Altsaxophon-Pierret-Modele-14-19.jpg 1024w, https:\/\/www.klangschmiede-kricke.ch\/wp-content\/uploads\/2022\/01\/Altsaxophon-Pierret-Modele-14-19-300x200.jpg 300w, https:\/\/www.klangschmiede-kricke.ch\/wp-content\/uploads\/2022\/01\/Altsaxophon-Pierret-Modele-14-19-768x512.jpg 768w\" sizes=\"(max-width: 1024px) 100vw, 1024px\" \/><\/figure>\n\n\n\n<figure class=\"wp-block-image size-full\"><img loading=\"lazy\" width=\"1024\" height=\"683\" src=\"http:\/\/www.klangschmiede-kricke.ch\/wp-content\/uploads\/2022\/01\/Altsaxophon-Pierret-Modele-14-20.jpg\" alt=\"\" class=\"wp-image-1373\" srcset=\"https:\/\/www.klangschmiede-kricke.ch\/wp-content\/uploads\/2022\/01\/Altsaxophon-Pierret-Modele-14-20.jpg 1024w, https:\/\/www.klangschmiede-kricke.ch\/wp-content\/uploads\/2022\/01\/Altsaxophon-Pierret-Modele-14-20-300x200.jpg 300w, https:\/\/www.klangschmiede-kricke.ch\/wp-content\/uploads\/2022\/01\/Altsaxophon-Pierret-Modele-14-20-768x512.jpg 768w\" sizes=\"(max-width: 1024px) 100vw, 1024px\" \/><\/figure>\n\n\n\n<figure class=\"wp-block-image size-full\"><img loading=\"lazy\" width=\"1024\" height=\"683\" src=\"http:\/\/www.klangschmiede-kricke.ch\/wp-content\/uploads\/2022\/01\/Altsaxophon-Pierret-Modele-14-18.jpg\" alt=\"\" class=\"wp-image-1374\" srcset=\"https:\/\/www.klangschmiede-kricke.ch\/wp-content\/uploads\/2022\/01\/Altsaxophon-Pierret-Modele-14-18.jpg 1024w, https:\/\/www.klangschmiede-kricke.ch\/wp-content\/uploads\/2022\/01\/Altsaxophon-Pierret-Modele-14-18-300x200.jpg 300w, https:\/\/www.klangschmiede-kricke.ch\/wp-content\/uploads\/2022\/01\/Altsaxophon-Pierret-Modele-14-18-768x512.jpg 768w\" sizes=\"(max-width: 1024px) 100vw, 1024px\" \/><\/figure>\n\n\n\n<figure class=\"wp-block-image size-full\"><img loading=\"lazy\" width=\"1024\" height=\"683\" src=\"http:\/\/www.klangschmiede-kricke.ch\/wp-content\/uploads\/2022\/01\/Altsaxophon-Pierret-Modele-14-23.jpg\" alt=\"\" class=\"wp-image-1375\" srcset=\"https:\/\/www.klangschmiede-kricke.ch\/wp-content\/uploads\/2022\/01\/Altsaxophon-Pierret-Modele-14-23.jpg 1024w, https:\/\/www.klangschmiede-kricke.ch\/wp-content\/uploads\/2022\/01\/Altsaxophon-Pierret-Modele-14-23-300x200.jpg 300w, https:\/\/www.klangschmiede-kricke.ch\/wp-content\/uploads\/2022\/01\/Altsaxophon-Pierret-Modele-14-23-768x512.jpg 768w\" sizes=\"(max-width: 1024px) 100vw, 1024px\" \/><\/figure>\n\n\n\n<figure class=\"wp-block-image size-large\"><img loading=\"lazy\" width=\"768\" height=\"1024\" src=\"http:\/\/www.klangschmiede-kricke.ch\/wp-content\/uploads\/2022\/01\/Altsaxophon-Pierret-Modele-14-25-768x1024.jpg\" alt=\"\" class=\"wp-image-1379\" srcset=\"https:\/\/www.klangschmiede-kricke.ch\/wp-content\/uploads\/2022\/01\/Altsaxophon-Pierret-Modele-14-25-768x1024.jpg 768w, https:\/\/www.klangschmiede-kricke.ch\/wp-content\/uploads\/2022\/01\/Altsaxophon-Pierret-Modele-14-25-225x300.jpg 225w, https:\/\/www.klangschmiede-kricke.ch\/wp-content\/uploads\/2022\/01\/Altsaxophon-Pierret-Modele-14-25-640x853.jpg 640w, https:\/\/www.klangschmiede-kricke.ch\/wp-content\/uploads\/2022\/01\/Altsaxophon-Pierret-Modele-14-25.jpg 1152w\" sizes=\"(max-width: 768px) 100vw, 768px\" \/><\/figure>\n\n\n\n<p>In diesem Fall kann man wirklich von einer Rarit\u00e4t, einem Unikat oder einer Spezialanfertigung sprechen!<br>Bei mir sind bislang nur die Modelle &#171;Standard&#187;, &#171;Mod\u00e8le 7&#187;, &#171;Super Artist&#187; und &#171;Competition&#187; auf der Werkbank gelegen und auch im Internet oder in meinen B\u00fcchern habe ich nichts zu dieser Modellbezeichnung gefunden.<br>Am meisten \u00e4hnelt es dem &#171;Mod\u00e8le 6 und 7&#187; und das Baujahr w\u00fcrde ich wegen der Lagerung der Bechermechanik (links) und der Seriennummer (12091) auf Ende 30er sch\u00e4tzen.<br>Besonders ist, dass es kein &#171;Seiten Fis&#187; hat, worauf ich pers\u00f6nlich gut verzichten kann. Den fehlenden &#171;Gabel-F-Dr\u00fccker&#187; habe ich durch eine moderne Mechanik erg\u00e4nzt und man hat nun die M\u00f6glichkeit leicht in den Flageolett-Bereich hoch zu spielen.<br>Die Versilberung auf Korpus (aussen und innen) und Mechanik ist extrem stark und es gibt quasi keinen Abrieb. <br>Ansonsten habe ich mich auch hier m\u00e4chtig ins Zeug gelegt und alle erdenkbaren, kleinsten Einzelteile und Schr\u00e4ubchen aufgewertet\/gebl\u00e4ut oder ersetzt.<br>Das Saxophon ist mit meinen eigenen, ein-\/ausschraubbaren Resonatoren ausgestattet und auch die abgegriffenen Perlmutt-Einlagen habe ich durch selbst hergestellte Inlays erneuert. Das Teil liegt jetzt richtig gut in den Fingern und geht los wie die anderen Franzosen in meinen Angeboten.<br>Mit dabei ist ein gratis Check im ersten halben Jahr. <\/p>\n\n\n\n<p class=\"has-text-align-right\"><em>Preis auf Anfrage<\/em><\/p>\n","protected":false},"excerpt":{"rendered":"<p>In diesem Fall kann man wirklich von einer Rarit\u00e4t, einem Unikat oder einer Spezialanfertigung sprechen!Bei mir sind bislang nur die Modelle &#171;Standard&#187;, &#171;Mod\u00e8le 7&#187;, &#171;Super Artist&#187; und &#171;Competition&#187; auf der<\/p>\n<p class=\"more-link\"><a href=\"https:\/\/www.klangschmiede-kricke.ch\/index.php\/altsaxophon-pierret-modele-n14-2\/\" class=\"readmore\">Continue reading&#8230;<span class=\"screen-reader-text\">Altsaxophon Pierret \u00abMod\u00e8le N\u00b014\u00bb<\/span><\/a><\/p>\n","protected":false},"author":1,"featured_media":0,"parent":0,"menu_order":0,"comment_status":"closed","ping_status":"closed","template":"","meta":[],"_links":{"self":[{"href":"https:\/\/www.klangschmiede-kricke.ch\/index.php\/wp-json\/wp\/v2\/pages\/914"}],"collection":[{"href":"https:\/\/www.klangschmiede-kricke.ch\/index.php\/wp-json\/wp\/v2\/pages"}],"about":[{"href":"https:\/\/www.klangschmiede-kricke.ch\/index.php\/wp-json\/wp\/v2\/types\/page"}],"author":[{"embeddable":true,"href":"https:\/\/www.klangschmiede-kricke.ch\/index.php\/wp-json\/wp\/v2\/users\/1"}],"replies":[{"embeddable":true,"href":"https:\/\/www.klangschmiede-kricke.ch\/index.php\/wp-json\/wp\/v2\/comments?post=914"}],"version-history":[{"count":29,"href":"https:\/\/www.klangschmiede-kricke.ch\/index.php\/wp-json\/wp\/v2\/pages\/914\/revisions"}],"predecessor-version":[{"id":2715,"href":"https:\/\/www.klangschmiede-kricke.ch\/index.php\/wp-json\/wp\/v2\/pages\/914\/revisions\/2715"}],"wp:attachment":[{"href":"https:\/\/www.klangschmiede-kricke.ch\/index.php\/wp-json\/wp\/v2\/media?parent=914"}],"curies":[{"name":"wp","href":"https:\/\/api.w.org\/{rel}","templated":true}]}}