{"id":90,"date":"2019-12-31T15:52:05","date_gmt":"2019-12-31T15:52:05","guid":{"rendered":"http:\/\/www.klangschmiede-kricke.ch\/?page_id=90"},"modified":"2024-04-16T08:45:27","modified_gmt":"2024-04-16T08:45:27","slug":"referenzen","status":"publish","type":"page","link":"https:\/\/www.klangschmiede-kricke.ch\/index.php\/referenzen\/","title":{"rendered":"G\u00e4stebuch"},"content":{"rendered":"\n<p><em>Ich bringe all meine Instrumente, wie meine Konzert-Klarinette von Herbert Wurlitzer oder ein Bassetthorn der Firma Uebel in die Klangschmiede Kricke zu General\u00fcberholungen und Nachjustierungen.<br>Ich bin seit Anfang an sehr froh um Bj\u00f6rns Werkstatt in Chur, vertraue auf seine Arbeit und kann ihn bestens weiter empfehlen!<\/em><\/p>\n\n\n\n<p>Ren\u00e9 Oswald, Internationaler Konzertklarinettist<br><a href=\"http:\/\/www.rene-oswald.ch\/index.htm\">Startseite (rene-oswald.ch)<\/a><\/p>\n\n\n\n<p><br><br><em>Lieber Bj\u00f6rn<br>Habe an Ostern das erste Mal mit dem Fl\u00fcgelhorn in der Kirche gespielt und war v\u00f6llig begeistert. Es macht mega Freude und der Klang f\u00fcllte den Raum so toll. Die Leute waren begeistert!<\/em><\/p>\n\n\n\n<p>Alex Zillig, Fl\u00fcgelhorn<\/p>\n\n\n\n<p><br><br><em>Bei Bj\u00f6rn trifft K\u00f6nnen auf Engagement, Erfahrung auf Neugierde, Tradition auf Innovation &#8211; der Besuch in seiner Werkstatt macht einfach Freude!<\/em><\/p>\n\n\n\n<p>Markus Gsell, Saxophonist, (Bass-\/Kontrabass-) Klarinettist<br><a rel=\"noreferrer noopener\" href=\"https:\/\/deref-gmx.net\/mail\/client\/BoagWH1ak54\/dereferrer\/?redirectUrl=http%3A%2F%2Fwww.unitrecords.com%2Fartists%2Fmarkus-gsell%2F\" target=\"_blank\">http:\/\/www.unitrecords.com\/artists\/markus-gsell\/<\/a><\/p>\n\n\n\n<p><\/p>\n\n\n\n<p><br><em>Bj\u00f6rn hat mein \u00fcber 90-j\u00e4hriges Martin-Bari in \u00e4usserst \u00fcberzeugender, sorgf\u00e4ltiger Handarbeit und mit viel Herzblut komplett revidiert und dank neuen Resonatoren den Klangcharakter auf ein neues Level gehoben. Ich bin absolut begeistert vom Resultat und sofortiger Stammkunde geworden.<\/em><\/p>\n\n\n\n<p>Selim Kazaz, Baritonsaxophonist<br>Matt St\u00e4mpfli Big Band&nbsp;<a rel=\"noreferrer noopener\" href=\"https:\/\/deref-gmx.net\/mail\/client\/HvboP7qi__4\/dereferrer\/?redirectUrl=https%3A%2F%2Fmattentertainment.ch%2F\" target=\"_blank\">https:\/\/mattentertainment.ch\/<\/a><\/p>\n\n\n\n<p><br><br><em>Seit gut zwei Wochen bin ich stolzer Besitzer eines von Bj\u00f6rn tadellos \u2013 und mit viel Hingabe \u2013 komplett revidierten Buescher Altsaxofons aus den 40-er Jahren.&nbsp;Der Charme des Ateliers (inmitten der Churer Altstadt) und Bj\u00f6rns handwerkliches Geschick bilden meiner Meinung nach beste Vorraussetzungen, um solch charakterstarke Instrumente herzurichten.<\/em><br><br>Linus Amstad, Saxophonist<br><a rel=\"noreferrer noopener\" href=\"http:\/\/www.woodoism.ch\/\" target=\"_blank\">www.woodoism.ch<\/a> <\/p>\n\n\n\n<p><\/p>\n\n\n\n<p><br><em>Absolut \u00fcberzeugendes Handwerk und super Beratung: <br>Bei Bj\u00f6rn ist meine bald 100-j\u00e4hrigeTenor-Sax-Legende in bew\u00e4hrten H\u00e4nden. Der Besuch in seiner sympathischen Churer Klangschmiede lohnt sich f\u00fcr mich &#8211;<br>auch von Z\u00fcrich aus<\/em>.<\/p>\n\n\n\n<p>Christoph Lienhard, Saxophonist<br><a href=\"https:\/\/www.nonsequence.ch\/\">Saxophonquartett Nonsequence<\/a><\/p>\n\n\n\n<p><\/p>\n\n\n\n<p><br><em>Per revisioni e riparature ci affidiamo volentieri alla competenza ed affidabilit\u00e0 del signor Kricke. Non importa se per legni o ottoni, un servizio celere e prezzi accessibili sono di casa nell&#8217;atelier all&#8217;Obere Gasse di Coira.<\/em><br><br>Mattia Agnelli, Pr\u00e4sident Armonia Elvetica Mesocco<br><a href=\"https:\/\/www.facebook.com\/armoniaelvetica\">(3) Armonia Elvetica Mesocco | Facebook<\/a><\/p>\n\n\n\n<p><\/p>\n\n\n\n<p><em>Ringrazio Bj\u00f6rn per la nuova superficie in corno ai pistoni, un servizio eccellente e risultato unico nel suo genere.<\/em><br><br>Mattia Agnelli, Euphonist<br><br><br><br>&#171;Ich flippe fast aus, der Sound hat so viel Gef\u00fchl!&#187;<br><em>Die Aussage von Bettina, die als Erste ein Altsaxophon (Couesnon &#171;Monopole&#187;) mit eigens angefertigten Resonatoren auf den Polstern ausprobiert und gekauft hat.<br>Ihr anderes Alto Selmer &#171;M6&#187; wird nun zum Zweitinstrument.<br>Ganz herzlichen Dank f\u00fcr deine Unterst\u00fctzung und das Vertrauen in meine Werkstatt und Arbeit!<\/em><\/p>\n\n\n\n<p>Bettina Gysin-Leutenegger, Saxophonistin<br><a href=\"http:\/\/www.old-style-bigband.ch\/\">www.old-style-bigband.ch<\/a><br><\/p>\n\n\n\n<p><br><em>mini schwarzwurzla h\u00e4t a revision n\u00f6tig kah. tolli arbet vur klangschmiede bim Bj\u00f6rn Kricke in chur . mini klarinet und saxophon g\u00f6hn nu zu ihm. so machts freud zum ds instrument ind fingera ds neh. danka<\/em><\/p>\n\n\n\n<p>Patrick Hermann, Klarinettist<br><a href=\"https:\/\/laendlertrio-hermann.jimdosite.com\/\">Home | L\u00e4ndlertrio Hermann (jimdosite.com)<\/a><\/p>\n\n\n\n<p><br><br><em>Ich habe ein neuwertiges Klarinett gesucht, das mich mechanisch und klanglich \u00fcberzeugen kann.&nbsp;Bei Bj\u00f6rn Kricke in Chur habe ich sie gefunden, die&nbsp; prof. B-Klarinette Buffet Festival Greenline&nbsp;mit Es Heber,&nbsp;fachm\u00e4nnisch restauriert und eingestellt.&nbsp;Ich kann diese Werkstatt in Chur sehr empfehlen.<\/em><\/p>\n\n\n\n<p>Erich Eggimann, Klarinettist, Saxophonist<br><a href=\"https:\/\/mondayjazzband.wixsite.com\/jazz\">www.mondayjazzband.wixsite.com\/jazz<\/a><br><br><br><br><em>Ich habe ein totalrevidiertes Sopransaxophon der Marke Pierret bei Bj\u00f6rn in der Klangschmiede gekauft. Ein Spitzeninstrument. Vor allem mit den neuentwickelten Neusilber-Resonatoren von Bj\u00f6rn. Das Instrument spricht mit einer solchen Leichtigkeit an \u2026einfach super. Kann ich nur empfehlen.<\/em><\/p>\n\n\n\n<p>Urs Br\u00fchlmann, Volksmusiker,&nbsp;Klarinettist, Saxophonist und Komponist<br><a href=\"http:\/\/www.kapelleursbruehlmann.ch\/\">www.kapelleursbruehlmann.ch<\/a><br><br><br><br><em>Bj\u00f6rn Kricke revidiert jeweils unsere Holzblasinstrumente und wir sind sehr zufrieden mit seiner Arbeit.&nbsp;<br>Die Instrumente f\u00fchlen sich danach an wie neu!&nbsp;Als Musikgesellschaft sind wir froh, auf einen solch kompetenten Mann z\u00e4hlen zu k\u00f6nnen.<\/em><\/p>\n\n\n\n<p>Luzi und Eva Engler, L\u00e4ndlerkapelle Engler<br><a rel=\"noreferrer noopener\" aria-label=\" (\u00f6ffnet in einem neuem Tab)\" href=\"https:\/\/www.lenglers.ch\" target=\"_blank\">www.lenglers.ch<\/a><br><br><br><br><em>Toll, dass es in Chur einen Fachmann gibt, dem ich meine Bassklarinette anvertrauen kann!<\/em><br><br>Marc Lardon, Bassklarinettist<br><a rel=\"noreferrer noopener\" aria-label=\" (\u00f6ffnet in einem neuem Tab)\" href=\"https:\/\/www.marclardon.rocks\" target=\"_blank\">www.marclardon.rocks<\/a><br><br><br><br><em>Endlich gibt es in Chur wieder einen Spezialisten f\u00fcr Blasinstrumente! Habe gleich alle meine \u00fcber 40 j\u00e4hrigen Saxophone und Querfl\u00f6ten zur General\u00fcberholung herangeschleift und dank der genialen und sorgf\u00e4ltigen Arbeit von Bj\u00f6rn erstrahlen sie in neuem Glanz!<\/em> <br>&#171;Quietscht die Tr\u00f6te nur noch schr\u00e4g, der Kricke kl\u00f6pft sie wieder zw\u00e4g!&#187;<\/p>\n\n\n\n<p>Mario Giovanoli, Multi-Instrumentalist und Komponist<br><a href=\"http:\/\/www.mcjoe.ch\">www.mcjoe.ch<\/a><\/p>\n","protected":false},"excerpt":{"rendered":"<p>Ich bringe all meine Instrumente, wie meine Konzert-Klarinette von Herbert Wurlitzer oder ein Bassetthorn der Firma Uebel in die Klangschmiede Kricke zu General\u00fcberholungen und Nachjustierungen.Ich bin seit Anfang an sehr<\/p>\n<p class=\"more-link\"><a href=\"https:\/\/www.klangschmiede-kricke.ch\/index.php\/referenzen\/\" class=\"readmore\">Continue reading&#8230;<span class=\"screen-reader-text\">G\u00e4stebuch<\/span><\/a><\/p>\n","protected":false},"author":1,"featured_media":0,"parent":0,"menu_order":0,"comment_status":"closed","ping_status":"closed","template":"","meta":[],"_links":{"self":[{"href":"https:\/\/www.klangschmiede-kricke.ch\/index.php\/wp-json\/wp\/v2\/pages\/90"}],"collection":[{"href":"https:\/\/www.klangschmiede-kricke.ch\/index.php\/wp-json\/wp\/v2\/pages"}],"about":[{"href":"https:\/\/www.klangschmiede-kricke.ch\/index.php\/wp-json\/wp\/v2\/types\/page"}],"author":[{"embeddable":true,"href":"https:\/\/www.klangschmiede-kricke.ch\/index.php\/wp-json\/wp\/v2\/users\/1"}],"replies":[{"embeddable":true,"href":"https:\/\/www.klangschmiede-kricke.ch\/index.php\/wp-json\/wp\/v2\/comments?post=90"}],"version-history":[{"count":56,"href":"https:\/\/www.klangschmiede-kricke.ch\/index.php\/wp-json\/wp\/v2\/pages\/90\/revisions"}],"predecessor-version":[{"id":2923,"href":"https:\/\/www.klangschmiede-kricke.ch\/index.php\/wp-json\/wp\/v2\/pages\/90\/revisions\/2923"}],"wp:attachment":[{"href":"https:\/\/www.klangschmiede-kricke.ch\/index.php\/wp-json\/wp\/v2\/media?parent=90"}],"curies":[{"name":"wp","href":"https:\/\/api.w.org\/{rel}","templated":true}]}}