{"id":87,"date":"2019-12-31T15:51:02","date_gmt":"2019-12-31T15:51:02","guid":{"rendered":"http:\/\/www.klangschmiede-kricke.ch\/?page_id=87"},"modified":"2025-10-26T10:07:20","modified_gmt":"2025-10-26T10:07:20","slug":"impressum","status":"publish","type":"page","link":"https:\/\/www.klangschmiede-kricke.ch\/index.php\/impressum\/","title":{"rendered":"Impressum"},"content":{"rendered":"\n<p>Klangschmiede Kricke<br>c\/o Raumstelle<br>S\u00e4genstrasse 78<br>7000 Chur<\/p>\n\n\n\n<p>Bj\u00f6rn Kricke<br><a href=\"mailto:resonant@gmx.ch\">resonant@gmx.ch<\/a><br>Tel.: 078 604 11 78<\/p>\n\n\n\n<h3>\u00d6FFNUNGSZEITEN<\/h3>\n\n\n\n<p>Mittwoch bis Samstag, 9\u201417 Uhr<\/p>\n\n\n\n<p>INHABER: Bj\u00f6rn Kricke<\/p>\n\n\n\n<p>Herzlichen Dank f\u00fcr die Gestaltung dieser Seite an:<br>Fotografie:&nbsp;<a href=\"https:\/\/www.ftgrf.de\" target=\"_blank\" rel=\"noreferrer noopener\" aria-label=\" (\u00f6ffnet in einem neuem Tab)\">Gordon K\u00f6lmel,<\/a>&nbsp;Stuttgart<br><\/p>\n","protected":false},"excerpt":{"rendered":"<p>Klangschmiede Krickec\/o RaumstelleS\u00e4genstrasse 787000 Chur Bj\u00f6rn Krickeresonant@gmx.chTel.: 078 604 11 78 \u00d6FFNUNGSZEITEN Mittwoch bis Samstag, 9\u201417 Uhr INHABER: Bj\u00f6rn Kricke Herzlichen Dank f\u00fcr die Gestaltung dieser Seite an:Fotografie:&nbsp;Gordon K\u00f6lmel,&nbsp;Stuttgart<\/p>\n","protected":false},"author":1,"featured_media":0,"parent":0,"menu_order":0,"comment_status":"closed","ping_status":"closed","template":"","meta":[],"_links":{"self":[{"href":"https:\/\/www.klangschmiede-kricke.ch\/index.php\/wp-json\/wp\/v2\/pages\/87"}],"collection":[{"href":"https:\/\/www.klangschmiede-kricke.ch\/index.php\/wp-json\/wp\/v2\/pages"}],"about":[{"href":"https:\/\/www.klangschmiede-kricke.ch\/index.php\/wp-json\/wp\/v2\/types\/page"}],"author":[{"embeddable":true,"href":"https:\/\/www.klangschmiede-kricke.ch\/index.php\/wp-json\/wp\/v2\/users\/1"}],"replies":[{"embeddable":true,"href":"https:\/\/www.klangschmiede-kricke.ch\/index.php\/wp-json\/wp\/v2\/comments?post=87"}],"version-history":[{"count":8,"href":"https:\/\/www.klangschmiede-kricke.ch\/index.php\/wp-json\/wp\/v2\/pages\/87\/revisions"}],"predecessor-version":[{"id":3287,"href":"https:\/\/www.klangschmiede-kricke.ch\/index.php\/wp-json\/wp\/v2\/pages\/87\/revisions\/3287"}],"wp:attachment":[{"href":"https:\/\/www.klangschmiede-kricke.ch\/index.php\/wp-json\/wp\/v2\/media?parent=87"}],"curies":[{"name":"wp","href":"https:\/\/api.w.org\/{rel}","templated":true}]}}