{"id":83,"date":"2019-12-31T15:49:47","date_gmt":"2019-12-31T15:49:47","guid":{"rendered":"http:\/\/www.klangschmiede-kricke.ch\/?page_id=83"},"modified":"2020-12-19T11:25:31","modified_gmt":"2020-12-19T11:25:31","slug":"mundstuecke","status":"publish","type":"page","link":"https:\/\/www.klangschmiede-kricke.ch\/index.php\/mundstuecke\/","title":{"rendered":"Mundst\u00fccke"},"content":{"rendered":"\n<p>Als Tongenerator ist das Mundst\u00fcck mit das Wichtigste am Instrument! Hier finden sie interessante Mundst\u00fccke, die in einem tadellosen Zustand sind, zudem gereinigt und aufpoliert. Die Klarinetten-Mundst\u00fccke sind alle mit einem neuem Kork versehen. <\/p>\n","protected":false},"excerpt":{"rendered":"<p>Als Tongenerator ist das Mundst\u00fcck mit das Wichtigste am Instrument! Hier finden sie interessante Mundst\u00fccke, die in einem tadellosen Zustand sind, zudem gereinigt und aufpoliert. Die Klarinetten-Mundst\u00fccke sind alle mit<\/p>\n<p class=\"more-link\"><a href=\"https:\/\/www.klangschmiede-kricke.ch\/index.php\/mundstuecke\/\" class=\"readmore\">Continue reading&#8230;<span class=\"screen-reader-text\">Mundst\u00fccke<\/span><\/a><\/p>\n","protected":false},"author":1,"featured_media":0,"parent":0,"menu_order":0,"comment_status":"closed","ping_status":"closed","template":"","meta":[],"_links":{"self":[{"href":"https:\/\/www.klangschmiede-kricke.ch\/index.php\/wp-json\/wp\/v2\/pages\/83"}],"collection":[{"href":"https:\/\/www.klangschmiede-kricke.ch\/index.php\/wp-json\/wp\/v2\/pages"}],"about":[{"href":"https:\/\/www.klangschmiede-kricke.ch\/index.php\/wp-json\/wp\/v2\/types\/page"}],"author":[{"embeddable":true,"href":"https:\/\/www.klangschmiede-kricke.ch\/index.php\/wp-json\/wp\/v2\/users\/1"}],"replies":[{"embeddable":true,"href":"https:\/\/www.klangschmiede-kricke.ch\/index.php\/wp-json\/wp\/v2\/comments?post=83"}],"version-history":[{"count":2,"href":"https:\/\/www.klangschmiede-kricke.ch\/index.php\/wp-json\/wp\/v2\/pages\/83\/revisions"}],"predecessor-version":[{"id":488,"href":"https:\/\/www.klangschmiede-kricke.ch\/index.php\/wp-json\/wp\/v2\/pages\/83\/revisions\/488"}],"wp:attachment":[{"href":"https:\/\/www.klangschmiede-kricke.ch\/index.php\/wp-json\/wp\/v2\/media?parent=83"}],"curies":[{"name":"wp","href":"https:\/\/api.w.org\/{rel}","templated":true}]}}