{"id":65,"date":"2019-12-31T15:39:28","date_gmt":"2019-12-31T15:39:28","guid":{"rendered":"http:\/\/www.klangschmiede-kricke.ch\/?page_id=65"},"modified":"2025-01-19T06:32:15","modified_gmt":"2025-01-19T06:32:15","slug":"werkstatt","status":"publish","type":"page","link":"https:\/\/www.klangschmiede-kricke.ch\/index.php\/werkstatt\/","title":{"rendered":"Werkstatt"},"content":{"rendered":"\n<p>Die Werkstatt befindet sich unter einem Dach mit der Raumstelle, Kulturraumnetzwerk Chur&nbsp;in der S\u00e4genstrasse 78.  <br>Nebst meinen Reparatur-Leistungen und Occasions-Angeboten, haben Sie die M\u00f6glichkeit neue Instrumente und Zubeh\u00f6r zu kaufen. Es stehen auch Mietinstrumente zur Verf\u00fcgung.<br>Wer beabsichtigt ein neues Instrument von Herstellern wie Selmer, Sankyo, Miyazawa\u2026zu kaufen, kann sich gerne mit mir direkt in Verbindung setzen. Es besteht die M\u00f6glichkeit professionelle Instrumente kommen zu lassen, doch gehen dir hier nur nach ordentlicher Eingangskontrolle und Garantieleistung vom Fachmann \u00fcber den Tisch.<br><\/p>\n\n\n\n<h3>\u00d6FFNUNGSZEITEN<\/h3>\n\n\n\n<p>Montag bis Freitag, 10-17 Uhr<br>Samstag, 9-17 Uhr<br>Termine gern nach telefonischer Vereinbarung<br><\/p>\n\n\n\n<figure class=\"wp-block-gallery columns-1 is-cropped\"><ul class=\"blocks-gallery-grid\"><li class=\"blocks-gallery-item\"><figure><img loading=\"lazy\" width=\"1024\" height=\"683\" src=\"http:\/\/www.klangschmiede-kricke.ch\/wp-content\/uploads\/2020\/01\/KSK-1140-1024x683.jpg\" alt=\"\" data-id=\"130\" data-full-url=\"http:\/\/www.klangschmiede-kricke.ch\/wp-content\/uploads\/2020\/01\/KSK-1140.jpg\" data-link=\"http:\/\/www.klangschmiede-kricke.ch\/index.php\/werkstatt\/ksk-1140\/\" class=\"wp-image-130\" srcset=\"https:\/\/www.klangschmiede-kricke.ch\/wp-content\/uploads\/2020\/01\/KSK-1140-1024x683.jpg 1024w, https:\/\/www.klangschmiede-kricke.ch\/wp-content\/uploads\/2020\/01\/KSK-1140-300x200.jpg 300w, https:\/\/www.klangschmiede-kricke.ch\/wp-content\/uploads\/2020\/01\/KSK-1140-768x512.jpg 768w, https:\/\/www.klangschmiede-kricke.ch\/wp-content\/uploads\/2020\/01\/KSK-1140-1536x1024.jpg 1536w, https:\/\/www.klangschmiede-kricke.ch\/wp-content\/uploads\/2020\/01\/KSK-1140-2048x1365.jpg 2048w\" sizes=\"(max-width: 1024px) 100vw, 1024px\" \/><\/figure><\/li><\/ul><\/figure>\n\n\n\n<p><\/p>\n","protected":false},"excerpt":{"rendered":"<p>Die Werkstatt befindet sich unter einem Dach mit der Raumstelle, Kulturraumnetzwerk Chur&nbsp;in der S\u00e4genstrasse 78. Nebst meinen Reparatur-Leistungen und Occasions-Angeboten, haben Sie die M\u00f6glichkeit neue Instrumente und Zubeh\u00f6r zu kaufen.<\/p>\n<p class=\"more-link\"><a href=\"https:\/\/www.klangschmiede-kricke.ch\/index.php\/werkstatt\/\" class=\"readmore\">Continue reading&#8230;<span class=\"screen-reader-text\">Werkstatt<\/span><\/a><\/p>\n","protected":false},"author":1,"featured_media":0,"parent":0,"menu_order":0,"comment_status":"closed","ping_status":"closed","template":"","meta":[],"_links":{"self":[{"href":"https:\/\/www.klangschmiede-kricke.ch\/index.php\/wp-json\/wp\/v2\/pages\/65"}],"collection":[{"href":"https:\/\/www.klangschmiede-kricke.ch\/index.php\/wp-json\/wp\/v2\/pages"}],"about":[{"href":"https:\/\/www.klangschmiede-kricke.ch\/index.php\/wp-json\/wp\/v2\/types\/page"}],"author":[{"embeddable":true,"href":"https:\/\/www.klangschmiede-kricke.ch\/index.php\/wp-json\/wp\/v2\/users\/1"}],"replies":[{"embeddable":true,"href":"https:\/\/www.klangschmiede-kricke.ch\/index.php\/wp-json\/wp\/v2\/comments?post=65"}],"version-history":[{"count":13,"href":"https:\/\/www.klangschmiede-kricke.ch\/index.php\/wp-json\/wp\/v2\/pages\/65\/revisions"}],"predecessor-version":[{"id":3175,"href":"https:\/\/www.klangschmiede-kricke.ch\/index.php\/wp-json\/wp\/v2\/pages\/65\/revisions\/3175"}],"wp:attachment":[{"href":"https:\/\/www.klangschmiede-kricke.ch\/index.php\/wp-json\/wp\/v2\/media?parent=65"}],"curies":[{"name":"wp","href":"https:\/\/api.w.org\/{rel}","templated":true}]}}