{"id":3259,"date":"2025-07-28T05:32:13","date_gmt":"2025-07-28T05:32:13","guid":{"rendered":"http:\/\/www.klangschmiede-kricke.ch\/?page_id=3259"},"modified":"2025-07-28T05:32:13","modified_gmt":"2025-07-28T05:32:13","slug":"altsaxophon-buescher-400-thc","status":"publish","type":"page","link":"https:\/\/www.klangschmiede-kricke.ch\/index.php\/altsaxophon-buescher-400-thc\/","title":{"rendered":"Altsaxophon Buescher &#171;400 THC&#187;"},"content":{"rendered":"\n<figure class=\"wp-block-image size-large\"><img loading=\"lazy\" width=\"683\" height=\"1024\" src=\"http:\/\/www.klangschmiede-kricke.ch\/wp-content\/uploads\/2025\/07\/Altsaxophon-Buescher-400-THC-1-683x1024.jpg\" alt=\"\" class=\"wp-image-3260\" srcset=\"https:\/\/www.klangschmiede-kricke.ch\/wp-content\/uploads\/2025\/07\/Altsaxophon-Buescher-400-THC-1-683x1024.jpg 683w, https:\/\/www.klangschmiede-kricke.ch\/wp-content\/uploads\/2025\/07\/Altsaxophon-Buescher-400-THC-1-200x300.jpg 200w, https:\/\/www.klangschmiede-kricke.ch\/wp-content\/uploads\/2025\/07\/Altsaxophon-Buescher-400-THC-1-768x1152.jpg 768w, https:\/\/www.klangschmiede-kricke.ch\/wp-content\/uploads\/2025\/07\/Altsaxophon-Buescher-400-THC-1-1024x1536.jpg 1024w, https:\/\/www.klangschmiede-kricke.ch\/wp-content\/uploads\/2025\/07\/Altsaxophon-Buescher-400-THC-1-1365x2048.jpg 1365w, https:\/\/www.klangschmiede-kricke.ch\/wp-content\/uploads\/2025\/07\/Altsaxophon-Buescher-400-THC-1-scaled.jpg 1707w\" sizes=\"(max-width: 683px) 100vw, 683px\" \/><\/figure>\n\n\n\n<figure class=\"wp-block-image size-large\"><img loading=\"lazy\" width=\"1024\" height=\"683\" src=\"http:\/\/www.klangschmiede-kricke.ch\/wp-content\/uploads\/2025\/07\/Altsaxophon-Buescher-400-THC-2-1024x683.jpg\" alt=\"\" class=\"wp-image-3261\" srcset=\"https:\/\/www.klangschmiede-kricke.ch\/wp-content\/uploads\/2025\/07\/Altsaxophon-Buescher-400-THC-2-1024x683.jpg 1024w, https:\/\/www.klangschmiede-kricke.ch\/wp-content\/uploads\/2025\/07\/Altsaxophon-Buescher-400-THC-2-300x200.jpg 300w, https:\/\/www.klangschmiede-kricke.ch\/wp-content\/uploads\/2025\/07\/Altsaxophon-Buescher-400-THC-2-768x512.jpg 768w, https:\/\/www.klangschmiede-kricke.ch\/wp-content\/uploads\/2025\/07\/Altsaxophon-Buescher-400-THC-2-1536x1024.jpg 1536w, https:\/\/www.klangschmiede-kricke.ch\/wp-content\/uploads\/2025\/07\/Altsaxophon-Buescher-400-THC-2-2048x1365.jpg 2048w\" sizes=\"(max-width: 1024px) 100vw, 1024px\" \/><\/figure>\n\n\n\n<figure class=\"wp-block-image size-large\"><img loading=\"lazy\" width=\"1024\" height=\"683\" src=\"http:\/\/www.klangschmiede-kricke.ch\/wp-content\/uploads\/2025\/07\/Altsaxophon-Buescher-400-THC-3-1024x683.jpg\" alt=\"\" class=\"wp-image-3262\" srcset=\"https:\/\/www.klangschmiede-kricke.ch\/wp-content\/uploads\/2025\/07\/Altsaxophon-Buescher-400-THC-3-1024x683.jpg 1024w, https:\/\/www.klangschmiede-kricke.ch\/wp-content\/uploads\/2025\/07\/Altsaxophon-Buescher-400-THC-3-300x200.jpg 300w, https:\/\/www.klangschmiede-kricke.ch\/wp-content\/uploads\/2025\/07\/Altsaxophon-Buescher-400-THC-3-768x512.jpg 768w, https:\/\/www.klangschmiede-kricke.ch\/wp-content\/uploads\/2025\/07\/Altsaxophon-Buescher-400-THC-3-1536x1024.jpg 1536w, https:\/\/www.klangschmiede-kricke.ch\/wp-content\/uploads\/2025\/07\/Altsaxophon-Buescher-400-THC-3-2048x1365.jpg 2048w\" sizes=\"(max-width: 1024px) 100vw, 1024px\" \/><\/figure>\n\n\n\n<figure class=\"wp-block-image size-large\"><img loading=\"lazy\" width=\"1024\" height=\"683\" src=\"http:\/\/www.klangschmiede-kricke.ch\/wp-content\/uploads\/2025\/07\/Altsaxophon-Buescher-400-THC-4-1024x683.jpg\" alt=\"\" class=\"wp-image-3263\" srcset=\"https:\/\/www.klangschmiede-kricke.ch\/wp-content\/uploads\/2025\/07\/Altsaxophon-Buescher-400-THC-4-1024x683.jpg 1024w, https:\/\/www.klangschmiede-kricke.ch\/wp-content\/uploads\/2025\/07\/Altsaxophon-Buescher-400-THC-4-300x200.jpg 300w, https:\/\/www.klangschmiede-kricke.ch\/wp-content\/uploads\/2025\/07\/Altsaxophon-Buescher-400-THC-4-768x512.jpg 768w, https:\/\/www.klangschmiede-kricke.ch\/wp-content\/uploads\/2025\/07\/Altsaxophon-Buescher-400-THC-4-1536x1024.jpg 1536w, https:\/\/www.klangschmiede-kricke.ch\/wp-content\/uploads\/2025\/07\/Altsaxophon-Buescher-400-THC-4-2048x1365.jpg 2048w\" sizes=\"(max-width: 1024px) 100vw, 1024px\" \/><\/figure>\n\n\n\n<figure class=\"wp-block-image size-large\"><img loading=\"lazy\" width=\"1024\" height=\"683\" src=\"http:\/\/www.klangschmiede-kricke.ch\/wp-content\/uploads\/2025\/07\/Altsaxophon-Buescher-400-THC-5-1024x683.jpg\" alt=\"\" class=\"wp-image-3264\" srcset=\"https:\/\/www.klangschmiede-kricke.ch\/wp-content\/uploads\/2025\/07\/Altsaxophon-Buescher-400-THC-5-1024x683.jpg 1024w, https:\/\/www.klangschmiede-kricke.ch\/wp-content\/uploads\/2025\/07\/Altsaxophon-Buescher-400-THC-5-300x200.jpg 300w, https:\/\/www.klangschmiede-kricke.ch\/wp-content\/uploads\/2025\/07\/Altsaxophon-Buescher-400-THC-5-768x512.jpg 768w, https:\/\/www.klangschmiede-kricke.ch\/wp-content\/uploads\/2025\/07\/Altsaxophon-Buescher-400-THC-5-1536x1024.jpg 1536w, https:\/\/www.klangschmiede-kricke.ch\/wp-content\/uploads\/2025\/07\/Altsaxophon-Buescher-400-THC-5-2048x1365.jpg 2048w\" sizes=\"(max-width: 1024px) 100vw, 1024px\" \/><\/figure>\n\n\n\n<figure class=\"wp-block-image size-large\"><img loading=\"lazy\" width=\"1024\" height=\"683\" src=\"http:\/\/www.klangschmiede-kricke.ch\/wp-content\/uploads\/2025\/07\/Altsaxophon-Buescher-400-THC-6JPG-1024x683.jpg\" alt=\"\" class=\"wp-image-3265\" srcset=\"https:\/\/www.klangschmiede-kricke.ch\/wp-content\/uploads\/2025\/07\/Altsaxophon-Buescher-400-THC-6JPG-1024x683.jpg 1024w, https:\/\/www.klangschmiede-kricke.ch\/wp-content\/uploads\/2025\/07\/Altsaxophon-Buescher-400-THC-6JPG-300x200.jpg 300w, https:\/\/www.klangschmiede-kricke.ch\/wp-content\/uploads\/2025\/07\/Altsaxophon-Buescher-400-THC-6JPG-768x512.jpg 768w, https:\/\/www.klangschmiede-kricke.ch\/wp-content\/uploads\/2025\/07\/Altsaxophon-Buescher-400-THC-6JPG-1536x1024.jpg 1536w, https:\/\/www.klangschmiede-kricke.ch\/wp-content\/uploads\/2025\/07\/Altsaxophon-Buescher-400-THC-6JPG-2048x1365.jpg 2048w\" sizes=\"(max-width: 1024px) 100vw, 1024px\" \/><\/figure>\n\n\n\n<figure class=\"wp-block-image size-large\"><img loading=\"lazy\" width=\"1024\" height=\"683\" src=\"http:\/\/www.klangschmiede-kricke.ch\/wp-content\/uploads\/2025\/07\/Altsaxophon-Buescher-400-THC-7JPG-1024x683.jpg\" alt=\"\" class=\"wp-image-3266\" srcset=\"https:\/\/www.klangschmiede-kricke.ch\/wp-content\/uploads\/2025\/07\/Altsaxophon-Buescher-400-THC-7JPG-1024x683.jpg 1024w, https:\/\/www.klangschmiede-kricke.ch\/wp-content\/uploads\/2025\/07\/Altsaxophon-Buescher-400-THC-7JPG-300x200.jpg 300w, https:\/\/www.klangschmiede-kricke.ch\/wp-content\/uploads\/2025\/07\/Altsaxophon-Buescher-400-THC-7JPG-768x512.jpg 768w, https:\/\/www.klangschmiede-kricke.ch\/wp-content\/uploads\/2025\/07\/Altsaxophon-Buescher-400-THC-7JPG-1536x1024.jpg 1536w, https:\/\/www.klangschmiede-kricke.ch\/wp-content\/uploads\/2025\/07\/Altsaxophon-Buescher-400-THC-7JPG-2048x1365.jpg 2048w\" sizes=\"(max-width: 1024px) 100vw, 1024px\" \/><\/figure>\n\n\n\n<figure class=\"wp-block-image size-large\"><img loading=\"lazy\" width=\"683\" height=\"1024\" src=\"http:\/\/www.klangschmiede-kricke.ch\/wp-content\/uploads\/2025\/07\/Altsaxophon-Buescher-400-THC-8-683x1024.jpg\" alt=\"\" class=\"wp-image-3267\" srcset=\"https:\/\/www.klangschmiede-kricke.ch\/wp-content\/uploads\/2025\/07\/Altsaxophon-Buescher-400-THC-8-683x1024.jpg 683w, https:\/\/www.klangschmiede-kricke.ch\/wp-content\/uploads\/2025\/07\/Altsaxophon-Buescher-400-THC-8-200x300.jpg 200w, https:\/\/www.klangschmiede-kricke.ch\/wp-content\/uploads\/2025\/07\/Altsaxophon-Buescher-400-THC-8-768x1152.jpg 768w, https:\/\/www.klangschmiede-kricke.ch\/wp-content\/uploads\/2025\/07\/Altsaxophon-Buescher-400-THC-8-1024x1536.jpg 1024w, https:\/\/www.klangschmiede-kricke.ch\/wp-content\/uploads\/2025\/07\/Altsaxophon-Buescher-400-THC-8-1365x2048.jpg 1365w, https:\/\/www.klangschmiede-kricke.ch\/wp-content\/uploads\/2025\/07\/Altsaxophon-Buescher-400-THC-8-scaled.jpg 1707w\" sizes=\"(max-width: 683px) 100vw, 683px\" \/><\/figure>\n\n\n\n<figure class=\"wp-block-image size-large\"><img loading=\"lazy\" width=\"1024\" height=\"683\" src=\"http:\/\/www.klangschmiede-kricke.ch\/wp-content\/uploads\/2025\/07\/Altsaxophon-Buescher-400-THC-9-1024x683.jpg\" alt=\"\" class=\"wp-image-3268\" srcset=\"https:\/\/www.klangschmiede-kricke.ch\/wp-content\/uploads\/2025\/07\/Altsaxophon-Buescher-400-THC-9-1024x683.jpg 1024w, https:\/\/www.klangschmiede-kricke.ch\/wp-content\/uploads\/2025\/07\/Altsaxophon-Buescher-400-THC-9-300x200.jpg 300w, https:\/\/www.klangschmiede-kricke.ch\/wp-content\/uploads\/2025\/07\/Altsaxophon-Buescher-400-THC-9-768x512.jpg 768w, https:\/\/www.klangschmiede-kricke.ch\/wp-content\/uploads\/2025\/07\/Altsaxophon-Buescher-400-THC-9-1536x1024.jpg 1536w, https:\/\/www.klangschmiede-kricke.ch\/wp-content\/uploads\/2025\/07\/Altsaxophon-Buescher-400-THC-9-2048x1365.jpg 2048w\" sizes=\"(max-width: 1024px) 100vw, 1024px\" \/><\/figure>\n\n\n\n<figure class=\"wp-block-image size-large\"><img loading=\"lazy\" width=\"1024\" height=\"683\" src=\"http:\/\/www.klangschmiede-kricke.ch\/wp-content\/uploads\/2025\/07\/Altsaxophon-Buescher-400-THC-10-1024x683.jpg\" alt=\"\" class=\"wp-image-3269\" srcset=\"https:\/\/www.klangschmiede-kricke.ch\/wp-content\/uploads\/2025\/07\/Altsaxophon-Buescher-400-THC-10-1024x683.jpg 1024w, https:\/\/www.klangschmiede-kricke.ch\/wp-content\/uploads\/2025\/07\/Altsaxophon-Buescher-400-THC-10-300x200.jpg 300w, https:\/\/www.klangschmiede-kricke.ch\/wp-content\/uploads\/2025\/07\/Altsaxophon-Buescher-400-THC-10-768x512.jpg 768w, https:\/\/www.klangschmiede-kricke.ch\/wp-content\/uploads\/2025\/07\/Altsaxophon-Buescher-400-THC-10-1536x1024.jpg 1536w, https:\/\/www.klangschmiede-kricke.ch\/wp-content\/uploads\/2025\/07\/Altsaxophon-Buescher-400-THC-10-2048x1365.jpg 2048w\" sizes=\"(max-width: 1024px) 100vw, 1024px\" \/><\/figure>\n\n\n\n<figure class=\"wp-block-image size-large\"><img loading=\"lazy\" width=\"1024\" height=\"683\" src=\"http:\/\/www.klangschmiede-kricke.ch\/wp-content\/uploads\/2025\/07\/Altsaxophon-Buescher-400-THC-11-1024x683.jpg\" alt=\"\" class=\"wp-image-3270\" srcset=\"https:\/\/www.klangschmiede-kricke.ch\/wp-content\/uploads\/2025\/07\/Altsaxophon-Buescher-400-THC-11-1024x683.jpg 1024w, https:\/\/www.klangschmiede-kricke.ch\/wp-content\/uploads\/2025\/07\/Altsaxophon-Buescher-400-THC-11-300x200.jpg 300w, https:\/\/www.klangschmiede-kricke.ch\/wp-content\/uploads\/2025\/07\/Altsaxophon-Buescher-400-THC-11-768x512.jpg 768w, https:\/\/www.klangschmiede-kricke.ch\/wp-content\/uploads\/2025\/07\/Altsaxophon-Buescher-400-THC-11-1536x1024.jpg 1536w, https:\/\/www.klangschmiede-kricke.ch\/wp-content\/uploads\/2025\/07\/Altsaxophon-Buescher-400-THC-11-2048x1365.jpg 2048w\" sizes=\"(max-width: 1024px) 100vw, 1024px\" \/><\/figure>\n\n\n\n<figure class=\"wp-block-image size-large\"><img loading=\"lazy\" width=\"1024\" height=\"683\" src=\"http:\/\/www.klangschmiede-kricke.ch\/wp-content\/uploads\/2025\/07\/Altsaxophon-Buescher-400-THC-12-1024x683.jpg\" alt=\"\" class=\"wp-image-3271\" srcset=\"https:\/\/www.klangschmiede-kricke.ch\/wp-content\/uploads\/2025\/07\/Altsaxophon-Buescher-400-THC-12-1024x683.jpg 1024w, https:\/\/www.klangschmiede-kricke.ch\/wp-content\/uploads\/2025\/07\/Altsaxophon-Buescher-400-THC-12-300x200.jpg 300w, https:\/\/www.klangschmiede-kricke.ch\/wp-content\/uploads\/2025\/07\/Altsaxophon-Buescher-400-THC-12-768x512.jpg 768w, https:\/\/www.klangschmiede-kricke.ch\/wp-content\/uploads\/2025\/07\/Altsaxophon-Buescher-400-THC-12-1536x1024.jpg 1536w, https:\/\/www.klangschmiede-kricke.ch\/wp-content\/uploads\/2025\/07\/Altsaxophon-Buescher-400-THC-12-2048x1365.jpg 2048w\" sizes=\"(max-width: 1024px) 100vw, 1024px\" \/><\/figure>\n\n\n\n<figure class=\"wp-block-image size-large\"><img loading=\"lazy\" width=\"1024\" height=\"683\" src=\"http:\/\/www.klangschmiede-kricke.ch\/wp-content\/uploads\/2025\/07\/Altsaxophon-Buescher-400-THC-13JPG-1024x683.jpg\" alt=\"\" class=\"wp-image-3272\" srcset=\"https:\/\/www.klangschmiede-kricke.ch\/wp-content\/uploads\/2025\/07\/Altsaxophon-Buescher-400-THC-13JPG-1024x683.jpg 1024w, https:\/\/www.klangschmiede-kricke.ch\/wp-content\/uploads\/2025\/07\/Altsaxophon-Buescher-400-THC-13JPG-300x200.jpg 300w, https:\/\/www.klangschmiede-kricke.ch\/wp-content\/uploads\/2025\/07\/Altsaxophon-Buescher-400-THC-13JPG-768x512.jpg 768w, https:\/\/www.klangschmiede-kricke.ch\/wp-content\/uploads\/2025\/07\/Altsaxophon-Buescher-400-THC-13JPG-1536x1024.jpg 1536w, https:\/\/www.klangschmiede-kricke.ch\/wp-content\/uploads\/2025\/07\/Altsaxophon-Buescher-400-THC-13JPG-2048x1365.jpg 2048w\" sizes=\"(max-width: 1024px) 100vw, 1024px\" \/><\/figure>\n\n\n\n<figure class=\"wp-block-image size-large\"><img loading=\"lazy\" width=\"1024\" height=\"683\" src=\"http:\/\/www.klangschmiede-kricke.ch\/wp-content\/uploads\/2025\/07\/Altsaxophon-Buescher-400-THC-14-1024x683.jpg\" alt=\"\" class=\"wp-image-3273\" srcset=\"https:\/\/www.klangschmiede-kricke.ch\/wp-content\/uploads\/2025\/07\/Altsaxophon-Buescher-400-THC-14-1024x683.jpg 1024w, https:\/\/www.klangschmiede-kricke.ch\/wp-content\/uploads\/2025\/07\/Altsaxophon-Buescher-400-THC-14-300x200.jpg 300w, https:\/\/www.klangschmiede-kricke.ch\/wp-content\/uploads\/2025\/07\/Altsaxophon-Buescher-400-THC-14-768x512.jpg 768w, https:\/\/www.klangschmiede-kricke.ch\/wp-content\/uploads\/2025\/07\/Altsaxophon-Buescher-400-THC-14-1536x1024.jpg 1536w, https:\/\/www.klangschmiede-kricke.ch\/wp-content\/uploads\/2025\/07\/Altsaxophon-Buescher-400-THC-14-2048x1365.jpg 2048w\" sizes=\"(max-width: 1024px) 100vw, 1024px\" \/><\/figure>\n\n\n\n<figure class=\"wp-block-image size-large\"><img loading=\"lazy\" width=\"1024\" height=\"683\" src=\"http:\/\/www.klangschmiede-kricke.ch\/wp-content\/uploads\/2025\/07\/Altsaxophon-Buescher-400-THC-15-1024x683.jpg\" alt=\"\" class=\"wp-image-3274\" srcset=\"https:\/\/www.klangschmiede-kricke.ch\/wp-content\/uploads\/2025\/07\/Altsaxophon-Buescher-400-THC-15-1024x683.jpg 1024w, https:\/\/www.klangschmiede-kricke.ch\/wp-content\/uploads\/2025\/07\/Altsaxophon-Buescher-400-THC-15-300x200.jpg 300w, https:\/\/www.klangschmiede-kricke.ch\/wp-content\/uploads\/2025\/07\/Altsaxophon-Buescher-400-THC-15-768x512.jpg 768w, https:\/\/www.klangschmiede-kricke.ch\/wp-content\/uploads\/2025\/07\/Altsaxophon-Buescher-400-THC-15-1536x1024.jpg 1536w, https:\/\/www.klangschmiede-kricke.ch\/wp-content\/uploads\/2025\/07\/Altsaxophon-Buescher-400-THC-15-2048x1365.jpg 2048w\" sizes=\"(max-width: 1024px) 100vw, 1024px\" \/><\/figure>\n\n\n\n<figure class=\"wp-block-image size-large\"><img loading=\"lazy\" width=\"1024\" height=\"683\" src=\"http:\/\/www.klangschmiede-kricke.ch\/wp-content\/uploads\/2025\/07\/Altsaxophon-Buescher-400-THC-16JPG-1024x683.jpg\" alt=\"\" class=\"wp-image-3275\" srcset=\"https:\/\/www.klangschmiede-kricke.ch\/wp-content\/uploads\/2025\/07\/Altsaxophon-Buescher-400-THC-16JPG-1024x683.jpg 1024w, https:\/\/www.klangschmiede-kricke.ch\/wp-content\/uploads\/2025\/07\/Altsaxophon-Buescher-400-THC-16JPG-300x200.jpg 300w, https:\/\/www.klangschmiede-kricke.ch\/wp-content\/uploads\/2025\/07\/Altsaxophon-Buescher-400-THC-16JPG-768x512.jpg 768w, https:\/\/www.klangschmiede-kricke.ch\/wp-content\/uploads\/2025\/07\/Altsaxophon-Buescher-400-THC-16JPG-1536x1024.jpg 1536w, https:\/\/www.klangschmiede-kricke.ch\/wp-content\/uploads\/2025\/07\/Altsaxophon-Buescher-400-THC-16JPG-2048x1365.jpg 2048w\" sizes=\"(max-width: 1024px) 100vw, 1024px\" \/><\/figure>\n\n\n\n<figure class=\"wp-block-image size-large\"><img loading=\"lazy\" width=\"1024\" height=\"683\" src=\"http:\/\/www.klangschmiede-kricke.ch\/wp-content\/uploads\/2025\/07\/Altsaxophon-Buescher-400-THC-17JPG-1024x683.jpg\" alt=\"\" class=\"wp-image-3276\" srcset=\"https:\/\/www.klangschmiede-kricke.ch\/wp-content\/uploads\/2025\/07\/Altsaxophon-Buescher-400-THC-17JPG-1024x683.jpg 1024w, https:\/\/www.klangschmiede-kricke.ch\/wp-content\/uploads\/2025\/07\/Altsaxophon-Buescher-400-THC-17JPG-300x200.jpg 300w, https:\/\/www.klangschmiede-kricke.ch\/wp-content\/uploads\/2025\/07\/Altsaxophon-Buescher-400-THC-17JPG-768x512.jpg 768w, https:\/\/www.klangschmiede-kricke.ch\/wp-content\/uploads\/2025\/07\/Altsaxophon-Buescher-400-THC-17JPG-1536x1024.jpg 1536w, https:\/\/www.klangschmiede-kricke.ch\/wp-content\/uploads\/2025\/07\/Altsaxophon-Buescher-400-THC-17JPG-2048x1365.jpg 2048w\" sizes=\"(max-width: 1024px) 100vw, 1024px\" \/><\/figure>\n\n\n\n<figure class=\"wp-block-image size-large\"><img loading=\"lazy\" width=\"683\" height=\"1024\" src=\"http:\/\/www.klangschmiede-kricke.ch\/wp-content\/uploads\/2025\/07\/Altsaxophon-Buescher-400-THC-18JPG-683x1024.jpg\" alt=\"\" class=\"wp-image-3277\" srcset=\"https:\/\/www.klangschmiede-kricke.ch\/wp-content\/uploads\/2025\/07\/Altsaxophon-Buescher-400-THC-18JPG-683x1024.jpg 683w, https:\/\/www.klangschmiede-kricke.ch\/wp-content\/uploads\/2025\/07\/Altsaxophon-Buescher-400-THC-18JPG-200x300.jpg 200w, https:\/\/www.klangschmiede-kricke.ch\/wp-content\/uploads\/2025\/07\/Altsaxophon-Buescher-400-THC-18JPG-768x1152.jpg 768w, https:\/\/www.klangschmiede-kricke.ch\/wp-content\/uploads\/2025\/07\/Altsaxophon-Buescher-400-THC-18JPG-1024x1536.jpg 1024w, https:\/\/www.klangschmiede-kricke.ch\/wp-content\/uploads\/2025\/07\/Altsaxophon-Buescher-400-THC-18JPG-1365x2048.jpg 1365w, https:\/\/www.klangschmiede-kricke.ch\/wp-content\/uploads\/2025\/07\/Altsaxophon-Buescher-400-THC-18JPG-scaled.jpg 1707w\" sizes=\"(max-width: 683px) 100vw, 683px\" \/><\/figure>\n\n\n\n<figure class=\"wp-block-image size-large\"><img loading=\"lazy\" width=\"1024\" height=\"683\" src=\"http:\/\/www.klangschmiede-kricke.ch\/wp-content\/uploads\/2025\/07\/Altsaxophon-Buescher-400-THC-19JPG-1024x683.jpg\" alt=\"\" class=\"wp-image-3278\" srcset=\"https:\/\/www.klangschmiede-kricke.ch\/wp-content\/uploads\/2025\/07\/Altsaxophon-Buescher-400-THC-19JPG-1024x683.jpg 1024w, https:\/\/www.klangschmiede-kricke.ch\/wp-content\/uploads\/2025\/07\/Altsaxophon-Buescher-400-THC-19JPG-300x200.jpg 300w, https:\/\/www.klangschmiede-kricke.ch\/wp-content\/uploads\/2025\/07\/Altsaxophon-Buescher-400-THC-19JPG-768x512.jpg 768w, https:\/\/www.klangschmiede-kricke.ch\/wp-content\/uploads\/2025\/07\/Altsaxophon-Buescher-400-THC-19JPG-1536x1024.jpg 1536w, https:\/\/www.klangschmiede-kricke.ch\/wp-content\/uploads\/2025\/07\/Altsaxophon-Buescher-400-THC-19JPG-2048x1365.jpg 2048w\" sizes=\"(max-width: 1024px) 100vw, 1024px\" \/><\/figure>\n\n\n\n<figure class=\"wp-block-image size-large\"><img loading=\"lazy\" width=\"1024\" height=\"683\" src=\"http:\/\/www.klangschmiede-kricke.ch\/wp-content\/uploads\/2025\/07\/Altsaxophon-Buescher-400-THC-20JPG-1024x683.jpg\" alt=\"\" class=\"wp-image-3279\" srcset=\"https:\/\/www.klangschmiede-kricke.ch\/wp-content\/uploads\/2025\/07\/Altsaxophon-Buescher-400-THC-20JPG-1024x683.jpg 1024w, https:\/\/www.klangschmiede-kricke.ch\/wp-content\/uploads\/2025\/07\/Altsaxophon-Buescher-400-THC-20JPG-300x200.jpg 300w, https:\/\/www.klangschmiede-kricke.ch\/wp-content\/uploads\/2025\/07\/Altsaxophon-Buescher-400-THC-20JPG-768x512.jpg 768w, https:\/\/www.klangschmiede-kricke.ch\/wp-content\/uploads\/2025\/07\/Altsaxophon-Buescher-400-THC-20JPG-1536x1024.jpg 1536w, https:\/\/www.klangschmiede-kricke.ch\/wp-content\/uploads\/2025\/07\/Altsaxophon-Buescher-400-THC-20JPG-2048x1365.jpg 2048w\" sizes=\"(max-width: 1024px) 100vw, 1024px\" \/><\/figure>\n\n\n\n<figure class=\"wp-block-image size-large\"><img loading=\"lazy\" width=\"1024\" height=\"683\" src=\"http:\/\/www.klangschmiede-kricke.ch\/wp-content\/uploads\/2025\/07\/Altsaxophon-Buescher-400-THC-21JPG-1024x683.jpg\" alt=\"\" class=\"wp-image-3280\" srcset=\"https:\/\/www.klangschmiede-kricke.ch\/wp-content\/uploads\/2025\/07\/Altsaxophon-Buescher-400-THC-21JPG-1024x683.jpg 1024w, https:\/\/www.klangschmiede-kricke.ch\/wp-content\/uploads\/2025\/07\/Altsaxophon-Buescher-400-THC-21JPG-300x200.jpg 300w, https:\/\/www.klangschmiede-kricke.ch\/wp-content\/uploads\/2025\/07\/Altsaxophon-Buescher-400-THC-21JPG-768x512.jpg 768w, https:\/\/www.klangschmiede-kricke.ch\/wp-content\/uploads\/2025\/07\/Altsaxophon-Buescher-400-THC-21JPG-1536x1024.jpg 1536w, https:\/\/www.klangschmiede-kricke.ch\/wp-content\/uploads\/2025\/07\/Altsaxophon-Buescher-400-THC-21JPG-2048x1365.jpg 2048w\" sizes=\"(max-width: 1024px) 100vw, 1024px\" \/><\/figure>\n\n\n\n<figure class=\"wp-block-image size-large\"><img loading=\"lazy\" width=\"1024\" height=\"683\" src=\"http:\/\/www.klangschmiede-kricke.ch\/wp-content\/uploads\/2025\/07\/Altsaxophon-Buescher-400-THC-22JPG-1024x683.jpg\" alt=\"\" class=\"wp-image-3281\" srcset=\"https:\/\/www.klangschmiede-kricke.ch\/wp-content\/uploads\/2025\/07\/Altsaxophon-Buescher-400-THC-22JPG-1024x683.jpg 1024w, https:\/\/www.klangschmiede-kricke.ch\/wp-content\/uploads\/2025\/07\/Altsaxophon-Buescher-400-THC-22JPG-300x200.jpg 300w, https:\/\/www.klangschmiede-kricke.ch\/wp-content\/uploads\/2025\/07\/Altsaxophon-Buescher-400-THC-22JPG-768x512.jpg 768w, https:\/\/www.klangschmiede-kricke.ch\/wp-content\/uploads\/2025\/07\/Altsaxophon-Buescher-400-THC-22JPG-1536x1024.jpg 1536w, https:\/\/www.klangschmiede-kricke.ch\/wp-content\/uploads\/2025\/07\/Altsaxophon-Buescher-400-THC-22JPG-2048x1365.jpg 2048w\" sizes=\"(max-width: 1024px) 100vw, 1024px\" \/><\/figure>\n\n\n\n<figure class=\"wp-block-image size-large\"><img loading=\"lazy\" width=\"1024\" height=\"683\" src=\"http:\/\/www.klangschmiede-kricke.ch\/wp-content\/uploads\/2025\/07\/Altsaxophon-Buescher-400-THC-23-1024x683.jpg\" alt=\"\" class=\"wp-image-3282\" srcset=\"https:\/\/www.klangschmiede-kricke.ch\/wp-content\/uploads\/2025\/07\/Altsaxophon-Buescher-400-THC-23-1024x683.jpg 1024w, https:\/\/www.klangschmiede-kricke.ch\/wp-content\/uploads\/2025\/07\/Altsaxophon-Buescher-400-THC-23-300x200.jpg 300w, https:\/\/www.klangschmiede-kricke.ch\/wp-content\/uploads\/2025\/07\/Altsaxophon-Buescher-400-THC-23-768x512.jpg 768w, https:\/\/www.klangschmiede-kricke.ch\/wp-content\/uploads\/2025\/07\/Altsaxophon-Buescher-400-THC-23-1536x1024.jpg 1536w, https:\/\/www.klangschmiede-kricke.ch\/wp-content\/uploads\/2025\/07\/Altsaxophon-Buescher-400-THC-23-2048x1365.jpg 2048w\" sizes=\"(max-width: 1024px) 100vw, 1024px\" \/><\/figure>\n\n\n\n<figure class=\"wp-block-image size-large\"><img loading=\"lazy\" width=\"1024\" height=\"683\" src=\"http:\/\/www.klangschmiede-kricke.ch\/wp-content\/uploads\/2025\/07\/Altsaxophon-Buescher-400-THC-24JPG-1024x683.jpg\" alt=\"\" class=\"wp-image-3283\" srcset=\"https:\/\/www.klangschmiede-kricke.ch\/wp-content\/uploads\/2025\/07\/Altsaxophon-Buescher-400-THC-24JPG-1024x683.jpg 1024w, https:\/\/www.klangschmiede-kricke.ch\/wp-content\/uploads\/2025\/07\/Altsaxophon-Buescher-400-THC-24JPG-300x200.jpg 300w, https:\/\/www.klangschmiede-kricke.ch\/wp-content\/uploads\/2025\/07\/Altsaxophon-Buescher-400-THC-24JPG-768x512.jpg 768w, https:\/\/www.klangschmiede-kricke.ch\/wp-content\/uploads\/2025\/07\/Altsaxophon-Buescher-400-THC-24JPG-1536x1024.jpg 1536w, https:\/\/www.klangschmiede-kricke.ch\/wp-content\/uploads\/2025\/07\/Altsaxophon-Buescher-400-THC-24JPG-2048x1365.jpg 2048w\" sizes=\"(max-width: 1024px) 100vw, 1024px\" \/><\/figure>\n\n\n\n<p>Dieses Buescher &#171;400 Top, Hat &amp; Cane&#187; oder &#171;B7&#187; habe ich selbst Jahre lang gespielt und hatte es damals in S\u00fcddeutschland (Bruno Waltersbacher) gekauft.<br>Nun steht es komplett revidiert da f\u00fcr den N\u00e4chsten, der einen richtig coolen Vintage-Klassiker sucht, der f\u00fcr die n\u00e4chste Generation l\u00e4uft, mit sattem Sound und originalem Finish.<\/p>\n\n\n\n<p class=\"has-text-align-right\"><em>Preis auf Anfrage<\/em><\/p>\n","protected":false},"excerpt":{"rendered":"<p>Dieses Buescher &#171;400 Top, Hat &amp; Cane&#187; oder &#171;B7&#187; habe ich selbst Jahre lang gespielt und hatte es damals in S\u00fcddeutschland (Bruno Waltersbacher) gekauft.Nun steht es komplett revidiert da f\u00fcr<\/p>\n<p class=\"more-link\"><a href=\"https:\/\/www.klangschmiede-kricke.ch\/index.php\/altsaxophon-buescher-400-thc\/\" class=\"readmore\">Continue reading&#8230;<span class=\"screen-reader-text\">Altsaxophon Buescher &#171;400 THC&#187;<\/span><\/a><\/p>\n","protected":false},"author":1,"featured_media":0,"parent":0,"menu_order":0,"comment_status":"closed","ping_status":"closed","template":"","meta":[],"_links":{"self":[{"href":"https:\/\/www.klangschmiede-kricke.ch\/index.php\/wp-json\/wp\/v2\/pages\/3259"}],"collection":[{"href":"https:\/\/www.klangschmiede-kricke.ch\/index.php\/wp-json\/wp\/v2\/pages"}],"about":[{"href":"https:\/\/www.klangschmiede-kricke.ch\/index.php\/wp-json\/wp\/v2\/types\/page"}],"author":[{"embeddable":true,"href":"https:\/\/www.klangschmiede-kricke.ch\/index.php\/wp-json\/wp\/v2\/users\/1"}],"replies":[{"embeddable":true,"href":"https:\/\/www.klangschmiede-kricke.ch\/index.php\/wp-json\/wp\/v2\/comments?post=3259"}],"version-history":[{"count":1,"href":"https:\/\/www.klangschmiede-kricke.ch\/index.php\/wp-json\/wp\/v2\/pages\/3259\/revisions"}],"predecessor-version":[{"id":3284,"href":"https:\/\/www.klangschmiede-kricke.ch\/index.php\/wp-json\/wp\/v2\/pages\/3259\/revisions\/3284"}],"wp:attachment":[{"href":"https:\/\/www.klangschmiede-kricke.ch\/index.php\/wp-json\/wp\/v2\/media?parent=3259"}],"curies":[{"name":"wp","href":"https:\/\/api.w.org\/{rel}","templated":true}]}}