{"id":2991,"date":"2024-04-18T02:59:08","date_gmt":"2024-04-18T02:59:08","guid":{"rendered":"https:\/\/www.klangschmiede-kricke.ch\/?page_id=2991"},"modified":"2024-04-18T06:40:36","modified_gmt":"2024-04-18T06:40:36","slug":"trompete-getzen-300-series-versilbert","status":"publish","type":"page","link":"https:\/\/www.klangschmiede-kricke.ch\/index.php\/trompete-getzen-300-series-versilbert\/","title":{"rendered":"Trompete Getzen &#171;300 Series&#187;, versilbert"},"content":{"rendered":"\n<figure class=\"wp-block-image size-full\"><img loading=\"lazy\" width=\"683\" height=\"1024\" src=\"https:\/\/www.klangschmiede-kricke.ch\/wp-content\/uploads\/2024\/04\/Bb-Trompete-Getzen-300-Series-versilbert-1.jpg\" alt=\"\" class=\"wp-image-2992\" srcset=\"https:\/\/www.klangschmiede-kricke.ch\/wp-content\/uploads\/2024\/04\/Bb-Trompete-Getzen-300-Series-versilbert-1.jpg 683w, https:\/\/www.klangschmiede-kricke.ch\/wp-content\/uploads\/2024\/04\/Bb-Trompete-Getzen-300-Series-versilbert-1-200x300.jpg 200w\" sizes=\"(max-width: 683px) 100vw, 683px\" \/><\/figure>\n\n\n\n<figure class=\"wp-block-image size-full\"><img loading=\"lazy\" width=\"1024\" height=\"683\" src=\"https:\/\/www.klangschmiede-kricke.ch\/wp-content\/uploads\/2024\/04\/Bb-Trompete-Getzen-300-Series-versilbert-2.jpg\" alt=\"\" class=\"wp-image-2993\" srcset=\"https:\/\/www.klangschmiede-kricke.ch\/wp-content\/uploads\/2024\/04\/Bb-Trompete-Getzen-300-Series-versilbert-2.jpg 1024w, https:\/\/www.klangschmiede-kricke.ch\/wp-content\/uploads\/2024\/04\/Bb-Trompete-Getzen-300-Series-versilbert-2-300x200.jpg 300w, https:\/\/www.klangschmiede-kricke.ch\/wp-content\/uploads\/2024\/04\/Bb-Trompete-Getzen-300-Series-versilbert-2-768x512.jpg 768w\" sizes=\"(max-width: 1024px) 100vw, 1024px\" \/><\/figure>\n\n\n\n<figure class=\"wp-block-image size-full\"><img loading=\"lazy\" width=\"1024\" height=\"683\" src=\"https:\/\/www.klangschmiede-kricke.ch\/wp-content\/uploads\/2024\/04\/Bb-Trompete-Getzen-300-Series-versilbert-3.jpg\" alt=\"\" class=\"wp-image-2994\" srcset=\"https:\/\/www.klangschmiede-kricke.ch\/wp-content\/uploads\/2024\/04\/Bb-Trompete-Getzen-300-Series-versilbert-3.jpg 1024w, https:\/\/www.klangschmiede-kricke.ch\/wp-content\/uploads\/2024\/04\/Bb-Trompete-Getzen-300-Series-versilbert-3-300x200.jpg 300w, https:\/\/www.klangschmiede-kricke.ch\/wp-content\/uploads\/2024\/04\/Bb-Trompete-Getzen-300-Series-versilbert-3-768x512.jpg 768w\" sizes=\"(max-width: 1024px) 100vw, 1024px\" \/><\/figure>\n\n\n\n<figure class=\"wp-block-image size-full\"><img loading=\"lazy\" width=\"1024\" height=\"683\" src=\"https:\/\/www.klangschmiede-kricke.ch\/wp-content\/uploads\/2024\/04\/Bb-Trompete-Getzen-300-Series-versilbert-4.jpg\" alt=\"\" class=\"wp-image-2995\" srcset=\"https:\/\/www.klangschmiede-kricke.ch\/wp-content\/uploads\/2024\/04\/Bb-Trompete-Getzen-300-Series-versilbert-4.jpg 1024w, https:\/\/www.klangschmiede-kricke.ch\/wp-content\/uploads\/2024\/04\/Bb-Trompete-Getzen-300-Series-versilbert-4-300x200.jpg 300w, https:\/\/www.klangschmiede-kricke.ch\/wp-content\/uploads\/2024\/04\/Bb-Trompete-Getzen-300-Series-versilbert-4-768x512.jpg 768w\" sizes=\"(max-width: 1024px) 100vw, 1024px\" \/><\/figure>\n\n\n\n<figure class=\"wp-block-image size-full\"><img loading=\"lazy\" width=\"1024\" height=\"683\" src=\"https:\/\/www.klangschmiede-kricke.ch\/wp-content\/uploads\/2024\/04\/Bb-Trompete-Getzen-300-Series-versilbert-5.jpg\" alt=\"\" class=\"wp-image-2996\" srcset=\"https:\/\/www.klangschmiede-kricke.ch\/wp-content\/uploads\/2024\/04\/Bb-Trompete-Getzen-300-Series-versilbert-5.jpg 1024w, https:\/\/www.klangschmiede-kricke.ch\/wp-content\/uploads\/2024\/04\/Bb-Trompete-Getzen-300-Series-versilbert-5-300x200.jpg 300w, https:\/\/www.klangschmiede-kricke.ch\/wp-content\/uploads\/2024\/04\/Bb-Trompete-Getzen-300-Series-versilbert-5-768x512.jpg 768w\" sizes=\"(max-width: 1024px) 100vw, 1024px\" \/><\/figure>\n\n\n\n<figure class=\"wp-block-image size-full\"><img loading=\"lazy\" width=\"1024\" height=\"683\" src=\"https:\/\/www.klangschmiede-kricke.ch\/wp-content\/uploads\/2024\/04\/Bb-Trompete-Getzen-300-Series-versilbert-6.jpg\" alt=\"\" class=\"wp-image-2997\" srcset=\"https:\/\/www.klangschmiede-kricke.ch\/wp-content\/uploads\/2024\/04\/Bb-Trompete-Getzen-300-Series-versilbert-6.jpg 1024w, https:\/\/www.klangschmiede-kricke.ch\/wp-content\/uploads\/2024\/04\/Bb-Trompete-Getzen-300-Series-versilbert-6-300x200.jpg 300w, https:\/\/www.klangschmiede-kricke.ch\/wp-content\/uploads\/2024\/04\/Bb-Trompete-Getzen-300-Series-versilbert-6-768x512.jpg 768w\" sizes=\"(max-width: 1024px) 100vw, 1024px\" \/><\/figure>\n\n\n\n<figure class=\"wp-block-image size-full\"><img loading=\"lazy\" width=\"1024\" height=\"683\" src=\"https:\/\/www.klangschmiede-kricke.ch\/wp-content\/uploads\/2024\/04\/Bb-Trompete-Getzen-300-Series-versilbert-7.jpg\" alt=\"\" class=\"wp-image-2998\" srcset=\"https:\/\/www.klangschmiede-kricke.ch\/wp-content\/uploads\/2024\/04\/Bb-Trompete-Getzen-300-Series-versilbert-7.jpg 1024w, https:\/\/www.klangschmiede-kricke.ch\/wp-content\/uploads\/2024\/04\/Bb-Trompete-Getzen-300-Series-versilbert-7-300x200.jpg 300w, https:\/\/www.klangschmiede-kricke.ch\/wp-content\/uploads\/2024\/04\/Bb-Trompete-Getzen-300-Series-versilbert-7-768x512.jpg 768w\" sizes=\"(max-width: 1024px) 100vw, 1024px\" \/><\/figure>\n\n\n\n<figure class=\"wp-block-image size-full\"><img loading=\"lazy\" width=\"1024\" height=\"683\" src=\"https:\/\/www.klangschmiede-kricke.ch\/wp-content\/uploads\/2024\/04\/Bb-Trompete-Getzen-300-Series-versilbert-8.jpg\" alt=\"\" class=\"wp-image-2999\" srcset=\"https:\/\/www.klangschmiede-kricke.ch\/wp-content\/uploads\/2024\/04\/Bb-Trompete-Getzen-300-Series-versilbert-8.jpg 1024w, https:\/\/www.klangschmiede-kricke.ch\/wp-content\/uploads\/2024\/04\/Bb-Trompete-Getzen-300-Series-versilbert-8-300x200.jpg 300w, https:\/\/www.klangschmiede-kricke.ch\/wp-content\/uploads\/2024\/04\/Bb-Trompete-Getzen-300-Series-versilbert-8-768x512.jpg 768w\" sizes=\"(max-width: 1024px) 100vw, 1024px\" \/><\/figure>\n\n\n\n<figure class=\"wp-block-image size-full\"><img loading=\"lazy\" width=\"1014\" height=\"676\" src=\"https:\/\/www.klangschmiede-kricke.ch\/wp-content\/uploads\/2024\/04\/Bb-Trompete-Getzen-300-Series-versilbert-9.jpg\" alt=\"\" class=\"wp-image-3000\" srcset=\"https:\/\/www.klangschmiede-kricke.ch\/wp-content\/uploads\/2024\/04\/Bb-Trompete-Getzen-300-Series-versilbert-9.jpg 1014w, https:\/\/www.klangschmiede-kricke.ch\/wp-content\/uploads\/2024\/04\/Bb-Trompete-Getzen-300-Series-versilbert-9-300x200.jpg 300w, https:\/\/www.klangschmiede-kricke.ch\/wp-content\/uploads\/2024\/04\/Bb-Trompete-Getzen-300-Series-versilbert-9-768x512.jpg 768w\" sizes=\"(max-width: 1014px) 100vw, 1014px\" \/><\/figure>\n\n\n\n<figure class=\"wp-block-image size-full\"><img loading=\"lazy\" width=\"683\" height=\"1024\" src=\"https:\/\/www.klangschmiede-kricke.ch\/wp-content\/uploads\/2024\/04\/Bb-Trompete-Getzen-300-Series-versilbert-10.jpg\" alt=\"\" class=\"wp-image-3001\" srcset=\"https:\/\/www.klangschmiede-kricke.ch\/wp-content\/uploads\/2024\/04\/Bb-Trompete-Getzen-300-Series-versilbert-10.jpg 683w, https:\/\/www.klangschmiede-kricke.ch\/wp-content\/uploads\/2024\/04\/Bb-Trompete-Getzen-300-Series-versilbert-10-200x300.jpg 200w\" sizes=\"(max-width: 683px) 100vw, 683px\" \/><\/figure>\n\n\n\n<figure class=\"wp-block-image size-full\"><img loading=\"lazy\" width=\"1024\" height=\"683\" src=\"https:\/\/www.klangschmiede-kricke.ch\/wp-content\/uploads\/2024\/04\/Bb-Trompete-Getzen-300-Series-versilbert-11.jpg\" alt=\"\" class=\"wp-image-3002\" srcset=\"https:\/\/www.klangschmiede-kricke.ch\/wp-content\/uploads\/2024\/04\/Bb-Trompete-Getzen-300-Series-versilbert-11.jpg 1024w, https:\/\/www.klangschmiede-kricke.ch\/wp-content\/uploads\/2024\/04\/Bb-Trompete-Getzen-300-Series-versilbert-11-300x200.jpg 300w, https:\/\/www.klangschmiede-kricke.ch\/wp-content\/uploads\/2024\/04\/Bb-Trompete-Getzen-300-Series-versilbert-11-768x512.jpg 768w\" sizes=\"(max-width: 1024px) 100vw, 1024px\" \/><\/figure>\n\n\n\n<figure class=\"wp-block-image size-full\"><img loading=\"lazy\" width=\"1014\" height=\"676\" src=\"https:\/\/www.klangschmiede-kricke.ch\/wp-content\/uploads\/2024\/04\/Bb-Trompete-Getzen-300-Series-versilbert-12.jpg\" alt=\"\" class=\"wp-image-3003\" srcset=\"https:\/\/www.klangschmiede-kricke.ch\/wp-content\/uploads\/2024\/04\/Bb-Trompete-Getzen-300-Series-versilbert-12.jpg 1014w, https:\/\/www.klangschmiede-kricke.ch\/wp-content\/uploads\/2024\/04\/Bb-Trompete-Getzen-300-Series-versilbert-12-300x200.jpg 300w, https:\/\/www.klangschmiede-kricke.ch\/wp-content\/uploads\/2024\/04\/Bb-Trompete-Getzen-300-Series-versilbert-12-768x512.jpg 768w\" sizes=\"(max-width: 1014px) 100vw, 1014px\" \/><\/figure>\n\n\n\n<figure class=\"wp-block-image size-full\"><img loading=\"lazy\" width=\"1024\" height=\"683\" src=\"https:\/\/www.klangschmiede-kricke.ch\/wp-content\/uploads\/2024\/04\/Bb-Trompete-Getzen-300-Series-versilbert-13.jpg\" alt=\"\" class=\"wp-image-3004\" srcset=\"https:\/\/www.klangschmiede-kricke.ch\/wp-content\/uploads\/2024\/04\/Bb-Trompete-Getzen-300-Series-versilbert-13.jpg 1024w, https:\/\/www.klangschmiede-kricke.ch\/wp-content\/uploads\/2024\/04\/Bb-Trompete-Getzen-300-Series-versilbert-13-300x200.jpg 300w, https:\/\/www.klangschmiede-kricke.ch\/wp-content\/uploads\/2024\/04\/Bb-Trompete-Getzen-300-Series-versilbert-13-768x512.jpg 768w\" sizes=\"(max-width: 1024px) 100vw, 1024px\" \/><\/figure>\n\n\n\n<figure class=\"wp-block-image size-full\"><img loading=\"lazy\" width=\"1024\" height=\"683\" src=\"https:\/\/www.klangschmiede-kricke.ch\/wp-content\/uploads\/2024\/04\/Bb-Trompete-Getzen-300-Series-versilbert-14.jpg\" alt=\"\" class=\"wp-image-3005\" srcset=\"https:\/\/www.klangschmiede-kricke.ch\/wp-content\/uploads\/2024\/04\/Bb-Trompete-Getzen-300-Series-versilbert-14.jpg 1024w, https:\/\/www.klangschmiede-kricke.ch\/wp-content\/uploads\/2024\/04\/Bb-Trompete-Getzen-300-Series-versilbert-14-300x200.jpg 300w, https:\/\/www.klangschmiede-kricke.ch\/wp-content\/uploads\/2024\/04\/Bb-Trompete-Getzen-300-Series-versilbert-14-768x512.jpg 768w\" sizes=\"(max-width: 1024px) 100vw, 1024px\" \/><\/figure>\n\n\n\n<figure class=\"wp-block-image size-full\"><img loading=\"lazy\" width=\"1024\" height=\"683\" src=\"https:\/\/www.klangschmiede-kricke.ch\/wp-content\/uploads\/2024\/04\/Bb-Trompete-Getzen-300-Series-versilbert-15.jpg\" alt=\"\" class=\"wp-image-3006\" srcset=\"https:\/\/www.klangschmiede-kricke.ch\/wp-content\/uploads\/2024\/04\/Bb-Trompete-Getzen-300-Series-versilbert-15.jpg 1024w, https:\/\/www.klangschmiede-kricke.ch\/wp-content\/uploads\/2024\/04\/Bb-Trompete-Getzen-300-Series-versilbert-15-300x200.jpg 300w, https:\/\/www.klangschmiede-kricke.ch\/wp-content\/uploads\/2024\/04\/Bb-Trompete-Getzen-300-Series-versilbert-15-768x512.jpg 768w\" sizes=\"(max-width: 1024px) 100vw, 1024px\" \/><\/figure>\n\n\n\n<p>Bb-Trompete des amerikanischen Herstellers Getzen in komplett revidiertem Zustand.<br>Das Instrument wurde komplett zerlegt, alle Einzelteile gereinigt\/aufpoliert und alles frisch ge\u00f6lt\/gefettet montiert&#8230;l\u00e4uft einwandfrei!<br>Mit dabei sind orig. Koffer, <br>1 Mundst\u00fcck Getzen 10 1\/2 C<br>1 Mundst\u00fcck Rudy Muck Cushion RIM 19C<br>1 Mundst\u00fcck Vincent Bach 11A<br>3 Mundst\u00fccke Vincent Bach 10 1\/2 CW<\/p>\n\n\n\n<p class=\"has-text-align-right\"><em>Preis: 690,-<\/em><br> <br><\/p>\n","protected":false},"excerpt":{"rendered":"<p>Bb-Trompete des amerikanischen Herstellers Getzen in komplett revidiertem Zustand.Das Instrument wurde komplett zerlegt, alle Einzelteile gereinigt\/aufpoliert und alles frisch ge\u00f6lt\/gefettet montiert&#8230;l\u00e4uft einwandfrei!Mit dabei sind orig. Koffer, 1 Mundst\u00fcck Getzen 10<\/p>\n<p class=\"more-link\"><a href=\"https:\/\/www.klangschmiede-kricke.ch\/index.php\/trompete-getzen-300-series-versilbert\/\" class=\"readmore\">Continue reading&#8230;<span class=\"screen-reader-text\">Trompete Getzen &#171;300 Series&#187;, versilbert<\/span><\/a><\/p>\n","protected":false},"author":1,"featured_media":0,"parent":0,"menu_order":0,"comment_status":"closed","ping_status":"closed","template":"","meta":[],"_links":{"self":[{"href":"https:\/\/www.klangschmiede-kricke.ch\/index.php\/wp-json\/wp\/v2\/pages\/2991"}],"collection":[{"href":"https:\/\/www.klangschmiede-kricke.ch\/index.php\/wp-json\/wp\/v2\/pages"}],"about":[{"href":"https:\/\/www.klangschmiede-kricke.ch\/index.php\/wp-json\/wp\/v2\/types\/page"}],"author":[{"embeddable":true,"href":"https:\/\/www.klangschmiede-kricke.ch\/index.php\/wp-json\/wp\/v2\/users\/1"}],"replies":[{"embeddable":true,"href":"https:\/\/www.klangschmiede-kricke.ch\/index.php\/wp-json\/wp\/v2\/comments?post=2991"}],"version-history":[{"count":2,"href":"https:\/\/www.klangschmiede-kricke.ch\/index.php\/wp-json\/wp\/v2\/pages\/2991\/revisions"}],"predecessor-version":[{"id":3017,"href":"https:\/\/www.klangschmiede-kricke.ch\/index.php\/wp-json\/wp\/v2\/pages\/2991\/revisions\/3017"}],"wp:attachment":[{"href":"https:\/\/www.klangschmiede-kricke.ch\/index.php\/wp-json\/wp\/v2\/media?parent=2991"}],"curies":[{"name":"wp","href":"https:\/\/api.w.org\/{rel}","templated":true}]}}