{"id":2897,"date":"2024-03-05T07:50:48","date_gmt":"2024-03-05T07:50:48","guid":{"rendered":"https:\/\/www.klangschmiede-kricke.ch\/?page_id=2897"},"modified":"2024-03-05T07:53:52","modified_gmt":"2024-03-05T07:53:52","slug":"baritonsaxophon-amati-toneking","status":"publish","type":"page","link":"https:\/\/www.klangschmiede-kricke.ch\/index.php\/baritonsaxophon-amati-toneking\/","title":{"rendered":"Baritonsaxophon Amati &#171;Toneking&#187;"},"content":{"rendered":"\n<figure class=\"wp-block-image size-full\"><img loading=\"lazy\" width=\"683\" height=\"1024\" src=\"https:\/\/www.klangschmiede-kricke.ch\/wp-content\/uploads\/2024\/03\/Baritonsaxophon-Amati-Toneking-Kraslice-1-1.jpg\" alt=\"\" class=\"wp-image-2898\" srcset=\"https:\/\/www.klangschmiede-kricke.ch\/wp-content\/uploads\/2024\/03\/Baritonsaxophon-Amati-Toneking-Kraslice-1-1.jpg 683w, https:\/\/www.klangschmiede-kricke.ch\/wp-content\/uploads\/2024\/03\/Baritonsaxophon-Amati-Toneking-Kraslice-1-1-200x300.jpg 200w\" sizes=\"(max-width: 683px) 100vw, 683px\" \/><\/figure>\n\n\n\n<figure class=\"wp-block-image size-full\"><img loading=\"lazy\" width=\"1024\" height=\"683\" src=\"https:\/\/www.klangschmiede-kricke.ch\/wp-content\/uploads\/2024\/03\/Baritonsaxophon-Amati-Toneking-Kraslice-2-1.jpg\" alt=\"\" class=\"wp-image-2899\" srcset=\"https:\/\/www.klangschmiede-kricke.ch\/wp-content\/uploads\/2024\/03\/Baritonsaxophon-Amati-Toneking-Kraslice-2-1.jpg 1024w, https:\/\/www.klangschmiede-kricke.ch\/wp-content\/uploads\/2024\/03\/Baritonsaxophon-Amati-Toneking-Kraslice-2-1-300x200.jpg 300w, https:\/\/www.klangschmiede-kricke.ch\/wp-content\/uploads\/2024\/03\/Baritonsaxophon-Amati-Toneking-Kraslice-2-1-768x512.jpg 768w\" sizes=\"(max-width: 1024px) 100vw, 1024px\" \/><\/figure>\n\n\n\n<figure class=\"wp-block-image size-full\"><img loading=\"lazy\" width=\"683\" height=\"1024\" src=\"https:\/\/www.klangschmiede-kricke.ch\/wp-content\/uploads\/2024\/03\/Baritonsaxophon-Amati-Toneking-Kraslice-3-1.jpg\" alt=\"\" class=\"wp-image-2900\" srcset=\"https:\/\/www.klangschmiede-kricke.ch\/wp-content\/uploads\/2024\/03\/Baritonsaxophon-Amati-Toneking-Kraslice-3-1.jpg 683w, https:\/\/www.klangschmiede-kricke.ch\/wp-content\/uploads\/2024\/03\/Baritonsaxophon-Amati-Toneking-Kraslice-3-1-200x300.jpg 200w\" sizes=\"(max-width: 683px) 100vw, 683px\" \/><\/figure>\n\n\n\n<figure class=\"wp-block-image size-full\"><img loading=\"lazy\" width=\"1024\" height=\"683\" src=\"https:\/\/www.klangschmiede-kricke.ch\/wp-content\/uploads\/2024\/03\/Baritonsaxophon-Amati-Toneking-Kraslice-4-1.jpg\" alt=\"\" class=\"wp-image-2901\" srcset=\"https:\/\/www.klangschmiede-kricke.ch\/wp-content\/uploads\/2024\/03\/Baritonsaxophon-Amati-Toneking-Kraslice-4-1.jpg 1024w, https:\/\/www.klangschmiede-kricke.ch\/wp-content\/uploads\/2024\/03\/Baritonsaxophon-Amati-Toneking-Kraslice-4-1-300x200.jpg 300w, https:\/\/www.klangschmiede-kricke.ch\/wp-content\/uploads\/2024\/03\/Baritonsaxophon-Amati-Toneking-Kraslice-4-1-768x512.jpg 768w\" sizes=\"(max-width: 1024px) 100vw, 1024px\" \/><\/figure>\n\n\n\n<figure class=\"wp-block-image size-full\"><img loading=\"lazy\" width=\"683\" height=\"1024\" src=\"https:\/\/www.klangschmiede-kricke.ch\/wp-content\/uploads\/2024\/03\/Baritonsaxophon-Amati-Toneking-Kraslice-5-1.jpg\" alt=\"\" class=\"wp-image-2902\" srcset=\"https:\/\/www.klangschmiede-kricke.ch\/wp-content\/uploads\/2024\/03\/Baritonsaxophon-Amati-Toneking-Kraslice-5-1.jpg 683w, https:\/\/www.klangschmiede-kricke.ch\/wp-content\/uploads\/2024\/03\/Baritonsaxophon-Amati-Toneking-Kraslice-5-1-200x300.jpg 200w\" sizes=\"(max-width: 683px) 100vw, 683px\" \/><\/figure>\n\n\n\n<figure class=\"wp-block-image size-full\"><img loading=\"lazy\" width=\"683\" height=\"1024\" src=\"https:\/\/www.klangschmiede-kricke.ch\/wp-content\/uploads\/2024\/03\/Baritonsaxophon-Amati-Toneking-Kraslice-6-1.jpg\" alt=\"\" class=\"wp-image-2903\" srcset=\"https:\/\/www.klangschmiede-kricke.ch\/wp-content\/uploads\/2024\/03\/Baritonsaxophon-Amati-Toneking-Kraslice-6-1.jpg 683w, https:\/\/www.klangschmiede-kricke.ch\/wp-content\/uploads\/2024\/03\/Baritonsaxophon-Amati-Toneking-Kraslice-6-1-200x300.jpg 200w\" sizes=\"(max-width: 683px) 100vw, 683px\" \/><\/figure>\n\n\n\n<figure class=\"wp-block-image size-full\"><img loading=\"lazy\" width=\"683\" height=\"1024\" src=\"https:\/\/www.klangschmiede-kricke.ch\/wp-content\/uploads\/2024\/03\/Baritonsaxophon-Amati-Toneking-Kraslice-7-1.jpg\" alt=\"\" class=\"wp-image-2904\" srcset=\"https:\/\/www.klangschmiede-kricke.ch\/wp-content\/uploads\/2024\/03\/Baritonsaxophon-Amati-Toneking-Kraslice-7-1.jpg 683w, https:\/\/www.klangschmiede-kricke.ch\/wp-content\/uploads\/2024\/03\/Baritonsaxophon-Amati-Toneking-Kraslice-7-1-200x300.jpg 200w\" sizes=\"(max-width: 683px) 100vw, 683px\" \/><\/figure>\n\n\n\n<figure class=\"wp-block-image size-full\"><img loading=\"lazy\" width=\"1024\" height=\"683\" src=\"https:\/\/www.klangschmiede-kricke.ch\/wp-content\/uploads\/2024\/03\/Baritonsaxophon-Amati-Toneking-Kraslice-8-1.jpg\" alt=\"\" class=\"wp-image-2905\" srcset=\"https:\/\/www.klangschmiede-kricke.ch\/wp-content\/uploads\/2024\/03\/Baritonsaxophon-Amati-Toneking-Kraslice-8-1.jpg 1024w, https:\/\/www.klangschmiede-kricke.ch\/wp-content\/uploads\/2024\/03\/Baritonsaxophon-Amati-Toneking-Kraslice-8-1-300x200.jpg 300w, https:\/\/www.klangschmiede-kricke.ch\/wp-content\/uploads\/2024\/03\/Baritonsaxophon-Amati-Toneking-Kraslice-8-1-768x512.jpg 768w\" sizes=\"(max-width: 1024px) 100vw, 1024px\" \/><\/figure>\n\n\n\n<figure class=\"wp-block-image size-full\"><img loading=\"lazy\" width=\"1024\" height=\"683\" src=\"https:\/\/www.klangschmiede-kricke.ch\/wp-content\/uploads\/2024\/03\/Baritonsaxophon-Amati-Toneking-Kraslice-9-1.jpg\" alt=\"\" class=\"wp-image-2906\" srcset=\"https:\/\/www.klangschmiede-kricke.ch\/wp-content\/uploads\/2024\/03\/Baritonsaxophon-Amati-Toneking-Kraslice-9-1.jpg 1024w, https:\/\/www.klangschmiede-kricke.ch\/wp-content\/uploads\/2024\/03\/Baritonsaxophon-Amati-Toneking-Kraslice-9-1-300x200.jpg 300w, https:\/\/www.klangschmiede-kricke.ch\/wp-content\/uploads\/2024\/03\/Baritonsaxophon-Amati-Toneking-Kraslice-9-1-768x512.jpg 768w\" sizes=\"(max-width: 1024px) 100vw, 1024px\" \/><\/figure>\n\n\n\n<figure class=\"wp-block-image size-full\"><img loading=\"lazy\" width=\"1024\" height=\"683\" src=\"https:\/\/www.klangschmiede-kricke.ch\/wp-content\/uploads\/2024\/03\/Baritonsaxophon-Amati-Toneking-Kraslice-10-1.jpg\" alt=\"\" class=\"wp-image-2907\" srcset=\"https:\/\/www.klangschmiede-kricke.ch\/wp-content\/uploads\/2024\/03\/Baritonsaxophon-Amati-Toneking-Kraslice-10-1.jpg 1024w, https:\/\/www.klangschmiede-kricke.ch\/wp-content\/uploads\/2024\/03\/Baritonsaxophon-Amati-Toneking-Kraslice-10-1-300x200.jpg 300w, https:\/\/www.klangschmiede-kricke.ch\/wp-content\/uploads\/2024\/03\/Baritonsaxophon-Amati-Toneking-Kraslice-10-1-768x512.jpg 768w\" sizes=\"(max-width: 1024px) 100vw, 1024px\" \/><\/figure>\n\n\n\n<figure class=\"wp-block-image size-full\"><img loading=\"lazy\" width=\"1024\" height=\"683\" src=\"https:\/\/www.klangschmiede-kricke.ch\/wp-content\/uploads\/2024\/03\/Baritonsaxophon-Amati-Toneking-Kraslice-11-1.jpg\" alt=\"\" class=\"wp-image-2908\" srcset=\"https:\/\/www.klangschmiede-kricke.ch\/wp-content\/uploads\/2024\/03\/Baritonsaxophon-Amati-Toneking-Kraslice-11-1.jpg 1024w, https:\/\/www.klangschmiede-kricke.ch\/wp-content\/uploads\/2024\/03\/Baritonsaxophon-Amati-Toneking-Kraslice-11-1-300x200.jpg 300w, https:\/\/www.klangschmiede-kricke.ch\/wp-content\/uploads\/2024\/03\/Baritonsaxophon-Amati-Toneking-Kraslice-11-1-768x512.jpg 768w\" sizes=\"(max-width: 1024px) 100vw, 1024px\" \/><\/figure>\n\n\n\n<figure class=\"wp-block-image size-full\"><img loading=\"lazy\" width=\"683\" height=\"1024\" src=\"https:\/\/www.klangschmiede-kricke.ch\/wp-content\/uploads\/2024\/03\/Baritonsaxophon-Amati-Toneking-Kraslice-12-1.jpg\" alt=\"\" class=\"wp-image-2909\" srcset=\"https:\/\/www.klangschmiede-kricke.ch\/wp-content\/uploads\/2024\/03\/Baritonsaxophon-Amati-Toneking-Kraslice-12-1.jpg 683w, https:\/\/www.klangschmiede-kricke.ch\/wp-content\/uploads\/2024\/03\/Baritonsaxophon-Amati-Toneking-Kraslice-12-1-200x300.jpg 200w\" sizes=\"(max-width: 683px) 100vw, 683px\" \/><\/figure>\n\n\n\n<figure class=\"wp-block-image size-full\"><img loading=\"lazy\" width=\"683\" height=\"1024\" src=\"https:\/\/www.klangschmiede-kricke.ch\/wp-content\/uploads\/2024\/03\/Baritonsaxophon-Amati-Toneking-Kraslice-13-1.jpg\" alt=\"\" class=\"wp-image-2910\" srcset=\"https:\/\/www.klangschmiede-kricke.ch\/wp-content\/uploads\/2024\/03\/Baritonsaxophon-Amati-Toneking-Kraslice-13-1.jpg 683w, https:\/\/www.klangschmiede-kricke.ch\/wp-content\/uploads\/2024\/03\/Baritonsaxophon-Amati-Toneking-Kraslice-13-1-200x300.jpg 200w\" sizes=\"(max-width: 683px) 100vw, 683px\" \/><\/figure>\n\n\n\n<figure class=\"wp-block-image size-full\"><img loading=\"lazy\" width=\"683\" height=\"1024\" src=\"https:\/\/www.klangschmiede-kricke.ch\/wp-content\/uploads\/2024\/03\/Baritonsaxophon-Amati-Toneking-Kraslice-14-1.jpg\" alt=\"\" class=\"wp-image-2911\" srcset=\"https:\/\/www.klangschmiede-kricke.ch\/wp-content\/uploads\/2024\/03\/Baritonsaxophon-Amati-Toneking-Kraslice-14-1.jpg 683w, https:\/\/www.klangschmiede-kricke.ch\/wp-content\/uploads\/2024\/03\/Baritonsaxophon-Amati-Toneking-Kraslice-14-1-200x300.jpg 200w\" sizes=\"(max-width: 683px) 100vw, 683px\" \/><\/figure>\n\n\n\n<figure class=\"wp-block-image size-full\"><img loading=\"lazy\" width=\"1024\" height=\"683\" src=\"https:\/\/www.klangschmiede-kricke.ch\/wp-content\/uploads\/2024\/03\/Baritonsaxophon-Amati-Toneking-Kraslice-15-1.jpg\" alt=\"\" class=\"wp-image-2912\" srcset=\"https:\/\/www.klangschmiede-kricke.ch\/wp-content\/uploads\/2024\/03\/Baritonsaxophon-Amati-Toneking-Kraslice-15-1.jpg 1024w, https:\/\/www.klangschmiede-kricke.ch\/wp-content\/uploads\/2024\/03\/Baritonsaxophon-Amati-Toneking-Kraslice-15-1-300x200.jpg 300w, https:\/\/www.klangschmiede-kricke.ch\/wp-content\/uploads\/2024\/03\/Baritonsaxophon-Amati-Toneking-Kraslice-15-1-768x512.jpg 768w\" sizes=\"(max-width: 1024px) 100vw, 1024px\" \/><\/figure>\n\n\n\n<figure class=\"wp-block-image size-full\"><img loading=\"lazy\" width=\"1024\" height=\"683\" src=\"https:\/\/www.klangschmiede-kricke.ch\/wp-content\/uploads\/2024\/03\/Baritonsaxophon-Amati-Toneking-Kraslice-16-1.jpg\" alt=\"\" class=\"wp-image-2913\" srcset=\"https:\/\/www.klangschmiede-kricke.ch\/wp-content\/uploads\/2024\/03\/Baritonsaxophon-Amati-Toneking-Kraslice-16-1.jpg 1024w, https:\/\/www.klangschmiede-kricke.ch\/wp-content\/uploads\/2024\/03\/Baritonsaxophon-Amati-Toneking-Kraslice-16-1-300x200.jpg 300w, https:\/\/www.klangschmiede-kricke.ch\/wp-content\/uploads\/2024\/03\/Baritonsaxophon-Amati-Toneking-Kraslice-16-1-768x512.jpg 768w\" sizes=\"(max-width: 1024px) 100vw, 1024px\" \/><\/figure>\n\n\n\n<p>Ich habe selten ein so stark gebautes Bari in meiner Werkstatt gehabt, wie dieses!<br>Mechanisch sind bis auf das hohe Fis alle wichtigen Klappen, wie Gabel-F-Dr\u00fccker vorhanden und man hat zus\u00e4tzlich noch einen Triller f\u00fcrs Gis und das hohe E.<br>Alle Tonlochkamine sind bei diesem Instrument aufgel\u00f6tet, wie bei dem amerikanischen Hersteller &#171;Martin&#187;.<br>Das ist bei diesem Horn extrem gut gemacht worden und so oder so,<br>jetzt, nach gr\u00fcndlicher General\u00fcberhohlung eine ganz stabile und langlebige Sache.<br>Nebst den normalen Arbeitsschritten wurden hier alle Nadelfedern, durch neue, gebl\u00e4ute Federn ersetzt und die Metall-Resonatoren auf den Polstern auf jeden Tonloch-Durchmesser angepasst. <\/p>\n\n\n\n<p class=\"has-text-align-right\"><em>Preis: 3850,-<\/em><\/p>\n","protected":false},"excerpt":{"rendered":"<p>Ich habe selten ein so stark gebautes Bari in meiner Werkstatt gehabt, wie dieses!Mechanisch sind bis auf das hohe Fis alle wichtigen Klappen, wie Gabel-F-Dr\u00fccker vorhanden und man hat zus\u00e4tzlich<\/p>\n<p class=\"more-link\"><a href=\"https:\/\/www.klangschmiede-kricke.ch\/index.php\/baritonsaxophon-amati-toneking\/\" class=\"readmore\">Continue reading&#8230;<span class=\"screen-reader-text\">Baritonsaxophon Amati &#171;Toneking&#187;<\/span><\/a><\/p>\n","protected":false},"author":1,"featured_media":0,"parent":0,"menu_order":0,"comment_status":"closed","ping_status":"closed","template":"","meta":[],"_links":{"self":[{"href":"https:\/\/www.klangschmiede-kricke.ch\/index.php\/wp-json\/wp\/v2\/pages\/2897"}],"collection":[{"href":"https:\/\/www.klangschmiede-kricke.ch\/index.php\/wp-json\/wp\/v2\/pages"}],"about":[{"href":"https:\/\/www.klangschmiede-kricke.ch\/index.php\/wp-json\/wp\/v2\/types\/page"}],"author":[{"embeddable":true,"href":"https:\/\/www.klangschmiede-kricke.ch\/index.php\/wp-json\/wp\/v2\/users\/1"}],"replies":[{"embeddable":true,"href":"https:\/\/www.klangschmiede-kricke.ch\/index.php\/wp-json\/wp\/v2\/comments?post=2897"}],"version-history":[{"count":2,"href":"https:\/\/www.klangschmiede-kricke.ch\/index.php\/wp-json\/wp\/v2\/pages\/2897\/revisions"}],"predecessor-version":[{"id":2917,"href":"https:\/\/www.klangschmiede-kricke.ch\/index.php\/wp-json\/wp\/v2\/pages\/2897\/revisions\/2917"}],"wp:attachment":[{"href":"https:\/\/www.klangschmiede-kricke.ch\/index.php\/wp-json\/wp\/v2\/media?parent=2897"}],"curies":[{"name":"wp","href":"https:\/\/api.w.org\/{rel}","templated":true}]}}