{"id":263,"date":"2020-02-15T10:13:54","date_gmt":"2020-02-15T10:13:54","guid":{"rendered":"http:\/\/www.klangschmiede-kricke.ch\/?page_id=263"},"modified":"2023-10-27T03:24:45","modified_gmt":"2023-10-27T03:24:45","slug":"querfloete-sankyo-etude","status":"publish","type":"page","link":"https:\/\/www.klangschmiede-kricke.ch\/index.php\/querfloete-sankyo-etude\/","title":{"rendered":"Querfl\u00f6te Sankyo &#171;Etude&#187;"},"content":{"rendered":"\n<figure class=\"wp-block-image size-large is-resized\"><img loading=\"lazy\" src=\"http:\/\/www.klangschmiede-kricke.ch\/wp-content\/uploads\/2020\/02\/sankyo6-1024x683.jpg\" alt=\"\" class=\"wp-image-226\" width=\"680\" height=\"453\" srcset=\"https:\/\/www.klangschmiede-kricke.ch\/wp-content\/uploads\/2020\/02\/sankyo6-1024x683.jpg 1024w, https:\/\/www.klangschmiede-kricke.ch\/wp-content\/uploads\/2020\/02\/sankyo6-300x200.jpg 300w, https:\/\/www.klangschmiede-kricke.ch\/wp-content\/uploads\/2020\/02\/sankyo6-768x512.jpg 768w, https:\/\/www.klangschmiede-kricke.ch\/wp-content\/uploads\/2020\/02\/sankyo6.jpg 1042w\" sizes=\"(max-width: 680px) 100vw, 680px\" \/><\/figure>\n\n\n\n<figure class=\"wp-block-image size-large\"><img loading=\"lazy\" width=\"1024\" height=\"683\" src=\"http:\/\/www.klangschmiede-kricke.ch\/wp-content\/uploads\/2020\/02\/sankyo1.jpg\" alt=\"\" class=\"wp-image-227\" srcset=\"https:\/\/www.klangschmiede-kricke.ch\/wp-content\/uploads\/2020\/02\/sankyo1.jpg 1024w, https:\/\/www.klangschmiede-kricke.ch\/wp-content\/uploads\/2020\/02\/sankyo1-300x200.jpg 300w, https:\/\/www.klangschmiede-kricke.ch\/wp-content\/uploads\/2020\/02\/sankyo1-768x512.jpg 768w\" sizes=\"(max-width: 1024px) 100vw, 1024px\" \/><\/figure>\n\n\n\n<figure class=\"wp-block-image size-large\"><img loading=\"lazy\" width=\"1024\" height=\"683\" src=\"http:\/\/www.klangschmiede-kricke.ch\/wp-content\/uploads\/2020\/02\/sankyo5-1024x683.jpg\" alt=\"\" class=\"wp-image-230\" srcset=\"https:\/\/www.klangschmiede-kricke.ch\/wp-content\/uploads\/2020\/02\/sankyo5-1024x683.jpg 1024w, https:\/\/www.klangschmiede-kricke.ch\/wp-content\/uploads\/2020\/02\/sankyo5-300x200.jpg 300w, https:\/\/www.klangschmiede-kricke.ch\/wp-content\/uploads\/2020\/02\/sankyo5-768x512.jpg 768w, https:\/\/www.klangschmiede-kricke.ch\/wp-content\/uploads\/2020\/02\/sankyo5.jpg 1042w\" sizes=\"(max-width: 1024px) 100vw, 1024px\" \/><\/figure>\n\n\n\n<figure class=\"wp-block-image size-large\"><img loading=\"lazy\" width=\"1024\" height=\"683\" src=\"http:\/\/www.klangschmiede-kricke.ch\/wp-content\/uploads\/2020\/02\/sankyo3-1-1024x683.jpg\" alt=\"\" class=\"wp-image-229\" srcset=\"https:\/\/www.klangschmiede-kricke.ch\/wp-content\/uploads\/2020\/02\/sankyo3-1-1024x683.jpg 1024w, https:\/\/www.klangschmiede-kricke.ch\/wp-content\/uploads\/2020\/02\/sankyo3-1-300x200.jpg 300w, https:\/\/www.klangschmiede-kricke.ch\/wp-content\/uploads\/2020\/02\/sankyo3-1-768x512.jpg 768w, https:\/\/www.klangschmiede-kricke.ch\/wp-content\/uploads\/2020\/02\/sankyo3-1.jpg 1042w\" sizes=\"(max-width: 1024px) 100vw, 1024px\" \/><\/figure>\n\n\n\n<figure class=\"wp-block-image size-large is-resized\"><img loading=\"lazy\" src=\"http:\/\/www.klangschmiede-kricke.ch\/wp-content\/uploads\/2020\/02\/sankyo4-1024x683.jpg\" alt=\"\" class=\"wp-image-231\" width=\"680\" height=\"453\" srcset=\"https:\/\/www.klangschmiede-kricke.ch\/wp-content\/uploads\/2020\/02\/sankyo4-1024x683.jpg 1024w, https:\/\/www.klangschmiede-kricke.ch\/wp-content\/uploads\/2020\/02\/sankyo4-300x200.jpg 300w, https:\/\/www.klangschmiede-kricke.ch\/wp-content\/uploads\/2020\/02\/sankyo4-768x512.jpg 768w, https:\/\/www.klangschmiede-kricke.ch\/wp-content\/uploads\/2020\/02\/sankyo4.jpg 1042w\" sizes=\"(max-width: 680px) 100vw, 680px\" \/><\/figure>\n\n\n\n<figure class=\"wp-block-image size-large is-resized\"><img loading=\"lazy\" src=\"http:\/\/www.klangschmiede-kricke.ch\/wp-content\/uploads\/2020\/02\/sankyo2-1024x683.jpg\" alt=\"\" class=\"wp-image-232\" width=\"680\" height=\"453\" srcset=\"https:\/\/www.klangschmiede-kricke.ch\/wp-content\/uploads\/2020\/02\/sankyo2-1024x683.jpg 1024w, https:\/\/www.klangschmiede-kricke.ch\/wp-content\/uploads\/2020\/02\/sankyo2-300x200.jpg 300w, https:\/\/www.klangschmiede-kricke.ch\/wp-content\/uploads\/2020\/02\/sankyo2-768x512.jpg 768w, https:\/\/www.klangschmiede-kricke.ch\/wp-content\/uploads\/2020\/02\/sankyo2.jpg 1042w\" sizes=\"(max-width: 680px) 100vw, 680px\" \/><\/figure>\n\n\n\n<p>Diese Querfl\u00f6te mit Vollsilber-Kopfst\u00fcck (925) ist general\u00fcberholt und wurde mit frischen, professionellen Polstern von Pisoni (gepresster Filz und 2-schichtiger Fischhaut) best\u00fcckt. Alle Kork- und Filzunterlagen sind erneuert, die Mechanik eingezogen und frisch ge\u00f6lt montiert. Eine Klappe habe ich neu versilbern lassen.<br>Mit dabei ist ein gratis Check im ersten halben Jahr.<\/p>\n\n\n\n<p class=\"has-text-align-right\"><em>verkauft<\/em><\/p>\n","protected":false},"excerpt":{"rendered":"<p>Diese Querfl\u00f6te mit Vollsilber-Kopfst\u00fcck (925) ist general\u00fcberholt und wurde mit frischen, professionellen Polstern von Pisoni (gepresster Filz und 2-schichtiger Fischhaut) best\u00fcckt. Alle Kork- und Filzunterlagen sind erneuert, die Mechanik eingezogen<\/p>\n<p class=\"more-link\"><a href=\"https:\/\/www.klangschmiede-kricke.ch\/index.php\/querfloete-sankyo-etude\/\" class=\"readmore\">Continue reading&#8230;<span class=\"screen-reader-text\">Querfl\u00f6te Sankyo &#171;Etude&#187;<\/span><\/a><\/p>\n","protected":false},"author":1,"featured_media":0,"parent":0,"menu_order":0,"comment_status":"closed","ping_status":"closed","template":"","meta":[],"_links":{"self":[{"href":"https:\/\/www.klangschmiede-kricke.ch\/index.php\/wp-json\/wp\/v2\/pages\/263"}],"collection":[{"href":"https:\/\/www.klangschmiede-kricke.ch\/index.php\/wp-json\/wp\/v2\/pages"}],"about":[{"href":"https:\/\/www.klangschmiede-kricke.ch\/index.php\/wp-json\/wp\/v2\/types\/page"}],"author":[{"embeddable":true,"href":"https:\/\/www.klangschmiede-kricke.ch\/index.php\/wp-json\/wp\/v2\/users\/1"}],"replies":[{"embeddable":true,"href":"https:\/\/www.klangschmiede-kricke.ch\/index.php\/wp-json\/wp\/v2\/comments?post=263"}],"version-history":[{"count":6,"href":"https:\/\/www.klangschmiede-kricke.ch\/index.php\/wp-json\/wp\/v2\/pages\/263\/revisions"}],"predecessor-version":[{"id":2594,"href":"https:\/\/www.klangschmiede-kricke.ch\/index.php\/wp-json\/wp\/v2\/pages\/263\/revisions\/2594"}],"wp:attachment":[{"href":"https:\/\/www.klangschmiede-kricke.ch\/index.php\/wp-json\/wp\/v2\/media?parent=263"}],"curies":[{"name":"wp","href":"https:\/\/api.w.org\/{rel}","templated":true}]}}