{"id":2629,"date":"2023-11-21T22:11:48","date_gmt":"2023-11-21T22:11:48","guid":{"rendered":"http:\/\/www.klangschmiede-kricke.ch\/?page_id=2629"},"modified":"2026-03-30T11:31:59","modified_gmt":"2026-03-30T11:31:59","slug":"tenorsaxophon-keilwerth-the-new-king-2","status":"publish","type":"page","link":"https:\/\/www.klangschmiede-kricke.ch\/index.php\/tenorsaxophon-keilwerth-the-new-king-2\/","title":{"rendered":"Tenorsaxophon Keilwerth &#171;The New King&#187;, 1958"},"content":{"rendered":"\n<figure class=\"wp-block-image size-full\"><img loading=\"lazy\" width=\"683\" height=\"1024\" src=\"http:\/\/www.klangschmiede-kricke.ch\/wp-content\/uploads\/2023\/12\/Tenorsaxophon-Keilwerth-The-New-King-versilbert-44.jpg\" alt=\"\" class=\"wp-image-2723\" srcset=\"https:\/\/www.klangschmiede-kricke.ch\/wp-content\/uploads\/2023\/12\/Tenorsaxophon-Keilwerth-The-New-King-versilbert-44.jpg 683w, https:\/\/www.klangschmiede-kricke.ch\/wp-content\/uploads\/2023\/12\/Tenorsaxophon-Keilwerth-The-New-King-versilbert-44-200x300.jpg 200w\" sizes=\"(max-width: 683px) 100vw, 683px\" \/><\/figure>\n\n\n\n<figure class=\"wp-block-image size-full\"><img loading=\"lazy\" width=\"1024\" height=\"683\" src=\"http:\/\/www.klangschmiede-kricke.ch\/wp-content\/uploads\/2023\/11\/Tenorsaxophon-Keilwerth-The-New-King-versilbert-38.jpg\" alt=\"\" class=\"wp-image-2673\" srcset=\"https:\/\/www.klangschmiede-kricke.ch\/wp-content\/uploads\/2023\/11\/Tenorsaxophon-Keilwerth-The-New-King-versilbert-38.jpg 1024w, https:\/\/www.klangschmiede-kricke.ch\/wp-content\/uploads\/2023\/11\/Tenorsaxophon-Keilwerth-The-New-King-versilbert-38-300x200.jpg 300w, https:\/\/www.klangschmiede-kricke.ch\/wp-content\/uploads\/2023\/11\/Tenorsaxophon-Keilwerth-The-New-King-versilbert-38-768x512.jpg 768w\" sizes=\"(max-width: 1024px) 100vw, 1024px\" \/><\/figure>\n\n\n\n<figure class=\"wp-block-image size-full\"><img loading=\"lazy\" width=\"683\" height=\"1024\" src=\"http:\/\/www.klangschmiede-kricke.ch\/wp-content\/uploads\/2023\/11\/Tenorsaxophon-Keilwerth-The-New-King-versilbert-2.jpg\" alt=\"\" class=\"wp-image-2631\" srcset=\"https:\/\/www.klangschmiede-kricke.ch\/wp-content\/uploads\/2023\/11\/Tenorsaxophon-Keilwerth-The-New-King-versilbert-2.jpg 683w, https:\/\/www.klangschmiede-kricke.ch\/wp-content\/uploads\/2023\/11\/Tenorsaxophon-Keilwerth-The-New-King-versilbert-2-200x300.jpg 200w\" sizes=\"(max-width: 683px) 100vw, 683px\" \/><\/figure>\n\n\n\n<figure class=\"wp-block-image size-full\"><img loading=\"lazy\" width=\"683\" height=\"1024\" src=\"http:\/\/www.klangschmiede-kricke.ch\/wp-content\/uploads\/2023\/11\/Tenorsaxophon-Keilwerth-The-New-King-versilbert-3-1-rotated.jpg\" alt=\"\" class=\"wp-image-2683\" srcset=\"https:\/\/www.klangschmiede-kricke.ch\/wp-content\/uploads\/2023\/11\/Tenorsaxophon-Keilwerth-The-New-King-versilbert-3-1-rotated.jpg 683w, https:\/\/www.klangschmiede-kricke.ch\/wp-content\/uploads\/2023\/11\/Tenorsaxophon-Keilwerth-The-New-King-versilbert-3-1-200x300.jpg 200w\" sizes=\"(max-width: 683px) 100vw, 683px\" \/><\/figure>\n\n\n\n<figure class=\"wp-block-image size-full\"><img loading=\"lazy\" width=\"683\" height=\"1024\" src=\"http:\/\/www.klangschmiede-kricke.ch\/wp-content\/uploads\/2023\/11\/Tenorsaxophon-Keilwerth-The-New-King-versilbert-5-1-rotated.jpg\" alt=\"\" class=\"wp-image-2685\" srcset=\"https:\/\/www.klangschmiede-kricke.ch\/wp-content\/uploads\/2023\/11\/Tenorsaxophon-Keilwerth-The-New-King-versilbert-5-1-rotated.jpg 683w, https:\/\/www.klangschmiede-kricke.ch\/wp-content\/uploads\/2023\/11\/Tenorsaxophon-Keilwerth-The-New-King-versilbert-5-1-200x300.jpg 200w\" sizes=\"(max-width: 683px) 100vw, 683px\" \/><\/figure>\n\n\n\n<figure class=\"wp-block-image size-full\"><img loading=\"lazy\" width=\"683\" height=\"1024\" src=\"http:\/\/www.klangschmiede-kricke.ch\/wp-content\/uploads\/2023\/11\/Tenorsaxophon-Keilwerth-The-New-King-versilbert-6.jpg\" alt=\"\" class=\"wp-image-2635\" srcset=\"https:\/\/www.klangschmiede-kricke.ch\/wp-content\/uploads\/2023\/11\/Tenorsaxophon-Keilwerth-The-New-King-versilbert-6.jpg 683w, https:\/\/www.klangschmiede-kricke.ch\/wp-content\/uploads\/2023\/11\/Tenorsaxophon-Keilwerth-The-New-King-versilbert-6-200x300.jpg 200w\" sizes=\"(max-width: 683px) 100vw, 683px\" \/><\/figure>\n\n\n\n<figure class=\"wp-block-image size-full\"><img loading=\"lazy\" width=\"683\" height=\"1024\" src=\"http:\/\/www.klangschmiede-kricke.ch\/wp-content\/uploads\/2023\/11\/Tenorsaxophon-Keilwerth-The-New-King-versilbert-7.jpg\" alt=\"\" class=\"wp-image-2636\" srcset=\"https:\/\/www.klangschmiede-kricke.ch\/wp-content\/uploads\/2023\/11\/Tenorsaxophon-Keilwerth-The-New-King-versilbert-7.jpg 683w, https:\/\/www.klangschmiede-kricke.ch\/wp-content\/uploads\/2023\/11\/Tenorsaxophon-Keilwerth-The-New-King-versilbert-7-200x300.jpg 200w\" sizes=\"(max-width: 683px) 100vw, 683px\" \/><\/figure>\n\n\n\n<figure class=\"wp-block-image size-full\"><img loading=\"lazy\" width=\"1024\" height=\"683\" src=\"http:\/\/www.klangschmiede-kricke.ch\/wp-content\/uploads\/2023\/11\/Tenorsaxophon-Keilwerth-The-New-King-versilbert-41.jpg\" alt=\"\" class=\"wp-image-2677\" srcset=\"https:\/\/www.klangschmiede-kricke.ch\/wp-content\/uploads\/2023\/11\/Tenorsaxophon-Keilwerth-The-New-King-versilbert-41.jpg 1024w, https:\/\/www.klangschmiede-kricke.ch\/wp-content\/uploads\/2023\/11\/Tenorsaxophon-Keilwerth-The-New-King-versilbert-41-300x200.jpg 300w, https:\/\/www.klangschmiede-kricke.ch\/wp-content\/uploads\/2023\/11\/Tenorsaxophon-Keilwerth-The-New-King-versilbert-41-768x512.jpg 768w\" sizes=\"(max-width: 1024px) 100vw, 1024px\" \/><\/figure>\n\n\n\n<figure class=\"wp-block-image size-full\"><img loading=\"lazy\" width=\"1024\" height=\"683\" src=\"http:\/\/www.klangschmiede-kricke.ch\/wp-content\/uploads\/2023\/11\/Tenorsaxophon-Keilwerth-The-New-King-versilbert-8.jpg\" alt=\"\" class=\"wp-image-2637\" srcset=\"https:\/\/www.klangschmiede-kricke.ch\/wp-content\/uploads\/2023\/11\/Tenorsaxophon-Keilwerth-The-New-King-versilbert-8.jpg 1024w, https:\/\/www.klangschmiede-kricke.ch\/wp-content\/uploads\/2023\/11\/Tenorsaxophon-Keilwerth-The-New-King-versilbert-8-300x200.jpg 300w, https:\/\/www.klangschmiede-kricke.ch\/wp-content\/uploads\/2023\/11\/Tenorsaxophon-Keilwerth-The-New-King-versilbert-8-768x512.jpg 768w\" sizes=\"(max-width: 1024px) 100vw, 1024px\" \/><\/figure>\n\n\n\n<figure class=\"wp-block-image size-full\"><img loading=\"lazy\" width=\"683\" height=\"1024\" src=\"http:\/\/www.klangschmiede-kricke.ch\/wp-content\/uploads\/2023\/11\/Tenorsaxophon-Keilwerth-The-New-King-versilbert-10.jpg\" alt=\"\" class=\"wp-image-2639\" srcset=\"https:\/\/www.klangschmiede-kricke.ch\/wp-content\/uploads\/2023\/11\/Tenorsaxophon-Keilwerth-The-New-King-versilbert-10.jpg 683w, https:\/\/www.klangschmiede-kricke.ch\/wp-content\/uploads\/2023\/11\/Tenorsaxophon-Keilwerth-The-New-King-versilbert-10-200x300.jpg 200w\" sizes=\"(max-width: 683px) 100vw, 683px\" \/><\/figure>\n\n\n\n<figure class=\"wp-block-image size-full\"><img loading=\"lazy\" width=\"1024\" height=\"683\" src=\"http:\/\/www.klangschmiede-kricke.ch\/wp-content\/uploads\/2023\/11\/Tenorsaxophon-Keilwerth-The-New-King-versilbert-11.jpg\" alt=\"\" class=\"wp-image-2640\" srcset=\"https:\/\/www.klangschmiede-kricke.ch\/wp-content\/uploads\/2023\/11\/Tenorsaxophon-Keilwerth-The-New-King-versilbert-11.jpg 1024w, https:\/\/www.klangschmiede-kricke.ch\/wp-content\/uploads\/2023\/11\/Tenorsaxophon-Keilwerth-The-New-King-versilbert-11-300x200.jpg 300w, https:\/\/www.klangschmiede-kricke.ch\/wp-content\/uploads\/2023\/11\/Tenorsaxophon-Keilwerth-The-New-King-versilbert-11-768x512.jpg 768w\" sizes=\"(max-width: 1024px) 100vw, 1024px\" \/><\/figure>\n\n\n\n<figure class=\"wp-block-image size-full\"><img loading=\"lazy\" width=\"1024\" height=\"683\" src=\"http:\/\/www.klangschmiede-kricke.ch\/wp-content\/uploads\/2023\/11\/Tenorsaxophon-Keilwerth-The-New-King-versilbert-12.jpg\" alt=\"\" class=\"wp-image-2641\" srcset=\"https:\/\/www.klangschmiede-kricke.ch\/wp-content\/uploads\/2023\/11\/Tenorsaxophon-Keilwerth-The-New-King-versilbert-12.jpg 1024w, https:\/\/www.klangschmiede-kricke.ch\/wp-content\/uploads\/2023\/11\/Tenorsaxophon-Keilwerth-The-New-King-versilbert-12-300x200.jpg 300w, https:\/\/www.klangschmiede-kricke.ch\/wp-content\/uploads\/2023\/11\/Tenorsaxophon-Keilwerth-The-New-King-versilbert-12-768x512.jpg 768w\" sizes=\"(max-width: 1024px) 100vw, 1024px\" \/><\/figure>\n\n\n\n<figure class=\"wp-block-image size-full\"><img loading=\"lazy\" width=\"1024\" height=\"683\" src=\"http:\/\/www.klangschmiede-kricke.ch\/wp-content\/uploads\/2023\/11\/Tenorsaxophon-Keilwerth-The-New-King-versilbert-13.jpg\" alt=\"\" class=\"wp-image-2642\" srcset=\"https:\/\/www.klangschmiede-kricke.ch\/wp-content\/uploads\/2023\/11\/Tenorsaxophon-Keilwerth-The-New-King-versilbert-13.jpg 1024w, https:\/\/www.klangschmiede-kricke.ch\/wp-content\/uploads\/2023\/11\/Tenorsaxophon-Keilwerth-The-New-King-versilbert-13-300x200.jpg 300w, https:\/\/www.klangschmiede-kricke.ch\/wp-content\/uploads\/2023\/11\/Tenorsaxophon-Keilwerth-The-New-King-versilbert-13-768x512.jpg 768w\" sizes=\"(max-width: 1024px) 100vw, 1024px\" \/><\/figure>\n\n\n\n<figure class=\"wp-block-image size-full\"><img loading=\"lazy\" width=\"1024\" height=\"683\" src=\"http:\/\/www.klangschmiede-kricke.ch\/wp-content\/uploads\/2023\/11\/Tenorsaxophon-Keilwerth-The-New-King-versilbert-43.jpg\" alt=\"\" class=\"wp-image-2678\" srcset=\"https:\/\/www.klangschmiede-kricke.ch\/wp-content\/uploads\/2023\/11\/Tenorsaxophon-Keilwerth-The-New-King-versilbert-43.jpg 1024w, https:\/\/www.klangschmiede-kricke.ch\/wp-content\/uploads\/2023\/11\/Tenorsaxophon-Keilwerth-The-New-King-versilbert-43-300x200.jpg 300w, https:\/\/www.klangschmiede-kricke.ch\/wp-content\/uploads\/2023\/11\/Tenorsaxophon-Keilwerth-The-New-King-versilbert-43-768x512.jpg 768w\" sizes=\"(max-width: 1024px) 100vw, 1024px\" \/><\/figure>\n\n\n\n<figure class=\"wp-block-image size-full\"><img loading=\"lazy\" width=\"683\" height=\"1024\" src=\"http:\/\/www.klangschmiede-kricke.ch\/wp-content\/uploads\/2023\/11\/Tenorsaxophon-Keilwerth-The-New-King-versilbert-14.jpg\" alt=\"\" class=\"wp-image-2643\" srcset=\"https:\/\/www.klangschmiede-kricke.ch\/wp-content\/uploads\/2023\/11\/Tenorsaxophon-Keilwerth-The-New-King-versilbert-14.jpg 683w, https:\/\/www.klangschmiede-kricke.ch\/wp-content\/uploads\/2023\/11\/Tenorsaxophon-Keilwerth-The-New-King-versilbert-14-200x300.jpg 200w\" sizes=\"(max-width: 683px) 100vw, 683px\" \/><\/figure>\n\n\n\n<figure class=\"wp-block-image size-full\"><img loading=\"lazy\" width=\"683\" height=\"1024\" src=\"http:\/\/www.klangschmiede-kricke.ch\/wp-content\/uploads\/2023\/11\/Tenorsaxophon-Keilwerth-The-New-King-versilbert-15.jpg\" alt=\"\" class=\"wp-image-2644\" srcset=\"https:\/\/www.klangschmiede-kricke.ch\/wp-content\/uploads\/2023\/11\/Tenorsaxophon-Keilwerth-The-New-King-versilbert-15.jpg 683w, https:\/\/www.klangschmiede-kricke.ch\/wp-content\/uploads\/2023\/11\/Tenorsaxophon-Keilwerth-The-New-King-versilbert-15-200x300.jpg 200w\" sizes=\"(max-width: 683px) 100vw, 683px\" \/><\/figure>\n\n\n\n<figure class=\"wp-block-image size-full\"><img loading=\"lazy\" width=\"1024\" height=\"683\" src=\"http:\/\/www.klangschmiede-kricke.ch\/wp-content\/uploads\/2023\/11\/Tenorsaxophon-Keilwerth-The-New-King-versilbert-16.jpg\" alt=\"\" class=\"wp-image-2645\" srcset=\"https:\/\/www.klangschmiede-kricke.ch\/wp-content\/uploads\/2023\/11\/Tenorsaxophon-Keilwerth-The-New-King-versilbert-16.jpg 1024w, https:\/\/www.klangschmiede-kricke.ch\/wp-content\/uploads\/2023\/11\/Tenorsaxophon-Keilwerth-The-New-King-versilbert-16-300x200.jpg 300w, https:\/\/www.klangschmiede-kricke.ch\/wp-content\/uploads\/2023\/11\/Tenorsaxophon-Keilwerth-The-New-King-versilbert-16-768x512.jpg 768w\" sizes=\"(max-width: 1024px) 100vw, 1024px\" \/><\/figure>\n\n\n\n<figure class=\"wp-block-image size-full\"><img loading=\"lazy\" width=\"1024\" height=\"683\" src=\"http:\/\/www.klangschmiede-kricke.ch\/wp-content\/uploads\/2023\/11\/Tenorsaxophon-Keilwerth-The-New-King-versilbert-17.jpg\" alt=\"\" class=\"wp-image-2646\" srcset=\"https:\/\/www.klangschmiede-kricke.ch\/wp-content\/uploads\/2023\/11\/Tenorsaxophon-Keilwerth-The-New-King-versilbert-17.jpg 1024w, https:\/\/www.klangschmiede-kricke.ch\/wp-content\/uploads\/2023\/11\/Tenorsaxophon-Keilwerth-The-New-King-versilbert-17-300x200.jpg 300w, https:\/\/www.klangschmiede-kricke.ch\/wp-content\/uploads\/2023\/11\/Tenorsaxophon-Keilwerth-The-New-King-versilbert-17-768x512.jpg 768w\" sizes=\"(max-width: 1024px) 100vw, 1024px\" \/><\/figure>\n\n\n\n<figure class=\"wp-block-image size-full\"><img loading=\"lazy\" width=\"1024\" height=\"683\" src=\"http:\/\/www.klangschmiede-kricke.ch\/wp-content\/uploads\/2023\/11\/Tenorsaxophon-Keilwerth-The-New-King-versilbert-18-1.jpg\" alt=\"\" class=\"wp-image-2679\" srcset=\"https:\/\/www.klangschmiede-kricke.ch\/wp-content\/uploads\/2023\/11\/Tenorsaxophon-Keilwerth-The-New-King-versilbert-18-1.jpg 1024w, https:\/\/www.klangschmiede-kricke.ch\/wp-content\/uploads\/2023\/11\/Tenorsaxophon-Keilwerth-The-New-King-versilbert-18-1-300x200.jpg 300w, https:\/\/www.klangschmiede-kricke.ch\/wp-content\/uploads\/2023\/11\/Tenorsaxophon-Keilwerth-The-New-King-versilbert-18-1-768x512.jpg 768w\" sizes=\"(max-width: 1024px) 100vw, 1024px\" \/><\/figure>\n\n\n\n<figure class=\"wp-block-image size-full\"><img loading=\"lazy\" width=\"1024\" height=\"683\" src=\"http:\/\/www.klangschmiede-kricke.ch\/wp-content\/uploads\/2023\/11\/Tenorsaxophon-Keilwerth-The-New-King-versilbert-19-1.jpg\" alt=\"\" class=\"wp-image-2680\" srcset=\"https:\/\/www.klangschmiede-kricke.ch\/wp-content\/uploads\/2023\/11\/Tenorsaxophon-Keilwerth-The-New-King-versilbert-19-1.jpg 1024w, https:\/\/www.klangschmiede-kricke.ch\/wp-content\/uploads\/2023\/11\/Tenorsaxophon-Keilwerth-The-New-King-versilbert-19-1-300x200.jpg 300w, https:\/\/www.klangschmiede-kricke.ch\/wp-content\/uploads\/2023\/11\/Tenorsaxophon-Keilwerth-The-New-King-versilbert-19-1-768x512.jpg 768w\" sizes=\"(max-width: 1024px) 100vw, 1024px\" \/><\/figure>\n\n\n\n<figure class=\"wp-block-image size-full\"><img loading=\"lazy\" width=\"1024\" height=\"683\" src=\"http:\/\/www.klangschmiede-kricke.ch\/wp-content\/uploads\/2023\/11\/Tenorsaxophon-Keilwerth-The-New-King-versilbert-20-1.jpg\" alt=\"\" class=\"wp-image-2681\" srcset=\"https:\/\/www.klangschmiede-kricke.ch\/wp-content\/uploads\/2023\/11\/Tenorsaxophon-Keilwerth-The-New-King-versilbert-20-1.jpg 1024w, https:\/\/www.klangschmiede-kricke.ch\/wp-content\/uploads\/2023\/11\/Tenorsaxophon-Keilwerth-The-New-King-versilbert-20-1-300x200.jpg 300w, https:\/\/www.klangschmiede-kricke.ch\/wp-content\/uploads\/2023\/11\/Tenorsaxophon-Keilwerth-The-New-King-versilbert-20-1-768x512.jpg 768w\" sizes=\"(max-width: 1024px) 100vw, 1024px\" \/><\/figure>\n\n\n\n<figure class=\"wp-block-image size-full\"><img loading=\"lazy\" width=\"683\" height=\"1024\" src=\"http:\/\/www.klangschmiede-kricke.ch\/wp-content\/uploads\/2023\/11\/Tenorsaxophon-Keilwerth-The-New-King-versilbert-21-1-rotated.jpg\" alt=\"\" class=\"wp-image-2670\" srcset=\"https:\/\/www.klangschmiede-kricke.ch\/wp-content\/uploads\/2023\/11\/Tenorsaxophon-Keilwerth-The-New-King-versilbert-21-1-rotated.jpg 683w, https:\/\/www.klangschmiede-kricke.ch\/wp-content\/uploads\/2023\/11\/Tenorsaxophon-Keilwerth-The-New-King-versilbert-21-1-200x300.jpg 200w\" sizes=\"(max-width: 683px) 100vw, 683px\" \/><\/figure>\n\n\n\n<figure class=\"wp-block-image size-full\"><img loading=\"lazy\" width=\"1024\" height=\"683\" src=\"http:\/\/www.klangschmiede-kricke.ch\/wp-content\/uploads\/2023\/11\/Tenorsaxophon-Keilwerth-The-New-King-versilbert-22.jpg\" alt=\"\" class=\"wp-image-2651\" srcset=\"https:\/\/www.klangschmiede-kricke.ch\/wp-content\/uploads\/2023\/11\/Tenorsaxophon-Keilwerth-The-New-King-versilbert-22.jpg 1024w, https:\/\/www.klangschmiede-kricke.ch\/wp-content\/uploads\/2023\/11\/Tenorsaxophon-Keilwerth-The-New-King-versilbert-22-300x200.jpg 300w, https:\/\/www.klangschmiede-kricke.ch\/wp-content\/uploads\/2023\/11\/Tenorsaxophon-Keilwerth-The-New-King-versilbert-22-768x512.jpg 768w\" sizes=\"(max-width: 1024px) 100vw, 1024px\" \/><\/figure>\n\n\n\n<figure class=\"wp-block-image size-full\"><img loading=\"lazy\" width=\"1024\" height=\"683\" src=\"http:\/\/www.klangschmiede-kricke.ch\/wp-content\/uploads\/2023\/11\/Tenorsaxophon-Keilwerth-The-New-King-versilbert-23.jpg\" alt=\"\" class=\"wp-image-2652\" srcset=\"https:\/\/www.klangschmiede-kricke.ch\/wp-content\/uploads\/2023\/11\/Tenorsaxophon-Keilwerth-The-New-King-versilbert-23.jpg 1024w, https:\/\/www.klangschmiede-kricke.ch\/wp-content\/uploads\/2023\/11\/Tenorsaxophon-Keilwerth-The-New-King-versilbert-23-300x200.jpg 300w, https:\/\/www.klangschmiede-kricke.ch\/wp-content\/uploads\/2023\/11\/Tenorsaxophon-Keilwerth-The-New-King-versilbert-23-768x512.jpg 768w\" sizes=\"(max-width: 1024px) 100vw, 1024px\" \/><\/figure>\n\n\n\n<figure class=\"wp-block-image size-full\"><img loading=\"lazy\" width=\"1024\" height=\"683\" src=\"http:\/\/www.klangschmiede-kricke.ch\/wp-content\/uploads\/2023\/11\/Tenorsaxophon-Keilwerth-The-New-King-versilbert-25.jpg\" alt=\"\" class=\"wp-image-2654\" srcset=\"https:\/\/www.klangschmiede-kricke.ch\/wp-content\/uploads\/2023\/11\/Tenorsaxophon-Keilwerth-The-New-King-versilbert-25.jpg 1024w, https:\/\/www.klangschmiede-kricke.ch\/wp-content\/uploads\/2023\/11\/Tenorsaxophon-Keilwerth-The-New-King-versilbert-25-300x200.jpg 300w, https:\/\/www.klangschmiede-kricke.ch\/wp-content\/uploads\/2023\/11\/Tenorsaxophon-Keilwerth-The-New-King-versilbert-25-768x512.jpg 768w\" sizes=\"(max-width: 1024px) 100vw, 1024px\" \/><\/figure>\n\n\n\n<figure class=\"wp-block-image size-full\"><img loading=\"lazy\" width=\"1024\" height=\"683\" src=\"http:\/\/www.klangschmiede-kricke.ch\/wp-content\/uploads\/2023\/11\/Tenorsaxophon-Keilwerth-The-New-King-versilbert-24.jpg\" alt=\"\" class=\"wp-image-2653\" srcset=\"https:\/\/www.klangschmiede-kricke.ch\/wp-content\/uploads\/2023\/11\/Tenorsaxophon-Keilwerth-The-New-King-versilbert-24.jpg 1024w, https:\/\/www.klangschmiede-kricke.ch\/wp-content\/uploads\/2023\/11\/Tenorsaxophon-Keilwerth-The-New-King-versilbert-24-300x200.jpg 300w, https:\/\/www.klangschmiede-kricke.ch\/wp-content\/uploads\/2023\/11\/Tenorsaxophon-Keilwerth-The-New-King-versilbert-24-768x512.jpg 768w\" sizes=\"(max-width: 1024px) 100vw, 1024px\" \/><\/figure>\n\n\n\n<figure class=\"wp-block-image size-full\"><img loading=\"lazy\" width=\"683\" height=\"1024\" src=\"http:\/\/www.klangschmiede-kricke.ch\/wp-content\/uploads\/2023\/11\/Tenorsaxophon-Keilwerth-The-New-King-versilbert-26-1-rotated.jpg\" alt=\"\" class=\"wp-image-2686\" srcset=\"https:\/\/www.klangschmiede-kricke.ch\/wp-content\/uploads\/2023\/11\/Tenorsaxophon-Keilwerth-The-New-King-versilbert-26-1-rotated.jpg 683w, https:\/\/www.klangschmiede-kricke.ch\/wp-content\/uploads\/2023\/11\/Tenorsaxophon-Keilwerth-The-New-King-versilbert-26-1-200x300.jpg 200w\" sizes=\"(max-width: 683px) 100vw, 683px\" \/><\/figure>\n\n\n\n<figure class=\"wp-block-image size-full\"><img loading=\"lazy\" width=\"683\" height=\"1024\" src=\"http:\/\/www.klangschmiede-kricke.ch\/wp-content\/uploads\/2023\/11\/Tenorsaxophon-Keilwerth-The-New-King-versilbert-27.jpg\" alt=\"\" class=\"wp-image-2656\" srcset=\"https:\/\/www.klangschmiede-kricke.ch\/wp-content\/uploads\/2023\/11\/Tenorsaxophon-Keilwerth-The-New-King-versilbert-27.jpg 683w, https:\/\/www.klangschmiede-kricke.ch\/wp-content\/uploads\/2023\/11\/Tenorsaxophon-Keilwerth-The-New-King-versilbert-27-200x300.jpg 200w\" sizes=\"(max-width: 683px) 100vw, 683px\" \/><\/figure>\n\n\n\n<figure class=\"wp-block-image size-full\"><img loading=\"lazy\" width=\"1024\" height=\"683\" src=\"http:\/\/www.klangschmiede-kricke.ch\/wp-content\/uploads\/2023\/11\/Tenorsaxophon-Keilwerth-The-New-King-versilbert-28.jpg\" alt=\"\" class=\"wp-image-2657\" srcset=\"https:\/\/www.klangschmiede-kricke.ch\/wp-content\/uploads\/2023\/11\/Tenorsaxophon-Keilwerth-The-New-King-versilbert-28.jpg 1024w, https:\/\/www.klangschmiede-kricke.ch\/wp-content\/uploads\/2023\/11\/Tenorsaxophon-Keilwerth-The-New-King-versilbert-28-300x200.jpg 300w, https:\/\/www.klangschmiede-kricke.ch\/wp-content\/uploads\/2023\/11\/Tenorsaxophon-Keilwerth-The-New-King-versilbert-28-768x512.jpg 768w\" sizes=\"(max-width: 1024px) 100vw, 1024px\" \/><\/figure>\n\n\n\n<figure class=\"wp-block-image size-full\"><img loading=\"lazy\" width=\"1024\" height=\"683\" src=\"http:\/\/www.klangschmiede-kricke.ch\/wp-content\/uploads\/2023\/11\/Tenorsaxophon-Keilwerth-The-New-King-versilbert-29.jpg\" alt=\"\" class=\"wp-image-2658\" srcset=\"https:\/\/www.klangschmiede-kricke.ch\/wp-content\/uploads\/2023\/11\/Tenorsaxophon-Keilwerth-The-New-King-versilbert-29.jpg 1024w, https:\/\/www.klangschmiede-kricke.ch\/wp-content\/uploads\/2023\/11\/Tenorsaxophon-Keilwerth-The-New-King-versilbert-29-300x200.jpg 300w, https:\/\/www.klangschmiede-kricke.ch\/wp-content\/uploads\/2023\/11\/Tenorsaxophon-Keilwerth-The-New-King-versilbert-29-768x512.jpg 768w\" sizes=\"(max-width: 1024px) 100vw, 1024px\" \/><\/figure>\n\n\n\n<figure class=\"wp-block-image size-full\"><img loading=\"lazy\" width=\"1024\" height=\"683\" src=\"http:\/\/www.klangschmiede-kricke.ch\/wp-content\/uploads\/2023\/11\/Tenorsaxophon-Keilwerth-The-New-King-versilbert-30.jpg\" alt=\"\" class=\"wp-image-2659\" srcset=\"https:\/\/www.klangschmiede-kricke.ch\/wp-content\/uploads\/2023\/11\/Tenorsaxophon-Keilwerth-The-New-King-versilbert-30.jpg 1024w, https:\/\/www.klangschmiede-kricke.ch\/wp-content\/uploads\/2023\/11\/Tenorsaxophon-Keilwerth-The-New-King-versilbert-30-300x200.jpg 300w, https:\/\/www.klangschmiede-kricke.ch\/wp-content\/uploads\/2023\/11\/Tenorsaxophon-Keilwerth-The-New-King-versilbert-30-768x512.jpg 768w\" sizes=\"(max-width: 1024px) 100vw, 1024px\" \/><\/figure>\n\n\n\n<figure class=\"wp-block-image size-full\"><img loading=\"lazy\" width=\"1024\" height=\"683\" src=\"http:\/\/www.klangschmiede-kricke.ch\/wp-content\/uploads\/2023\/11\/Tenorsaxophon-Keilwerth-The-New-King-versilbert-31.jpg\" alt=\"\" class=\"wp-image-2660\" srcset=\"https:\/\/www.klangschmiede-kricke.ch\/wp-content\/uploads\/2023\/11\/Tenorsaxophon-Keilwerth-The-New-King-versilbert-31.jpg 1024w, https:\/\/www.klangschmiede-kricke.ch\/wp-content\/uploads\/2023\/11\/Tenorsaxophon-Keilwerth-The-New-King-versilbert-31-300x200.jpg 300w, https:\/\/www.klangschmiede-kricke.ch\/wp-content\/uploads\/2023\/11\/Tenorsaxophon-Keilwerth-The-New-King-versilbert-31-768x512.jpg 768w\" sizes=\"(max-width: 1024px) 100vw, 1024px\" \/><\/figure>\n\n\n\n<figure class=\"wp-block-image size-full\"><img loading=\"lazy\" width=\"1024\" height=\"683\" src=\"http:\/\/www.klangschmiede-kricke.ch\/wp-content\/uploads\/2023\/11\/Tenorsaxophon-Keilwerth-The-New-King-versilbert-34.jpg\" alt=\"\" class=\"wp-image-2663\" srcset=\"https:\/\/www.klangschmiede-kricke.ch\/wp-content\/uploads\/2023\/11\/Tenorsaxophon-Keilwerth-The-New-King-versilbert-34.jpg 1024w, https:\/\/www.klangschmiede-kricke.ch\/wp-content\/uploads\/2023\/11\/Tenorsaxophon-Keilwerth-The-New-King-versilbert-34-300x200.jpg 300w, https:\/\/www.klangschmiede-kricke.ch\/wp-content\/uploads\/2023\/11\/Tenorsaxophon-Keilwerth-The-New-King-versilbert-34-768x512.jpg 768w\" sizes=\"(max-width: 1024px) 100vw, 1024px\" \/><\/figure>\n\n\n\n<figure class=\"wp-block-image size-full\"><img loading=\"lazy\" width=\"1024\" height=\"683\" src=\"http:\/\/www.klangschmiede-kricke.ch\/wp-content\/uploads\/2023\/11\/Tenorsaxophon-Keilwerth-The-New-King-versilbert-35.jpg\" alt=\"\" class=\"wp-image-2664\" srcset=\"https:\/\/www.klangschmiede-kricke.ch\/wp-content\/uploads\/2023\/11\/Tenorsaxophon-Keilwerth-The-New-King-versilbert-35.jpg 1024w, https:\/\/www.klangschmiede-kricke.ch\/wp-content\/uploads\/2023\/11\/Tenorsaxophon-Keilwerth-The-New-King-versilbert-35-300x200.jpg 300w, https:\/\/www.klangschmiede-kricke.ch\/wp-content\/uploads\/2023\/11\/Tenorsaxophon-Keilwerth-The-New-King-versilbert-35-768x512.jpg 768w\" sizes=\"(max-width: 1024px) 100vw, 1024px\" \/><\/figure>\n\n\n\n<figure class=\"wp-block-image size-full\"><img loading=\"lazy\" width=\"1024\" height=\"683\" src=\"http:\/\/www.klangschmiede-kricke.ch\/wp-content\/uploads\/2023\/11\/Tenorsaxophon-Keilwerth-The-New-King-versilbert-36.jpg\" alt=\"\" class=\"wp-image-2665\" srcset=\"https:\/\/www.klangschmiede-kricke.ch\/wp-content\/uploads\/2023\/11\/Tenorsaxophon-Keilwerth-The-New-King-versilbert-36.jpg 1024w, https:\/\/www.klangschmiede-kricke.ch\/wp-content\/uploads\/2023\/11\/Tenorsaxophon-Keilwerth-The-New-King-versilbert-36-300x200.jpg 300w, https:\/\/www.klangschmiede-kricke.ch\/wp-content\/uploads\/2023\/11\/Tenorsaxophon-Keilwerth-The-New-King-versilbert-36-768x512.jpg 768w\" sizes=\"(max-width: 1024px) 100vw, 1024px\" \/><\/figure>\n\n\n\n<p>Ein wundersch\u00f6n erhaltener Vintage-Klassiker der Firma Keilwerth aus der genau richtigen Zeit des Saxophonbaus! <br>Bin fast geneigt dazu, dieses Horn als &#171;neu&#187; zu verkaufen, trotz des Wissens, dass es schon ann\u00e4hernd 70 Jahre auf dem Buckel hat. Hier gibt es keinerlei Spuren der Alterung und das Instrument stammt aus erster Hand von einem Musiker, der recht Sorge getragen hat.<br>Trotzdem wurden bei der Revision alle m\u00f6glichen Teile ersetzt oder aufgewertet, so dass es f\u00fcr die n\u00e4chste Generation top spielbar ist. Die Versilberung wurde per Hand schonend aufpoliert, alle Nadelfedern wurden durch neue, gebl\u00e4ute Federn ersetzt und ich habe f\u00fcr dieses Schmuckst\u00fcck auch meine eigenen ein- und ausschraubbaren Resonatoren verwendet. <br>Das Saxophon hat geb\u00f6rdelte Tonlochkamine und den typischen &#171;Engelsfl\u00fcgel&#187; als Klappenschutz.<br><\/p>\n\n\n\n<p class=\"has-text-align-right\"><em>Preis auf Anfrage<\/em><\/p>\n","protected":false},"excerpt":{"rendered":"<p>Ein wundersch\u00f6n erhaltener Vintage-Klassiker der Firma Keilwerth aus der genau richtigen Zeit des Saxophonbaus! Bin fast geneigt dazu, dieses Horn als &#171;neu&#187; zu verkaufen, trotz des Wissens, dass es schon<\/p>\n<p class=\"more-link\"><a href=\"https:\/\/www.klangschmiede-kricke.ch\/index.php\/tenorsaxophon-keilwerth-the-new-king-2\/\" class=\"readmore\">Continue reading&#8230;<span class=\"screen-reader-text\">Tenorsaxophon Keilwerth &#171;The New King&#187;, 1958<\/span><\/a><\/p>\n","protected":false},"author":1,"featured_media":0,"parent":0,"menu_order":0,"comment_status":"closed","ping_status":"closed","template":"","meta":[],"_links":{"self":[{"href":"https:\/\/www.klangschmiede-kricke.ch\/index.php\/wp-json\/wp\/v2\/pages\/2629"}],"collection":[{"href":"https:\/\/www.klangschmiede-kricke.ch\/index.php\/wp-json\/wp\/v2\/pages"}],"about":[{"href":"https:\/\/www.klangschmiede-kricke.ch\/index.php\/wp-json\/wp\/v2\/types\/page"}],"author":[{"embeddable":true,"href":"https:\/\/www.klangschmiede-kricke.ch\/index.php\/wp-json\/wp\/v2\/users\/1"}],"replies":[{"embeddable":true,"href":"https:\/\/www.klangschmiede-kricke.ch\/index.php\/wp-json\/wp\/v2\/comments?post=2629"}],"version-history":[{"count":14,"href":"https:\/\/www.klangschmiede-kricke.ch\/index.php\/wp-json\/wp\/v2\/pages\/2629\/revisions"}],"predecessor-version":[{"id":3297,"href":"https:\/\/www.klangschmiede-kricke.ch\/index.php\/wp-json\/wp\/v2\/pages\/2629\/revisions\/3297"}],"wp:attachment":[{"href":"https:\/\/www.klangschmiede-kricke.ch\/index.php\/wp-json\/wp\/v2\/media?parent=2629"}],"curies":[{"name":"wp","href":"https:\/\/api.w.org\/{rel}","templated":true}]}}