{"id":1509,"date":"2022-01-30T07:25:27","date_gmt":"2022-01-30T07:25:27","guid":{"rendered":"http:\/\/www.klangschmiede-kricke.ch\/?page_id=1509"},"modified":"2023-12-03T18:18:57","modified_gmt":"2023-12-03T18:18:57","slug":"altsaxophon-kohlert-the-kohlert-55-2","status":"publish","type":"page","link":"https:\/\/www.klangschmiede-kricke.ch\/index.php\/altsaxophon-kohlert-the-kohlert-55-2\/","title":{"rendered":"Altsaxophon Kohlert &#171;The Kohlert 55&#187;"},"content":{"rendered":"\n<figure class=\"wp-block-image size-full\"><img loading=\"lazy\" width=\"683\" height=\"1024\" src=\"http:\/\/www.klangschmiede-kricke.ch\/wp-content\/uploads\/2023\/12\/Altsaxophon-The-Kohlert-55-30.jpg\" alt=\"\" class=\"wp-image-2716\" srcset=\"https:\/\/www.klangschmiede-kricke.ch\/wp-content\/uploads\/2023\/12\/Altsaxophon-The-Kohlert-55-30.jpg 683w, https:\/\/www.klangschmiede-kricke.ch\/wp-content\/uploads\/2023\/12\/Altsaxophon-The-Kohlert-55-30-200x300.jpg 200w\" sizes=\"(max-width: 683px) 100vw, 683px\" \/><\/figure>\n\n\n\n<figure class=\"wp-block-image size-full\"><img loading=\"lazy\" width=\"1024\" height=\"683\" src=\"http:\/\/www.klangschmiede-kricke.ch\/wp-content\/uploads\/2022\/01\/Altsaxophon-The-Kohlert-55-3.jpg\" alt=\"\" class=\"wp-image-1511\" srcset=\"https:\/\/www.klangschmiede-kricke.ch\/wp-content\/uploads\/2022\/01\/Altsaxophon-The-Kohlert-55-3.jpg 1024w, https:\/\/www.klangschmiede-kricke.ch\/wp-content\/uploads\/2022\/01\/Altsaxophon-The-Kohlert-55-3-300x200.jpg 300w, https:\/\/www.klangschmiede-kricke.ch\/wp-content\/uploads\/2022\/01\/Altsaxophon-The-Kohlert-55-3-768x512.jpg 768w\" sizes=\"(max-width: 1024px) 100vw, 1024px\" \/><\/figure>\n\n\n\n<figure class=\"wp-block-image size-full\"><img loading=\"lazy\" width=\"1024\" height=\"683\" src=\"http:\/\/www.klangschmiede-kricke.ch\/wp-content\/uploads\/2022\/01\/Altsaxophon-The-Kohlert-55-4.jpg\" alt=\"\" class=\"wp-image-1512\" srcset=\"https:\/\/www.klangschmiede-kricke.ch\/wp-content\/uploads\/2022\/01\/Altsaxophon-The-Kohlert-55-4.jpg 1024w, https:\/\/www.klangschmiede-kricke.ch\/wp-content\/uploads\/2022\/01\/Altsaxophon-The-Kohlert-55-4-300x200.jpg 300w, https:\/\/www.klangschmiede-kricke.ch\/wp-content\/uploads\/2022\/01\/Altsaxophon-The-Kohlert-55-4-768x512.jpg 768w\" sizes=\"(max-width: 1024px) 100vw, 1024px\" \/><\/figure>\n\n\n\n<figure class=\"wp-block-image size-full\"><img loading=\"lazy\" width=\"683\" height=\"1024\" src=\"http:\/\/www.klangschmiede-kricke.ch\/wp-content\/uploads\/2022\/01\/Altsaxophon-The-Kohlert-55-5.jpg\" alt=\"\" class=\"wp-image-1513\" srcset=\"https:\/\/www.klangschmiede-kricke.ch\/wp-content\/uploads\/2022\/01\/Altsaxophon-The-Kohlert-55-5.jpg 683w, https:\/\/www.klangschmiede-kricke.ch\/wp-content\/uploads\/2022\/01\/Altsaxophon-The-Kohlert-55-5-200x300.jpg 200w\" sizes=\"(max-width: 683px) 100vw, 683px\" \/><\/figure>\n\n\n\n<figure class=\"wp-block-image size-full\"><img loading=\"lazy\" width=\"683\" height=\"1024\" src=\"http:\/\/www.klangschmiede-kricke.ch\/wp-content\/uploads\/2022\/01\/Altsaxophon-The-Kohlert-55-6.jpg\" alt=\"\" class=\"wp-image-1514\" srcset=\"https:\/\/www.klangschmiede-kricke.ch\/wp-content\/uploads\/2022\/01\/Altsaxophon-The-Kohlert-55-6.jpg 683w, https:\/\/www.klangschmiede-kricke.ch\/wp-content\/uploads\/2022\/01\/Altsaxophon-The-Kohlert-55-6-200x300.jpg 200w\" sizes=\"(max-width: 683px) 100vw, 683px\" \/><\/figure>\n\n\n\n<figure class=\"wp-block-image size-full\"><img loading=\"lazy\" width=\"683\" height=\"1024\" src=\"http:\/\/www.klangschmiede-kricke.ch\/wp-content\/uploads\/2022\/01\/Altsaxophon-The-Kohlert-55-7.jpg\" alt=\"\" class=\"wp-image-1515\" srcset=\"https:\/\/www.klangschmiede-kricke.ch\/wp-content\/uploads\/2022\/01\/Altsaxophon-The-Kohlert-55-7.jpg 683w, https:\/\/www.klangschmiede-kricke.ch\/wp-content\/uploads\/2022\/01\/Altsaxophon-The-Kohlert-55-7-200x300.jpg 200w\" sizes=\"(max-width: 683px) 100vw, 683px\" \/><\/figure>\n\n\n\n<figure class=\"wp-block-image size-full\"><img loading=\"lazy\" width=\"1024\" height=\"683\" src=\"http:\/\/www.klangschmiede-kricke.ch\/wp-content\/uploads\/2022\/01\/Altsaxophon-The-Kohlert-55-8.jpg\" alt=\"\" class=\"wp-image-1516\" srcset=\"https:\/\/www.klangschmiede-kricke.ch\/wp-content\/uploads\/2022\/01\/Altsaxophon-The-Kohlert-55-8.jpg 1024w, https:\/\/www.klangschmiede-kricke.ch\/wp-content\/uploads\/2022\/01\/Altsaxophon-The-Kohlert-55-8-300x200.jpg 300w, https:\/\/www.klangschmiede-kricke.ch\/wp-content\/uploads\/2022\/01\/Altsaxophon-The-Kohlert-55-8-768x512.jpg 768w\" sizes=\"(max-width: 1024px) 100vw, 1024px\" \/><\/figure>\n\n\n\n<figure class=\"wp-block-image size-full\"><img loading=\"lazy\" width=\"1024\" height=\"683\" src=\"http:\/\/www.klangschmiede-kricke.ch\/wp-content\/uploads\/2022\/01\/Altsaxophon-The-Kohlert-55-9.jpg\" alt=\"\" class=\"wp-image-1517\" srcset=\"https:\/\/www.klangschmiede-kricke.ch\/wp-content\/uploads\/2022\/01\/Altsaxophon-The-Kohlert-55-9.jpg 1024w, https:\/\/www.klangschmiede-kricke.ch\/wp-content\/uploads\/2022\/01\/Altsaxophon-The-Kohlert-55-9-300x200.jpg 300w, https:\/\/www.klangschmiede-kricke.ch\/wp-content\/uploads\/2022\/01\/Altsaxophon-The-Kohlert-55-9-768x512.jpg 768w\" sizes=\"(max-width: 1024px) 100vw, 1024px\" \/><\/figure>\n\n\n\n<figure class=\"wp-block-image size-full\"><img loading=\"lazy\" width=\"1024\" height=\"683\" src=\"http:\/\/www.klangschmiede-kricke.ch\/wp-content\/uploads\/2022\/01\/Altsaxophon-The-Kohlert-55-10.jpg\" alt=\"\" class=\"wp-image-1518\" srcset=\"https:\/\/www.klangschmiede-kricke.ch\/wp-content\/uploads\/2022\/01\/Altsaxophon-The-Kohlert-55-10.jpg 1024w, https:\/\/www.klangschmiede-kricke.ch\/wp-content\/uploads\/2022\/01\/Altsaxophon-The-Kohlert-55-10-300x200.jpg 300w, https:\/\/www.klangschmiede-kricke.ch\/wp-content\/uploads\/2022\/01\/Altsaxophon-The-Kohlert-55-10-768x512.jpg 768w\" sizes=\"(max-width: 1024px) 100vw, 1024px\" \/><\/figure>\n\n\n\n<figure class=\"wp-block-image size-full\"><img loading=\"lazy\" width=\"1024\" height=\"683\" src=\"http:\/\/www.klangschmiede-kricke.ch\/wp-content\/uploads\/2022\/01\/Altsaxophon-The-Kohlert-55-11.jpg\" alt=\"\" class=\"wp-image-1519\" srcset=\"https:\/\/www.klangschmiede-kricke.ch\/wp-content\/uploads\/2022\/01\/Altsaxophon-The-Kohlert-55-11.jpg 1024w, https:\/\/www.klangschmiede-kricke.ch\/wp-content\/uploads\/2022\/01\/Altsaxophon-The-Kohlert-55-11-300x200.jpg 300w, https:\/\/www.klangschmiede-kricke.ch\/wp-content\/uploads\/2022\/01\/Altsaxophon-The-Kohlert-55-11-768x512.jpg 768w\" sizes=\"(max-width: 1024px) 100vw, 1024px\" \/><\/figure>\n\n\n\n<figure class=\"wp-block-image size-full\"><img loading=\"lazy\" width=\"1024\" height=\"683\" src=\"http:\/\/www.klangschmiede-kricke.ch\/wp-content\/uploads\/2022\/01\/Altsaxophon-The-Kohlert-55-12.jpg\" alt=\"\" class=\"wp-image-1520\" srcset=\"https:\/\/www.klangschmiede-kricke.ch\/wp-content\/uploads\/2022\/01\/Altsaxophon-The-Kohlert-55-12.jpg 1024w, https:\/\/www.klangschmiede-kricke.ch\/wp-content\/uploads\/2022\/01\/Altsaxophon-The-Kohlert-55-12-300x200.jpg 300w, https:\/\/www.klangschmiede-kricke.ch\/wp-content\/uploads\/2022\/01\/Altsaxophon-The-Kohlert-55-12-768x512.jpg 768w\" sizes=\"(max-width: 1024px) 100vw, 1024px\" \/><\/figure>\n\n\n\n<figure class=\"wp-block-image size-full\"><img loading=\"lazy\" width=\"683\" height=\"1024\" src=\"http:\/\/www.klangschmiede-kricke.ch\/wp-content\/uploads\/2022\/01\/Altsaxophon-The-Kohlert-55-13.jpg\" alt=\"\" class=\"wp-image-1521\" srcset=\"https:\/\/www.klangschmiede-kricke.ch\/wp-content\/uploads\/2022\/01\/Altsaxophon-The-Kohlert-55-13.jpg 683w, https:\/\/www.klangschmiede-kricke.ch\/wp-content\/uploads\/2022\/01\/Altsaxophon-The-Kohlert-55-13-200x300.jpg 200w\" sizes=\"(max-width: 683px) 100vw, 683px\" \/><\/figure>\n\n\n\n<figure class=\"wp-block-image size-full\"><img loading=\"lazy\" width=\"683\" height=\"1024\" src=\"http:\/\/www.klangschmiede-kricke.ch\/wp-content\/uploads\/2022\/01\/Altsaxophon-The-Kohlert-55-14.jpg\" alt=\"\" class=\"wp-image-1522\" srcset=\"https:\/\/www.klangschmiede-kricke.ch\/wp-content\/uploads\/2022\/01\/Altsaxophon-The-Kohlert-55-14.jpg 683w, https:\/\/www.klangschmiede-kricke.ch\/wp-content\/uploads\/2022\/01\/Altsaxophon-The-Kohlert-55-14-200x300.jpg 200w\" sizes=\"(max-width: 683px) 100vw, 683px\" \/><\/figure>\n\n\n\n<figure class=\"wp-block-image size-full\"><img loading=\"lazy\" width=\"1024\" height=\"683\" src=\"http:\/\/www.klangschmiede-kricke.ch\/wp-content\/uploads\/2022\/01\/Altsaxophon-The-Kohlert-55-15.jpg\" alt=\"\" class=\"wp-image-1523\" srcset=\"https:\/\/www.klangschmiede-kricke.ch\/wp-content\/uploads\/2022\/01\/Altsaxophon-The-Kohlert-55-15.jpg 1024w, https:\/\/www.klangschmiede-kricke.ch\/wp-content\/uploads\/2022\/01\/Altsaxophon-The-Kohlert-55-15-300x200.jpg 300w, https:\/\/www.klangschmiede-kricke.ch\/wp-content\/uploads\/2022\/01\/Altsaxophon-The-Kohlert-55-15-768x512.jpg 768w\" sizes=\"(max-width: 1024px) 100vw, 1024px\" \/><\/figure>\n\n\n\n<figure class=\"wp-block-image size-full\"><img loading=\"lazy\" width=\"1024\" height=\"683\" src=\"http:\/\/www.klangschmiede-kricke.ch\/wp-content\/uploads\/2022\/01\/Altsaxophon-The-Kohlert-55-16.jpg\" alt=\"\" class=\"wp-image-1524\" srcset=\"https:\/\/www.klangschmiede-kricke.ch\/wp-content\/uploads\/2022\/01\/Altsaxophon-The-Kohlert-55-16.jpg 1024w, https:\/\/www.klangschmiede-kricke.ch\/wp-content\/uploads\/2022\/01\/Altsaxophon-The-Kohlert-55-16-300x200.jpg 300w, https:\/\/www.klangschmiede-kricke.ch\/wp-content\/uploads\/2022\/01\/Altsaxophon-The-Kohlert-55-16-768x512.jpg 768w\" sizes=\"(max-width: 1024px) 100vw, 1024px\" \/><\/figure>\n\n\n\n<figure class=\"wp-block-image size-full\"><img loading=\"lazy\" width=\"1024\" height=\"683\" src=\"http:\/\/www.klangschmiede-kricke.ch\/wp-content\/uploads\/2022\/01\/Altsaxophon-The-Kohlert-55-17.jpg\" alt=\"\" class=\"wp-image-1525\" srcset=\"https:\/\/www.klangschmiede-kricke.ch\/wp-content\/uploads\/2022\/01\/Altsaxophon-The-Kohlert-55-17.jpg 1024w, https:\/\/www.klangschmiede-kricke.ch\/wp-content\/uploads\/2022\/01\/Altsaxophon-The-Kohlert-55-17-300x200.jpg 300w, https:\/\/www.klangschmiede-kricke.ch\/wp-content\/uploads\/2022\/01\/Altsaxophon-The-Kohlert-55-17-768x512.jpg 768w\" sizes=\"(max-width: 1024px) 100vw, 1024px\" \/><\/figure>\n\n\n\n<figure class=\"wp-block-image size-full\"><img loading=\"lazy\" width=\"683\" height=\"1024\" src=\"http:\/\/www.klangschmiede-kricke.ch\/wp-content\/uploads\/2022\/01\/Altsaxophon-The-Kohlert-55-18.jpg\" alt=\"\" class=\"wp-image-1526\" srcset=\"https:\/\/www.klangschmiede-kricke.ch\/wp-content\/uploads\/2022\/01\/Altsaxophon-The-Kohlert-55-18.jpg 683w, https:\/\/www.klangschmiede-kricke.ch\/wp-content\/uploads\/2022\/01\/Altsaxophon-The-Kohlert-55-18-200x300.jpg 200w\" sizes=\"(max-width: 683px) 100vw, 683px\" \/><\/figure>\n\n\n\n<figure class=\"wp-block-image size-full\"><img loading=\"lazy\" width=\"683\" height=\"1024\" src=\"http:\/\/www.klangschmiede-kricke.ch\/wp-content\/uploads\/2022\/01\/Altsaxophon-The-Kohlert-55-19.jpg\" alt=\"\" class=\"wp-image-1527\" srcset=\"https:\/\/www.klangschmiede-kricke.ch\/wp-content\/uploads\/2022\/01\/Altsaxophon-The-Kohlert-55-19.jpg 683w, https:\/\/www.klangschmiede-kricke.ch\/wp-content\/uploads\/2022\/01\/Altsaxophon-The-Kohlert-55-19-200x300.jpg 200w\" sizes=\"(max-width: 683px) 100vw, 683px\" \/><\/figure>\n\n\n\n<figure class=\"wp-block-image size-full\"><img loading=\"lazy\" width=\"1024\" height=\"683\" src=\"http:\/\/www.klangschmiede-kricke.ch\/wp-content\/uploads\/2022\/01\/Altsaxophon-The-Kohlert-55-20.jpg\" alt=\"\" class=\"wp-image-1528\" srcset=\"https:\/\/www.klangschmiede-kricke.ch\/wp-content\/uploads\/2022\/01\/Altsaxophon-The-Kohlert-55-20.jpg 1024w, https:\/\/www.klangschmiede-kricke.ch\/wp-content\/uploads\/2022\/01\/Altsaxophon-The-Kohlert-55-20-300x200.jpg 300w, https:\/\/www.klangschmiede-kricke.ch\/wp-content\/uploads\/2022\/01\/Altsaxophon-The-Kohlert-55-20-768x512.jpg 768w\" sizes=\"(max-width: 1024px) 100vw, 1024px\" \/><\/figure>\n\n\n\n<figure class=\"wp-block-image size-full\"><img loading=\"lazy\" width=\"1024\" height=\"683\" src=\"http:\/\/www.klangschmiede-kricke.ch\/wp-content\/uploads\/2022\/01\/Altsaxophon-The-Kohlert-55-21.jpg\" alt=\"\" class=\"wp-image-1529\" srcset=\"https:\/\/www.klangschmiede-kricke.ch\/wp-content\/uploads\/2022\/01\/Altsaxophon-The-Kohlert-55-21.jpg 1024w, https:\/\/www.klangschmiede-kricke.ch\/wp-content\/uploads\/2022\/01\/Altsaxophon-The-Kohlert-55-21-300x200.jpg 300w, https:\/\/www.klangschmiede-kricke.ch\/wp-content\/uploads\/2022\/01\/Altsaxophon-The-Kohlert-55-21-768x512.jpg 768w\" sizes=\"(max-width: 1024px) 100vw, 1024px\" \/><\/figure>\n\n\n\n<figure class=\"wp-block-image size-full\"><img loading=\"lazy\" width=\"1024\" height=\"683\" src=\"http:\/\/www.klangschmiede-kricke.ch\/wp-content\/uploads\/2022\/01\/Altsaxophon-The-Kohlert-55-22.jpg\" alt=\"\" class=\"wp-image-1530\" srcset=\"https:\/\/www.klangschmiede-kricke.ch\/wp-content\/uploads\/2022\/01\/Altsaxophon-The-Kohlert-55-22.jpg 1024w, https:\/\/www.klangschmiede-kricke.ch\/wp-content\/uploads\/2022\/01\/Altsaxophon-The-Kohlert-55-22-300x200.jpg 300w, https:\/\/www.klangschmiede-kricke.ch\/wp-content\/uploads\/2022\/01\/Altsaxophon-The-Kohlert-55-22-768x512.jpg 768w\" sizes=\"(max-width: 1024px) 100vw, 1024px\" \/><\/figure>\n\n\n\n<figure class=\"wp-block-image size-full\"><img loading=\"lazy\" width=\"1024\" height=\"683\" src=\"http:\/\/www.klangschmiede-kricke.ch\/wp-content\/uploads\/2022\/01\/Altsaxophon-The-Kohlert-55-23.jpg\" alt=\"\" class=\"wp-image-1531\" srcset=\"https:\/\/www.klangschmiede-kricke.ch\/wp-content\/uploads\/2022\/01\/Altsaxophon-The-Kohlert-55-23.jpg 1024w, https:\/\/www.klangschmiede-kricke.ch\/wp-content\/uploads\/2022\/01\/Altsaxophon-The-Kohlert-55-23-300x200.jpg 300w, https:\/\/www.klangschmiede-kricke.ch\/wp-content\/uploads\/2022\/01\/Altsaxophon-The-Kohlert-55-23-768x512.jpg 768w\" sizes=\"(max-width: 1024px) 100vw, 1024px\" \/><\/figure>\n\n\n\n<figure class=\"wp-block-image size-full\"><img loading=\"lazy\" width=\"683\" height=\"1024\" src=\"http:\/\/www.klangschmiede-kricke.ch\/wp-content\/uploads\/2022\/01\/Altsaxophon-The-Kohlert-55-24.jpg\" alt=\"\" class=\"wp-image-1532\" srcset=\"https:\/\/www.klangschmiede-kricke.ch\/wp-content\/uploads\/2022\/01\/Altsaxophon-The-Kohlert-55-24.jpg 683w, https:\/\/www.klangschmiede-kricke.ch\/wp-content\/uploads\/2022\/01\/Altsaxophon-The-Kohlert-55-24-200x300.jpg 200w\" sizes=\"(max-width: 683px) 100vw, 683px\" \/><\/figure>\n\n\n\n<figure class=\"wp-block-image size-full\"><img loading=\"lazy\" width=\"1024\" height=\"683\" src=\"http:\/\/www.klangschmiede-kricke.ch\/wp-content\/uploads\/2022\/01\/Altsaxophon-The-Kohlert-55-25.jpg\" alt=\"\" class=\"wp-image-1533\" srcset=\"https:\/\/www.klangschmiede-kricke.ch\/wp-content\/uploads\/2022\/01\/Altsaxophon-The-Kohlert-55-25.jpg 1024w, https:\/\/www.klangschmiede-kricke.ch\/wp-content\/uploads\/2022\/01\/Altsaxophon-The-Kohlert-55-25-300x200.jpg 300w, https:\/\/www.klangschmiede-kricke.ch\/wp-content\/uploads\/2022\/01\/Altsaxophon-The-Kohlert-55-25-768x512.jpg 768w\" sizes=\"(max-width: 1024px) 100vw, 1024px\" \/><\/figure>\n\n\n\n<figure class=\"wp-block-image size-full\"><img loading=\"lazy\" width=\"1024\" height=\"683\" src=\"http:\/\/www.klangschmiede-kricke.ch\/wp-content\/uploads\/2022\/01\/Altsaxophon-The-Kohlert-55-26.jpg\" alt=\"\" class=\"wp-image-1534\" srcset=\"https:\/\/www.klangschmiede-kricke.ch\/wp-content\/uploads\/2022\/01\/Altsaxophon-The-Kohlert-55-26.jpg 1024w, https:\/\/www.klangschmiede-kricke.ch\/wp-content\/uploads\/2022\/01\/Altsaxophon-The-Kohlert-55-26-300x200.jpg 300w, https:\/\/www.klangschmiede-kricke.ch\/wp-content\/uploads\/2022\/01\/Altsaxophon-The-Kohlert-55-26-768x512.jpg 768w\" sizes=\"(max-width: 1024px) 100vw, 1024px\" \/><\/figure>\n\n\n\n<figure class=\"wp-block-image size-full\"><img loading=\"lazy\" width=\"1024\" height=\"683\" src=\"http:\/\/www.klangschmiede-kricke.ch\/wp-content\/uploads\/2022\/01\/Altsaxophon-The-Kohlert-55-27.jpg\" alt=\"\" class=\"wp-image-1535\" srcset=\"https:\/\/www.klangschmiede-kricke.ch\/wp-content\/uploads\/2022\/01\/Altsaxophon-The-Kohlert-55-27.jpg 1024w, https:\/\/www.klangschmiede-kricke.ch\/wp-content\/uploads\/2022\/01\/Altsaxophon-The-Kohlert-55-27-300x200.jpg 300w, https:\/\/www.klangschmiede-kricke.ch\/wp-content\/uploads\/2022\/01\/Altsaxophon-The-Kohlert-55-27-768x512.jpg 768w\" sizes=\"(max-width: 1024px) 100vw, 1024px\" \/><\/figure>\n\n\n\n<figure class=\"wp-block-image size-full\"><img loading=\"lazy\" width=\"1024\" height=\"683\" src=\"http:\/\/www.klangschmiede-kricke.ch\/wp-content\/uploads\/2022\/01\/Altsaxophon-The-Kohlert-55-28.jpg\" alt=\"\" class=\"wp-image-1536\" srcset=\"https:\/\/www.klangschmiede-kricke.ch\/wp-content\/uploads\/2022\/01\/Altsaxophon-The-Kohlert-55-28.jpg 1024w, https:\/\/www.klangschmiede-kricke.ch\/wp-content\/uploads\/2022\/01\/Altsaxophon-The-Kohlert-55-28-300x200.jpg 300w, https:\/\/www.klangschmiede-kricke.ch\/wp-content\/uploads\/2022\/01\/Altsaxophon-The-Kohlert-55-28-768x512.jpg 768w\" sizes=\"(max-width: 1024px) 100vw, 1024px\" \/><\/figure>\n\n\n\n<figure class=\"wp-block-image size-full\"><img loading=\"lazy\" width=\"1024\" height=\"683\" src=\"http:\/\/www.klangschmiede-kricke.ch\/wp-content\/uploads\/2022\/01\/Altsaxophon-The-Kohlert-55-29.jpg\" alt=\"\" class=\"wp-image-1537\" srcset=\"https:\/\/www.klangschmiede-kricke.ch\/wp-content\/uploads\/2022\/01\/Altsaxophon-The-Kohlert-55-29.jpg 1024w, https:\/\/www.klangschmiede-kricke.ch\/wp-content\/uploads\/2022\/01\/Altsaxophon-The-Kohlert-55-29-300x200.jpg 300w, https:\/\/www.klangschmiede-kricke.ch\/wp-content\/uploads\/2022\/01\/Altsaxophon-The-Kohlert-55-29-768x512.jpg 768w\" sizes=\"(max-width: 1024px) 100vw, 1024px\" \/><\/figure>\n\n\n\n<p>Ein weiterer Vintage-Klassiker von Kohlert aus den 50ern ist fertig geworden!<br>Diese H\u00f6rner wurden im s\u00fcddeutschen Winnenden auch f\u00fcr den amerikanischen Markt gebaut, weswegen die Bezeichnung &#171;The Kohlert 55&#187; und der etwas dunklere Goldlack.<br>Ein sehr schlank und leicht gebautes Instrument ohne grosse Schikanen, was sich auch beim Spielen zeigt, mit einfachem Handling und butterweicher Ansprache.<br>Bei der General\u00fcberholung wurden alle Spitzfedern durch neue, gebl\u00e4ute Federn ersetzt und auch sonst alle Einzelteile, wie Blattfedern und Schr\u00e4ubchen aufgewertet und gebl\u00e4ut. Auf dem letzten Bild sieht man, dass manche Blattfedern damals durch eine zweite Schraube gesichert wurden.<br>Das Instrument ist mit eigens angefertigten ein-\/ausschraubbaren Resonatoren und Dr\u00fccker-Inlays ausgestattet.<br>Mit dabei ist ein neuer Form-Koffer und ein gratis Check im ersten halben Jahr!<\/p>\n\n\n\n<p class=\"has-text-align-right\"><em>Preis auf Anfrage<\/em><br><\/p>\n","protected":false},"excerpt":{"rendered":"<p>Ein weiterer Vintage-Klassiker von Kohlert aus den 50ern ist fertig geworden!Diese H\u00f6rner wurden im s\u00fcddeutschen Winnenden auch f\u00fcr den amerikanischen Markt gebaut, weswegen die Bezeichnung &#171;The Kohlert 55&#187; und der<\/p>\n<p class=\"more-link\"><a href=\"https:\/\/www.klangschmiede-kricke.ch\/index.php\/altsaxophon-kohlert-the-kohlert-55-2\/\" class=\"readmore\">Continue reading&#8230;<span class=\"screen-reader-text\">Altsaxophon Kohlert &#171;The Kohlert 55&#187;<\/span><\/a><\/p>\n","protected":false},"author":1,"featured_media":0,"parent":0,"menu_order":0,"comment_status":"closed","ping_status":"closed","template":"","meta":[],"_links":{"self":[{"href":"https:\/\/www.klangschmiede-kricke.ch\/index.php\/wp-json\/wp\/v2\/pages\/1509"}],"collection":[{"href":"https:\/\/www.klangschmiede-kricke.ch\/index.php\/wp-json\/wp\/v2\/pages"}],"about":[{"href":"https:\/\/www.klangschmiede-kricke.ch\/index.php\/wp-json\/wp\/v2\/types\/page"}],"author":[{"embeddable":true,"href":"https:\/\/www.klangschmiede-kricke.ch\/index.php\/wp-json\/wp\/v2\/users\/1"}],"replies":[{"embeddable":true,"href":"https:\/\/www.klangschmiede-kricke.ch\/index.php\/wp-json\/wp\/v2\/comments?post=1509"}],"version-history":[{"count":9,"href":"https:\/\/www.klangschmiede-kricke.ch\/index.php\/wp-json\/wp\/v2\/pages\/1509\/revisions"}],"predecessor-version":[{"id":2717,"href":"https:\/\/www.klangschmiede-kricke.ch\/index.php\/wp-json\/wp\/v2\/pages\/1509\/revisions\/2717"}],"wp:attachment":[{"href":"https:\/\/www.klangschmiede-kricke.ch\/index.php\/wp-json\/wp\/v2\/media?parent=1509"}],"curies":[{"name":"wp","href":"https:\/\/api.w.org\/{rel}","templated":true}]}}