{"id":1423,"date":"2022-01-16T18:50:04","date_gmt":"2022-01-16T18:50:04","guid":{"rendered":"http:\/\/www.klangschmiede-kricke.ch\/?page_id=1423"},"modified":"2022-07-19T06:50:09","modified_gmt":"2022-07-19T06:50:09","slug":"holzquerfloete-a-seidel-hamburg-2","status":"publish","type":"page","link":"https:\/\/www.klangschmiede-kricke.ch\/index.php\/holzquerfloete-a-seidel-hamburg-2\/","title":{"rendered":"Holzquerfl\u00f6te A. Seidel, Hamburg"},"content":{"rendered":"\n<figure class=\"wp-block-image size-full\"><img loading=\"lazy\" width=\"1024\" height=\"683\" src=\"http:\/\/www.klangschmiede-kricke.ch\/wp-content\/uploads\/2022\/01\/Holz-Querfloete-A.-Seidel-Boehm-1.jpg\" alt=\"\" class=\"wp-image-1424\" srcset=\"https:\/\/www.klangschmiede-kricke.ch\/wp-content\/uploads\/2022\/01\/Holz-Querfloete-A.-Seidel-Boehm-1.jpg 1024w, https:\/\/www.klangschmiede-kricke.ch\/wp-content\/uploads\/2022\/01\/Holz-Querfloete-A.-Seidel-Boehm-1-300x200.jpg 300w, https:\/\/www.klangschmiede-kricke.ch\/wp-content\/uploads\/2022\/01\/Holz-Querfloete-A.-Seidel-Boehm-1-768x512.jpg 768w\" sizes=\"(max-width: 1024px) 100vw, 1024px\" \/><\/figure>\n\n\n\n<figure class=\"wp-block-image size-full\"><img loading=\"lazy\" width=\"1024\" height=\"683\" src=\"http:\/\/www.klangschmiede-kricke.ch\/wp-content\/uploads\/2022\/01\/Holz-Querfloete-A.-Seidel-Boehm-3.jpg\" alt=\"\" class=\"wp-image-1425\" srcset=\"https:\/\/www.klangschmiede-kricke.ch\/wp-content\/uploads\/2022\/01\/Holz-Querfloete-A.-Seidel-Boehm-3.jpg 1024w, https:\/\/www.klangschmiede-kricke.ch\/wp-content\/uploads\/2022\/01\/Holz-Querfloete-A.-Seidel-Boehm-3-300x200.jpg 300w, https:\/\/www.klangschmiede-kricke.ch\/wp-content\/uploads\/2022\/01\/Holz-Querfloete-A.-Seidel-Boehm-3-768x512.jpg 768w\" sizes=\"(max-width: 1024px) 100vw, 1024px\" \/><\/figure>\n\n\n\n<figure class=\"wp-block-image size-full\"><img loading=\"lazy\" width=\"1024\" height=\"683\" src=\"http:\/\/www.klangschmiede-kricke.ch\/wp-content\/uploads\/2022\/01\/Holz-Querfloete-A.-Seidel-Boehm-5.jpg\" alt=\"\" class=\"wp-image-1426\" srcset=\"https:\/\/www.klangschmiede-kricke.ch\/wp-content\/uploads\/2022\/01\/Holz-Querfloete-A.-Seidel-Boehm-5.jpg 1024w, https:\/\/www.klangschmiede-kricke.ch\/wp-content\/uploads\/2022\/01\/Holz-Querfloete-A.-Seidel-Boehm-5-300x200.jpg 300w, https:\/\/www.klangschmiede-kricke.ch\/wp-content\/uploads\/2022\/01\/Holz-Querfloete-A.-Seidel-Boehm-5-768x512.jpg 768w\" sizes=\"(max-width: 1024px) 100vw, 1024px\" \/><\/figure>\n\n\n\n<figure class=\"wp-block-image size-full\"><img loading=\"lazy\" width=\"1024\" height=\"683\" src=\"http:\/\/www.klangschmiede-kricke.ch\/wp-content\/uploads\/2022\/01\/Holz-Querfloete-A.-Seidel-Boehm-6.jpg\" alt=\"\" class=\"wp-image-1427\" srcset=\"https:\/\/www.klangschmiede-kricke.ch\/wp-content\/uploads\/2022\/01\/Holz-Querfloete-A.-Seidel-Boehm-6.jpg 1024w, https:\/\/www.klangschmiede-kricke.ch\/wp-content\/uploads\/2022\/01\/Holz-Querfloete-A.-Seidel-Boehm-6-300x200.jpg 300w, https:\/\/www.klangschmiede-kricke.ch\/wp-content\/uploads\/2022\/01\/Holz-Querfloete-A.-Seidel-Boehm-6-768x512.jpg 768w\" sizes=\"(max-width: 1024px) 100vw, 1024px\" \/><\/figure>\n\n\n\n<figure class=\"wp-block-image size-full\"><img loading=\"lazy\" width=\"1024\" height=\"683\" src=\"http:\/\/www.klangschmiede-kricke.ch\/wp-content\/uploads\/2022\/01\/Holz-Querfloete-A.-Seidel-Boehm-7.jpg\" alt=\"\" class=\"wp-image-1428\" srcset=\"https:\/\/www.klangschmiede-kricke.ch\/wp-content\/uploads\/2022\/01\/Holz-Querfloete-A.-Seidel-Boehm-7.jpg 1024w, https:\/\/www.klangschmiede-kricke.ch\/wp-content\/uploads\/2022\/01\/Holz-Querfloete-A.-Seidel-Boehm-7-300x200.jpg 300w, https:\/\/www.klangschmiede-kricke.ch\/wp-content\/uploads\/2022\/01\/Holz-Querfloete-A.-Seidel-Boehm-7-768x512.jpg 768w\" sizes=\"(max-width: 1024px) 100vw, 1024px\" \/><\/figure>\n\n\n\n<figure class=\"wp-block-image size-full\"><img loading=\"lazy\" width=\"1024\" height=\"683\" src=\"http:\/\/www.klangschmiede-kricke.ch\/wp-content\/uploads\/2022\/01\/Holz-Querfloete-A.-Seidel-Boehm-8.jpg\" alt=\"\" class=\"wp-image-1429\" srcset=\"https:\/\/www.klangschmiede-kricke.ch\/wp-content\/uploads\/2022\/01\/Holz-Querfloete-A.-Seidel-Boehm-8.jpg 1024w, https:\/\/www.klangschmiede-kricke.ch\/wp-content\/uploads\/2022\/01\/Holz-Querfloete-A.-Seidel-Boehm-8-300x200.jpg 300w, https:\/\/www.klangschmiede-kricke.ch\/wp-content\/uploads\/2022\/01\/Holz-Querfloete-A.-Seidel-Boehm-8-768x512.jpg 768w\" sizes=\"(max-width: 1024px) 100vw, 1024px\" \/><\/figure>\n\n\n\n<figure class=\"wp-block-image size-full\"><img loading=\"lazy\" width=\"1024\" height=\"683\" src=\"http:\/\/www.klangschmiede-kricke.ch\/wp-content\/uploads\/2022\/01\/Holz-Querfloete-A.-Seidel-Boehm-11.jpg\" alt=\"\" class=\"wp-image-1431\" srcset=\"https:\/\/www.klangschmiede-kricke.ch\/wp-content\/uploads\/2022\/01\/Holz-Querfloete-A.-Seidel-Boehm-11.jpg 1024w, https:\/\/www.klangschmiede-kricke.ch\/wp-content\/uploads\/2022\/01\/Holz-Querfloete-A.-Seidel-Boehm-11-300x200.jpg 300w, https:\/\/www.klangschmiede-kricke.ch\/wp-content\/uploads\/2022\/01\/Holz-Querfloete-A.-Seidel-Boehm-11-768x512.jpg 768w\" sizes=\"(max-width: 1024px) 100vw, 1024px\" \/><\/figure>\n\n\n\n<figure class=\"wp-block-image size-full\"><img loading=\"lazy\" width=\"1024\" height=\"683\" src=\"http:\/\/www.klangschmiede-kricke.ch\/wp-content\/uploads\/2022\/01\/Holz-Querfloete-A.-Seidel-Boehm-9.jpg\" alt=\"\" class=\"wp-image-1430\" srcset=\"https:\/\/www.klangschmiede-kricke.ch\/wp-content\/uploads\/2022\/01\/Holz-Querfloete-A.-Seidel-Boehm-9.jpg 1024w, https:\/\/www.klangschmiede-kricke.ch\/wp-content\/uploads\/2022\/01\/Holz-Querfloete-A.-Seidel-Boehm-9-300x200.jpg 300w, https:\/\/www.klangschmiede-kricke.ch\/wp-content\/uploads\/2022\/01\/Holz-Querfloete-A.-Seidel-Boehm-9-768x512.jpg 768w\" sizes=\"(max-width: 1024px) 100vw, 1024px\" \/><\/figure>\n\n\n\n<figure class=\"wp-block-image size-full\"><img loading=\"lazy\" width=\"1024\" height=\"683\" src=\"http:\/\/www.klangschmiede-kricke.ch\/wp-content\/uploads\/2022\/01\/Holz-Querfloete-A.-Seidel-Boehm-10.jpg\" alt=\"\" class=\"wp-image-1432\" srcset=\"https:\/\/www.klangschmiede-kricke.ch\/wp-content\/uploads\/2022\/01\/Holz-Querfloete-A.-Seidel-Boehm-10.jpg 1024w, https:\/\/www.klangschmiede-kricke.ch\/wp-content\/uploads\/2022\/01\/Holz-Querfloete-A.-Seidel-Boehm-10-300x200.jpg 300w, https:\/\/www.klangschmiede-kricke.ch\/wp-content\/uploads\/2022\/01\/Holz-Querfloete-A.-Seidel-Boehm-10-768x512.jpg 768w\" sizes=\"(max-width: 1024px) 100vw, 1024px\" \/><\/figure>\n\n\n\n<figure class=\"wp-block-image size-full\"><img loading=\"lazy\" width=\"1024\" height=\"683\" src=\"http:\/\/www.klangschmiede-kricke.ch\/wp-content\/uploads\/2022\/01\/Holz-Querfloete-A.-Seidel-Boehm-12.jpg\" alt=\"\" class=\"wp-image-1433\" srcset=\"https:\/\/www.klangschmiede-kricke.ch\/wp-content\/uploads\/2022\/01\/Holz-Querfloete-A.-Seidel-Boehm-12.jpg 1024w, https:\/\/www.klangschmiede-kricke.ch\/wp-content\/uploads\/2022\/01\/Holz-Querfloete-A.-Seidel-Boehm-12-300x200.jpg 300w, https:\/\/www.klangschmiede-kricke.ch\/wp-content\/uploads\/2022\/01\/Holz-Querfloete-A.-Seidel-Boehm-12-768x512.jpg 768w\" sizes=\"(max-width: 1024px) 100vw, 1024px\" \/><\/figure>\n\n\n\n<figure class=\"wp-block-image size-full\"><img loading=\"lazy\" width=\"1024\" height=\"683\" src=\"http:\/\/www.klangschmiede-kricke.ch\/wp-content\/uploads\/2022\/01\/Holz-Querfloete-A.-Seidel-Boehm-13.jpg\" alt=\"\" class=\"wp-image-1434\" srcset=\"https:\/\/www.klangschmiede-kricke.ch\/wp-content\/uploads\/2022\/01\/Holz-Querfloete-A.-Seidel-Boehm-13.jpg 1024w, https:\/\/www.klangschmiede-kricke.ch\/wp-content\/uploads\/2022\/01\/Holz-Querfloete-A.-Seidel-Boehm-13-300x200.jpg 300w, https:\/\/www.klangschmiede-kricke.ch\/wp-content\/uploads\/2022\/01\/Holz-Querfloete-A.-Seidel-Boehm-13-768x512.jpg 768w\" sizes=\"(max-width: 1024px) 100vw, 1024px\" \/><\/figure>\n\n\n\n<figure class=\"wp-block-image size-full\"><img loading=\"lazy\" width=\"1024\" height=\"683\" src=\"http:\/\/www.klangschmiede-kricke.ch\/wp-content\/uploads\/2022\/01\/Holz-Querfloete-A.-Seidel-Boehm-14.jpg\" alt=\"\" class=\"wp-image-1435\" srcset=\"https:\/\/www.klangschmiede-kricke.ch\/wp-content\/uploads\/2022\/01\/Holz-Querfloete-A.-Seidel-Boehm-14.jpg 1024w, https:\/\/www.klangschmiede-kricke.ch\/wp-content\/uploads\/2022\/01\/Holz-Querfloete-A.-Seidel-Boehm-14-300x200.jpg 300w, https:\/\/www.klangschmiede-kricke.ch\/wp-content\/uploads\/2022\/01\/Holz-Querfloete-A.-Seidel-Boehm-14-768x512.jpg 768w\" sizes=\"(max-width: 1024px) 100vw, 1024px\" \/><\/figure>\n\n\n\n<figure class=\"wp-block-image size-full\"><img loading=\"lazy\" width=\"1024\" height=\"683\" src=\"http:\/\/www.klangschmiede-kricke.ch\/wp-content\/uploads\/2022\/01\/Holz-Querfloete-A.-Seidel-Boehm-16.jpg\" alt=\"\" class=\"wp-image-1436\" srcset=\"https:\/\/www.klangschmiede-kricke.ch\/wp-content\/uploads\/2022\/01\/Holz-Querfloete-A.-Seidel-Boehm-16.jpg 1024w, https:\/\/www.klangschmiede-kricke.ch\/wp-content\/uploads\/2022\/01\/Holz-Querfloete-A.-Seidel-Boehm-16-300x200.jpg 300w, https:\/\/www.klangschmiede-kricke.ch\/wp-content\/uploads\/2022\/01\/Holz-Querfloete-A.-Seidel-Boehm-16-768x512.jpg 768w\" sizes=\"(max-width: 1024px) 100vw, 1024px\" \/><\/figure>\n\n\n\n<figure class=\"wp-block-image size-full\"><img loading=\"lazy\" width=\"1024\" height=\"683\" src=\"http:\/\/www.klangschmiede-kricke.ch\/wp-content\/uploads\/2022\/01\/Holz-Querfloete-A.-Seidel-Boehm-17.jpg\" alt=\"\" class=\"wp-image-1437\" srcset=\"https:\/\/www.klangschmiede-kricke.ch\/wp-content\/uploads\/2022\/01\/Holz-Querfloete-A.-Seidel-Boehm-17.jpg 1024w, https:\/\/www.klangschmiede-kricke.ch\/wp-content\/uploads\/2022\/01\/Holz-Querfloete-A.-Seidel-Boehm-17-300x200.jpg 300w, https:\/\/www.klangschmiede-kricke.ch\/wp-content\/uploads\/2022\/01\/Holz-Querfloete-A.-Seidel-Boehm-17-768x512.jpg 768w\" sizes=\"(max-width: 1024px) 100vw, 1024px\" \/><\/figure>\n\n\n\n<figure class=\"wp-block-image size-full\"><img loading=\"lazy\" width=\"1024\" height=\"683\" src=\"http:\/\/www.klangschmiede-kricke.ch\/wp-content\/uploads\/2022\/01\/Holz-Querfloete-A.-Seidel-Boehm-18.jpg\" alt=\"\" class=\"wp-image-1438\" srcset=\"https:\/\/www.klangschmiede-kricke.ch\/wp-content\/uploads\/2022\/01\/Holz-Querfloete-A.-Seidel-Boehm-18.jpg 1024w, https:\/\/www.klangschmiede-kricke.ch\/wp-content\/uploads\/2022\/01\/Holz-Querfloete-A.-Seidel-Boehm-18-300x200.jpg 300w, https:\/\/www.klangschmiede-kricke.ch\/wp-content\/uploads\/2022\/01\/Holz-Querfloete-A.-Seidel-Boehm-18-768x512.jpg 768w\" sizes=\"(max-width: 1024px) 100vw, 1024px\" \/><\/figure>\n\n\n\n<figure class=\"wp-block-image size-full\"><img loading=\"lazy\" width=\"1024\" height=\"683\" src=\"http:\/\/www.klangschmiede-kricke.ch\/wp-content\/uploads\/2022\/01\/Holz-Querfloete-A.-Seidel-Boehm-19.jpg\" alt=\"\" class=\"wp-image-1439\" srcset=\"https:\/\/www.klangschmiede-kricke.ch\/wp-content\/uploads\/2022\/01\/Holz-Querfloete-A.-Seidel-Boehm-19.jpg 1024w, https:\/\/www.klangschmiede-kricke.ch\/wp-content\/uploads\/2022\/01\/Holz-Querfloete-A.-Seidel-Boehm-19-300x200.jpg 300w, https:\/\/www.klangschmiede-kricke.ch\/wp-content\/uploads\/2022\/01\/Holz-Querfloete-A.-Seidel-Boehm-19-768x512.jpg 768w\" sizes=\"(max-width: 1024px) 100vw, 1024px\" \/><\/figure>\n\n\n\n<p>Ja, auch in Hamburg wurden Holzblasinstrumente gefertigt! Die Werkstatt von August Seidel wurde in den 50ern von Josef M\u00fcller \u00fcbernommen, wo, soweit ich mich noch erinnern kann, mein Lehrmeister ausgebildet wurde.<br>Die Fl\u00f6te ist mit offener Gis-Klappe, so wie die B\u00f6hm-Mechanik urspr\u00fcnglich konzipiert war. Eine sehr sch\u00f6n gebaute Fl\u00f6te mit Spitzdeckel-Mechanik, die ich komplett neu versilbern hab lassen.<br>Bei der Revision wurden nebst den herk\u00f6mmlichen Arbeitsschritten alle Nadelfedern erneuert und jedes kleinste Schr\u00e4ubchen aufgewertet und gebl\u00e4ut.<br>Wer Lust hat, den Klang einer solchen Holzfl\u00f6te zu h\u00f6ren, ist herzlich eingeladen, diese hier auszuprobieren. Ich hoffe, sie findet jemanden, der viel auf ihr spielt, denn sie ist sicher nicht nur ein seltenes St\u00fcck f\u00fcr Sammler.<br>Das Instrument wurde von einer professionellen Fl\u00f6tistin getestet, die den Klang als sehr warm und anschmiegsam beschreibt.<\/p>\n\n\n\n<p class=\"has-text-align-right\"><em>Preis: 3200,-<\/em><\/p>\n","protected":false},"excerpt":{"rendered":"<p>Ja, auch in Hamburg wurden Holzblasinstrumente gefertigt! Die Werkstatt von August Seidel wurde in den 50ern von Josef M\u00fcller \u00fcbernommen, wo, soweit ich mich noch erinnern kann, mein Lehrmeister ausgebildet<\/p>\n<p class=\"more-link\"><a href=\"https:\/\/www.klangschmiede-kricke.ch\/index.php\/holzquerfloete-a-seidel-hamburg-2\/\" class=\"readmore\">Continue reading&#8230;<span class=\"screen-reader-text\">Holzquerfl\u00f6te A. Seidel, Hamburg<\/span><\/a><\/p>\n","protected":false},"author":1,"featured_media":0,"parent":0,"menu_order":0,"comment_status":"closed","ping_status":"closed","template":"","meta":[],"_links":{"self":[{"href":"https:\/\/www.klangschmiede-kricke.ch\/index.php\/wp-json\/wp\/v2\/pages\/1423"}],"collection":[{"href":"https:\/\/www.klangschmiede-kricke.ch\/index.php\/wp-json\/wp\/v2\/pages"}],"about":[{"href":"https:\/\/www.klangschmiede-kricke.ch\/index.php\/wp-json\/wp\/v2\/types\/page"}],"author":[{"embeddable":true,"href":"https:\/\/www.klangschmiede-kricke.ch\/index.php\/wp-json\/wp\/v2\/users\/1"}],"replies":[{"embeddable":true,"href":"https:\/\/www.klangschmiede-kricke.ch\/index.php\/wp-json\/wp\/v2\/comments?post=1423"}],"version-history":[{"count":4,"href":"https:\/\/www.klangschmiede-kricke.ch\/index.php\/wp-json\/wp\/v2\/pages\/1423\/revisions"}],"predecessor-version":[{"id":1962,"href":"https:\/\/www.klangschmiede-kricke.ch\/index.php\/wp-json\/wp\/v2\/pages\/1423\/revisions\/1962"}],"wp:attachment":[{"href":"https:\/\/www.klangschmiede-kricke.ch\/index.php\/wp-json\/wp\/v2\/media?parent=1423"}],"curies":[{"name":"wp","href":"https:\/\/api.w.org\/{rel}","templated":true}]}}