{"id":1385,"date":"2022-01-16T15:24:20","date_gmt":"2022-01-16T15:24:20","guid":{"rendered":"http:\/\/www.klangschmiede-kricke.ch\/?page_id=1385"},"modified":"2023-12-03T18:15:12","modified_gmt":"2023-12-03T18:15:12","slug":"altsaxophon-couesnon-monopole-3","status":"publish","type":"page","link":"https:\/\/www.klangschmiede-kricke.ch\/index.php\/altsaxophon-couesnon-monopole-3\/","title":{"rendered":"Altsaxophon Couesnon &#171;Monopole&#187;"},"content":{"rendered":"\n<figure class=\"wp-block-image size-full\"><img loading=\"lazy\" width=\"683\" height=\"1024\" src=\"http:\/\/www.klangschmiede-kricke.ch\/wp-content\/uploads\/2023\/12\/Altsaxophon-Couesnon-Monopole-22.jpg\" alt=\"\" class=\"wp-image-2708\" srcset=\"https:\/\/www.klangschmiede-kricke.ch\/wp-content\/uploads\/2023\/12\/Altsaxophon-Couesnon-Monopole-22.jpg 683w, https:\/\/www.klangschmiede-kricke.ch\/wp-content\/uploads\/2023\/12\/Altsaxophon-Couesnon-Monopole-22-200x300.jpg 200w\" sizes=\"(max-width: 683px) 100vw, 683px\" \/><\/figure>\n\n\n\n<figure class=\"wp-block-image size-full\"><img loading=\"lazy\" width=\"1024\" height=\"683\" src=\"http:\/\/www.klangschmiede-kricke.ch\/wp-content\/uploads\/2022\/01\/Altsaxophon-Couesnon-Monopole-2.jpg\" alt=\"\" class=\"wp-image-1387\" srcset=\"https:\/\/www.klangschmiede-kricke.ch\/wp-content\/uploads\/2022\/01\/Altsaxophon-Couesnon-Monopole-2.jpg 1024w, https:\/\/www.klangschmiede-kricke.ch\/wp-content\/uploads\/2022\/01\/Altsaxophon-Couesnon-Monopole-2-300x200.jpg 300w, https:\/\/www.klangschmiede-kricke.ch\/wp-content\/uploads\/2022\/01\/Altsaxophon-Couesnon-Monopole-2-768x512.jpg 768w\" sizes=\"(max-width: 1024px) 100vw, 1024px\" \/><\/figure>\n\n\n\n<figure class=\"wp-block-image size-full\"><img loading=\"lazy\" width=\"683\" height=\"1024\" src=\"http:\/\/www.klangschmiede-kricke.ch\/wp-content\/uploads\/2022\/01\/Altsaxophon-Couesnon-Monopole-3.jpg\" alt=\"\" class=\"wp-image-1388\" srcset=\"https:\/\/www.klangschmiede-kricke.ch\/wp-content\/uploads\/2022\/01\/Altsaxophon-Couesnon-Monopole-3.jpg 683w, https:\/\/www.klangschmiede-kricke.ch\/wp-content\/uploads\/2022\/01\/Altsaxophon-Couesnon-Monopole-3-200x300.jpg 200w\" sizes=\"(max-width: 683px) 100vw, 683px\" \/><\/figure>\n\n\n\n<figure class=\"wp-block-image size-full\"><img loading=\"lazy\" width=\"1024\" height=\"683\" src=\"http:\/\/www.klangschmiede-kricke.ch\/wp-content\/uploads\/2022\/01\/Altsaxophon-Couesnon-Monopole-4.jpg\" alt=\"\" class=\"wp-image-1389\" srcset=\"https:\/\/www.klangschmiede-kricke.ch\/wp-content\/uploads\/2022\/01\/Altsaxophon-Couesnon-Monopole-4.jpg 1024w, https:\/\/www.klangschmiede-kricke.ch\/wp-content\/uploads\/2022\/01\/Altsaxophon-Couesnon-Monopole-4-300x200.jpg 300w, https:\/\/www.klangschmiede-kricke.ch\/wp-content\/uploads\/2022\/01\/Altsaxophon-Couesnon-Monopole-4-768x512.jpg 768w\" sizes=\"(max-width: 1024px) 100vw, 1024px\" \/><\/figure>\n\n\n\n<figure class=\"wp-block-image size-full\"><img loading=\"lazy\" width=\"1024\" height=\"683\" src=\"http:\/\/www.klangschmiede-kricke.ch\/wp-content\/uploads\/2022\/01\/Altsaxophon-Couesnon-Monopole-5.jpg\" alt=\"\" class=\"wp-image-1390\" srcset=\"https:\/\/www.klangschmiede-kricke.ch\/wp-content\/uploads\/2022\/01\/Altsaxophon-Couesnon-Monopole-5.jpg 1024w, https:\/\/www.klangschmiede-kricke.ch\/wp-content\/uploads\/2022\/01\/Altsaxophon-Couesnon-Monopole-5-300x200.jpg 300w, https:\/\/www.klangschmiede-kricke.ch\/wp-content\/uploads\/2022\/01\/Altsaxophon-Couesnon-Monopole-5-768x512.jpg 768w\" sizes=\"(max-width: 1024px) 100vw, 1024px\" \/><\/figure>\n\n\n\n<figure class=\"wp-block-image size-full\"><img loading=\"lazy\" width=\"1024\" height=\"683\" src=\"http:\/\/www.klangschmiede-kricke.ch\/wp-content\/uploads\/2022\/01\/Altsaxophon-Couesnon-Monopole-6.jpg\" alt=\"\" class=\"wp-image-1391\" srcset=\"https:\/\/www.klangschmiede-kricke.ch\/wp-content\/uploads\/2022\/01\/Altsaxophon-Couesnon-Monopole-6.jpg 1024w, https:\/\/www.klangschmiede-kricke.ch\/wp-content\/uploads\/2022\/01\/Altsaxophon-Couesnon-Monopole-6-300x200.jpg 300w, https:\/\/www.klangschmiede-kricke.ch\/wp-content\/uploads\/2022\/01\/Altsaxophon-Couesnon-Monopole-6-768x512.jpg 768w\" sizes=\"(max-width: 1024px) 100vw, 1024px\" \/><\/figure>\n\n\n\n<figure class=\"wp-block-image size-full\"><img loading=\"lazy\" width=\"1024\" height=\"683\" src=\"http:\/\/www.klangschmiede-kricke.ch\/wp-content\/uploads\/2022\/01\/Altsaxophon-Couesnon-Monopole-7.jpg\" alt=\"\" class=\"wp-image-1392\" srcset=\"https:\/\/www.klangschmiede-kricke.ch\/wp-content\/uploads\/2022\/01\/Altsaxophon-Couesnon-Monopole-7.jpg 1024w, https:\/\/www.klangschmiede-kricke.ch\/wp-content\/uploads\/2022\/01\/Altsaxophon-Couesnon-Monopole-7-300x200.jpg 300w, https:\/\/www.klangschmiede-kricke.ch\/wp-content\/uploads\/2022\/01\/Altsaxophon-Couesnon-Monopole-7-768x512.jpg 768w\" sizes=\"(max-width: 1024px) 100vw, 1024px\" \/><\/figure>\n\n\n\n<figure class=\"wp-block-image size-full\"><img loading=\"lazy\" width=\"1024\" height=\"683\" src=\"http:\/\/www.klangschmiede-kricke.ch\/wp-content\/uploads\/2022\/01\/Altsaxophon-Couesnon-Monopole-8.jpg\" alt=\"\" class=\"wp-image-1393\" srcset=\"https:\/\/www.klangschmiede-kricke.ch\/wp-content\/uploads\/2022\/01\/Altsaxophon-Couesnon-Monopole-8.jpg 1024w, https:\/\/www.klangschmiede-kricke.ch\/wp-content\/uploads\/2022\/01\/Altsaxophon-Couesnon-Monopole-8-300x200.jpg 300w, https:\/\/www.klangschmiede-kricke.ch\/wp-content\/uploads\/2022\/01\/Altsaxophon-Couesnon-Monopole-8-768x512.jpg 768w\" sizes=\"(max-width: 1024px) 100vw, 1024px\" \/><\/figure>\n\n\n\n<figure class=\"wp-block-image size-full\"><img loading=\"lazy\" width=\"1024\" height=\"683\" src=\"http:\/\/www.klangschmiede-kricke.ch\/wp-content\/uploads\/2022\/01\/Altsaxophon-Couesnon-Monopole-9.jpg\" alt=\"\" class=\"wp-image-1394\" srcset=\"https:\/\/www.klangschmiede-kricke.ch\/wp-content\/uploads\/2022\/01\/Altsaxophon-Couesnon-Monopole-9.jpg 1024w, https:\/\/www.klangschmiede-kricke.ch\/wp-content\/uploads\/2022\/01\/Altsaxophon-Couesnon-Monopole-9-300x200.jpg 300w, https:\/\/www.klangschmiede-kricke.ch\/wp-content\/uploads\/2022\/01\/Altsaxophon-Couesnon-Monopole-9-768x512.jpg 768w\" sizes=\"(max-width: 1024px) 100vw, 1024px\" \/><\/figure>\n\n\n\n<figure class=\"wp-block-image size-full\"><img loading=\"lazy\" width=\"1024\" height=\"683\" src=\"http:\/\/www.klangschmiede-kricke.ch\/wp-content\/uploads\/2022\/01\/Altsaxophon-Couesnon-Monopole-10.jpg\" alt=\"\" class=\"wp-image-1396\" srcset=\"https:\/\/www.klangschmiede-kricke.ch\/wp-content\/uploads\/2022\/01\/Altsaxophon-Couesnon-Monopole-10.jpg 1024w, https:\/\/www.klangschmiede-kricke.ch\/wp-content\/uploads\/2022\/01\/Altsaxophon-Couesnon-Monopole-10-300x200.jpg 300w, https:\/\/www.klangschmiede-kricke.ch\/wp-content\/uploads\/2022\/01\/Altsaxophon-Couesnon-Monopole-10-768x512.jpg 768w\" sizes=\"(max-width: 1024px) 100vw, 1024px\" \/><\/figure>\n\n\n\n<figure class=\"wp-block-image size-full\"><img loading=\"lazy\" width=\"683\" height=\"1024\" src=\"http:\/\/www.klangschmiede-kricke.ch\/wp-content\/uploads\/2022\/01\/Altsaxophon-Couesnon-Monopole-11.jpg\" alt=\"\" class=\"wp-image-1397\" srcset=\"https:\/\/www.klangschmiede-kricke.ch\/wp-content\/uploads\/2022\/01\/Altsaxophon-Couesnon-Monopole-11.jpg 683w, https:\/\/www.klangschmiede-kricke.ch\/wp-content\/uploads\/2022\/01\/Altsaxophon-Couesnon-Monopole-11-200x300.jpg 200w\" sizes=\"(max-width: 683px) 100vw, 683px\" \/><\/figure>\n\n\n\n<figure class=\"wp-block-image size-full\"><img loading=\"lazy\" width=\"1024\" height=\"683\" src=\"http:\/\/www.klangschmiede-kricke.ch\/wp-content\/uploads\/2022\/01\/Altsaxophon-Couesnon-Monopole-12.jpg\" alt=\"\" class=\"wp-image-1398\" srcset=\"https:\/\/www.klangschmiede-kricke.ch\/wp-content\/uploads\/2022\/01\/Altsaxophon-Couesnon-Monopole-12.jpg 1024w, https:\/\/www.klangschmiede-kricke.ch\/wp-content\/uploads\/2022\/01\/Altsaxophon-Couesnon-Monopole-12-300x200.jpg 300w, https:\/\/www.klangschmiede-kricke.ch\/wp-content\/uploads\/2022\/01\/Altsaxophon-Couesnon-Monopole-12-768x512.jpg 768w\" sizes=\"(max-width: 1024px) 100vw, 1024px\" \/><\/figure>\n\n\n\n<figure class=\"wp-block-image size-full\"><img loading=\"lazy\" width=\"1024\" height=\"683\" src=\"http:\/\/www.klangschmiede-kricke.ch\/wp-content\/uploads\/2022\/01\/Altsaxophon-Couesnon-Monopole-13.jpg\" alt=\"\" class=\"wp-image-1399\" srcset=\"https:\/\/www.klangschmiede-kricke.ch\/wp-content\/uploads\/2022\/01\/Altsaxophon-Couesnon-Monopole-13.jpg 1024w, https:\/\/www.klangschmiede-kricke.ch\/wp-content\/uploads\/2022\/01\/Altsaxophon-Couesnon-Monopole-13-300x200.jpg 300w, https:\/\/www.klangschmiede-kricke.ch\/wp-content\/uploads\/2022\/01\/Altsaxophon-Couesnon-Monopole-13-768x512.jpg 768w\" sizes=\"(max-width: 1024px) 100vw, 1024px\" \/><\/figure>\n\n\n\n<figure class=\"wp-block-image size-full\"><img loading=\"lazy\" width=\"1024\" height=\"683\" src=\"http:\/\/www.klangschmiede-kricke.ch\/wp-content\/uploads\/2022\/01\/Altsaxophon-Couesnon-Monopole-14.jpg\" alt=\"\" class=\"wp-image-1400\" srcset=\"https:\/\/www.klangschmiede-kricke.ch\/wp-content\/uploads\/2022\/01\/Altsaxophon-Couesnon-Monopole-14.jpg 1024w, https:\/\/www.klangschmiede-kricke.ch\/wp-content\/uploads\/2022\/01\/Altsaxophon-Couesnon-Monopole-14-300x200.jpg 300w, https:\/\/www.klangschmiede-kricke.ch\/wp-content\/uploads\/2022\/01\/Altsaxophon-Couesnon-Monopole-14-768x512.jpg 768w\" sizes=\"(max-width: 1024px) 100vw, 1024px\" \/><\/figure>\n\n\n\n<figure class=\"wp-block-image size-full\"><img loading=\"lazy\" width=\"1024\" height=\"683\" src=\"http:\/\/www.klangschmiede-kricke.ch\/wp-content\/uploads\/2022\/01\/Altsaxophon-Couesnon-Monopole-15.jpg\" alt=\"\" class=\"wp-image-1401\" srcset=\"https:\/\/www.klangschmiede-kricke.ch\/wp-content\/uploads\/2022\/01\/Altsaxophon-Couesnon-Monopole-15.jpg 1024w, https:\/\/www.klangschmiede-kricke.ch\/wp-content\/uploads\/2022\/01\/Altsaxophon-Couesnon-Monopole-15-300x200.jpg 300w, https:\/\/www.klangschmiede-kricke.ch\/wp-content\/uploads\/2022\/01\/Altsaxophon-Couesnon-Monopole-15-768x512.jpg 768w\" sizes=\"(max-width: 1024px) 100vw, 1024px\" \/><\/figure>\n\n\n\n<figure class=\"wp-block-image size-full\"><img loading=\"lazy\" width=\"1024\" height=\"683\" src=\"http:\/\/www.klangschmiede-kricke.ch\/wp-content\/uploads\/2022\/01\/Altsaxophon-Couesnon-Monopole-16.jpg\" alt=\"\" class=\"wp-image-1402\" srcset=\"https:\/\/www.klangschmiede-kricke.ch\/wp-content\/uploads\/2022\/01\/Altsaxophon-Couesnon-Monopole-16.jpg 1024w, https:\/\/www.klangschmiede-kricke.ch\/wp-content\/uploads\/2022\/01\/Altsaxophon-Couesnon-Monopole-16-300x200.jpg 300w, https:\/\/www.klangschmiede-kricke.ch\/wp-content\/uploads\/2022\/01\/Altsaxophon-Couesnon-Monopole-16-768x512.jpg 768w\" sizes=\"(max-width: 1024px) 100vw, 1024px\" \/><\/figure>\n\n\n\n<figure class=\"wp-block-image size-full\"><img loading=\"lazy\" width=\"1024\" height=\"683\" src=\"http:\/\/www.klangschmiede-kricke.ch\/wp-content\/uploads\/2022\/01\/Altsaxophon-Couesnon-Monopole-17.jpg\" alt=\"\" class=\"wp-image-1403\" srcset=\"https:\/\/www.klangschmiede-kricke.ch\/wp-content\/uploads\/2022\/01\/Altsaxophon-Couesnon-Monopole-17.jpg 1024w, https:\/\/www.klangschmiede-kricke.ch\/wp-content\/uploads\/2022\/01\/Altsaxophon-Couesnon-Monopole-17-300x200.jpg 300w, https:\/\/www.klangschmiede-kricke.ch\/wp-content\/uploads\/2022\/01\/Altsaxophon-Couesnon-Monopole-17-768x512.jpg 768w\" sizes=\"(max-width: 1024px) 100vw, 1024px\" \/><\/figure>\n\n\n\n<figure class=\"wp-block-image size-full\"><img loading=\"lazy\" width=\"1024\" height=\"683\" src=\"http:\/\/www.klangschmiede-kricke.ch\/wp-content\/uploads\/2022\/01\/Altsaxophon-Couesnon-Monopole-18.jpg\" alt=\"\" class=\"wp-image-1404\" srcset=\"https:\/\/www.klangschmiede-kricke.ch\/wp-content\/uploads\/2022\/01\/Altsaxophon-Couesnon-Monopole-18.jpg 1024w, https:\/\/www.klangschmiede-kricke.ch\/wp-content\/uploads\/2022\/01\/Altsaxophon-Couesnon-Monopole-18-300x200.jpg 300w, https:\/\/www.klangschmiede-kricke.ch\/wp-content\/uploads\/2022\/01\/Altsaxophon-Couesnon-Monopole-18-768x512.jpg 768w\" sizes=\"(max-width: 1024px) 100vw, 1024px\" \/><\/figure>\n\n\n\n<figure class=\"wp-block-image size-full\"><img loading=\"lazy\" width=\"1024\" height=\"683\" src=\"http:\/\/www.klangschmiede-kricke.ch\/wp-content\/uploads\/2022\/01\/Altsaxophon-Couesnon-Monopole-19.jpg\" alt=\"\" class=\"wp-image-1405\" srcset=\"https:\/\/www.klangschmiede-kricke.ch\/wp-content\/uploads\/2022\/01\/Altsaxophon-Couesnon-Monopole-19.jpg 1024w, https:\/\/www.klangschmiede-kricke.ch\/wp-content\/uploads\/2022\/01\/Altsaxophon-Couesnon-Monopole-19-300x200.jpg 300w, https:\/\/www.klangschmiede-kricke.ch\/wp-content\/uploads\/2022\/01\/Altsaxophon-Couesnon-Monopole-19-768x512.jpg 768w\" sizes=\"(max-width: 1024px) 100vw, 1024px\" \/><\/figure>\n\n\n\n<figure class=\"wp-block-image size-large\"><img loading=\"lazy\" width=\"1024\" height=\"683\" src=\"http:\/\/www.klangschmiede-kricke.ch\/wp-content\/uploads\/2022\/01\/Altsaxophon-Couesnon-Monopole-20-1024x683.jpg\" alt=\"\" class=\"wp-image-1406\" srcset=\"https:\/\/www.klangschmiede-kricke.ch\/wp-content\/uploads\/2022\/01\/Altsaxophon-Couesnon-Monopole-20-1024x683.jpg 1024w, https:\/\/www.klangschmiede-kricke.ch\/wp-content\/uploads\/2022\/01\/Altsaxophon-Couesnon-Monopole-20-300x200.jpg 300w, https:\/\/www.klangschmiede-kricke.ch\/wp-content\/uploads\/2022\/01\/Altsaxophon-Couesnon-Monopole-20-768x512.jpg 768w, https:\/\/www.klangschmiede-kricke.ch\/wp-content\/uploads\/2022\/01\/Altsaxophon-Couesnon-Monopole-20-1536x1024.jpg 1536w, https:\/\/www.klangschmiede-kricke.ch\/wp-content\/uploads\/2022\/01\/Altsaxophon-Couesnon-Monopole-20-2048x1365.jpg 2048w\" sizes=\"(max-width: 1024px) 100vw, 1024px\" \/><\/figure>\n\n\n\n<figure class=\"wp-block-image size-full\"><img loading=\"lazy\" width=\"1024\" height=\"683\" src=\"http:\/\/www.klangschmiede-kricke.ch\/wp-content\/uploads\/2022\/01\/Altsaxophon-Couesnon-Monopole-21.jpg\" alt=\"\" class=\"wp-image-1407\" srcset=\"https:\/\/www.klangschmiede-kricke.ch\/wp-content\/uploads\/2022\/01\/Altsaxophon-Couesnon-Monopole-21.jpg 1024w, https:\/\/www.klangschmiede-kricke.ch\/wp-content\/uploads\/2022\/01\/Altsaxophon-Couesnon-Monopole-21-300x200.jpg 300w, https:\/\/www.klangschmiede-kricke.ch\/wp-content\/uploads\/2022\/01\/Altsaxophon-Couesnon-Monopole-21-768x512.jpg 768w\" sizes=\"(max-width: 1024px) 100vw, 1024px\" \/><\/figure>\n\n\n\n<p>Ein wunderbares &#171;Couesnon Monopole&#187; mit der Seriennummer 13081 in komplett \u00fcberarbeitetem Zustand.<br>Im Vergleich zu manch anderen Instrumenten dieser Baureihe hat es von vornherein einen Gabel-F-Dr\u00fccker und einen raffinierten Mechanismus am Gis-Dr\u00fccker zur Mitnahme der tiefen Mechanik, den man auch ausschalten kann. Zudem hat es geb\u00f6rdelte Tonlochkamine, die neuere Instrumente dieses Modelles leider nicht mehr haben.<br>Hier ist, wie bei den anderen Franzosen alles top hergerichtet mit eigenen Ideen, wie Resonatoren und Dr\u00fccker-Inlays.<\/p>\n\n\n\n<p class=\"has-text-align-right\"><em>Preis auf Anfrage<\/em><br><\/p>\n","protected":false},"excerpt":{"rendered":"<p>Ein wunderbares &#171;Couesnon Monopole&#187; mit der Seriennummer 13081 in komplett \u00fcberarbeitetem Zustand.Im Vergleich zu manch anderen Instrumenten dieser Baureihe hat es von vornherein einen Gabel-F-Dr\u00fccker und einen raffinierten Mechanismus am<\/p>\n<p class=\"more-link\"><a href=\"https:\/\/www.klangschmiede-kricke.ch\/index.php\/altsaxophon-couesnon-monopole-3\/\" class=\"readmore\">Continue reading&#8230;<span class=\"screen-reader-text\">Altsaxophon Couesnon &#171;Monopole&#187;<\/span><\/a><\/p>\n","protected":false},"author":1,"featured_media":0,"parent":0,"menu_order":0,"comment_status":"closed","ping_status":"closed","template":"","meta":[],"_links":{"self":[{"href":"https:\/\/www.klangschmiede-kricke.ch\/index.php\/wp-json\/wp\/v2\/pages\/1385"}],"collection":[{"href":"https:\/\/www.klangschmiede-kricke.ch\/index.php\/wp-json\/wp\/v2\/pages"}],"about":[{"href":"https:\/\/www.klangschmiede-kricke.ch\/index.php\/wp-json\/wp\/v2\/types\/page"}],"author":[{"embeddable":true,"href":"https:\/\/www.klangschmiede-kricke.ch\/index.php\/wp-json\/wp\/v2\/users\/1"}],"replies":[{"embeddable":true,"href":"https:\/\/www.klangschmiede-kricke.ch\/index.php\/wp-json\/wp\/v2\/comments?post=1385"}],"version-history":[{"count":12,"href":"https:\/\/www.klangschmiede-kricke.ch\/index.php\/wp-json\/wp\/v2\/pages\/1385\/revisions"}],"predecessor-version":[{"id":2709,"href":"https:\/\/www.klangschmiede-kricke.ch\/index.php\/wp-json\/wp\/v2\/pages\/1385\/revisions\/2709"}],"wp:attachment":[{"href":"https:\/\/www.klangschmiede-kricke.ch\/index.php\/wp-json\/wp\/v2\/media?parent=1385"}],"curies":[{"name":"wp","href":"https:\/\/api.w.org\/{rel}","templated":true}]}}