{"id":1118,"date":"2021-11-03T06:01:14","date_gmt":"2021-11-03T06:01:14","guid":{"rendered":"http:\/\/www.klangschmiede-kricke.ch\/?page_id=1118"},"modified":"2025-03-09T09:13:47","modified_gmt":"2025-03-09T09:13:47","slug":"tenorsaxophon-selmer-serie-ii-versilbert","status":"publish","type":"page","link":"https:\/\/www.klangschmiede-kricke.ch\/index.php\/tenorsaxophon-selmer-serie-ii-versilbert\/","title":{"rendered":"Tenorsaxophon Selmer &#171;Serie II&#187;, versilbert"},"content":{"rendered":"\n<figure class=\"wp-block-image size-full\"><img loading=\"lazy\" width=\"589\" height=\"1024\" src=\"http:\/\/www.klangschmiede-kricke.ch\/wp-content\/uploads\/2022\/01\/Tenorsaxophon-Selmer-SA80-II-versilbert-21.jpg\" alt=\"\" class=\"wp-image-1313\" srcset=\"https:\/\/www.klangschmiede-kricke.ch\/wp-content\/uploads\/2022\/01\/Tenorsaxophon-Selmer-SA80-II-versilbert-21.jpg 589w, https:\/\/www.klangschmiede-kricke.ch\/wp-content\/uploads\/2022\/01\/Tenorsaxophon-Selmer-SA80-II-versilbert-21-173x300.jpg 173w\" sizes=\"(max-width: 589px) 100vw, 589px\" \/><\/figure>\n\n\n\n<figure class=\"wp-block-image size-full\"><img loading=\"lazy\" width=\"1024\" height=\"683\" src=\"http:\/\/www.klangschmiede-kricke.ch\/wp-content\/uploads\/2022\/01\/Tenorsaxophon-Selmer-SA80-II-versilbert-1.jpg\" alt=\"\" class=\"wp-image-1290\" srcset=\"https:\/\/www.klangschmiede-kricke.ch\/wp-content\/uploads\/2022\/01\/Tenorsaxophon-Selmer-SA80-II-versilbert-1.jpg 1024w, https:\/\/www.klangschmiede-kricke.ch\/wp-content\/uploads\/2022\/01\/Tenorsaxophon-Selmer-SA80-II-versilbert-1-300x200.jpg 300w, https:\/\/www.klangschmiede-kricke.ch\/wp-content\/uploads\/2022\/01\/Tenorsaxophon-Selmer-SA80-II-versilbert-1-768x512.jpg 768w\" sizes=\"(max-width: 1024px) 100vw, 1024px\" \/><\/figure>\n\n\n\n<figure class=\"wp-block-image size-full\"><img loading=\"lazy\" width=\"1024\" height=\"683\" src=\"http:\/\/www.klangschmiede-kricke.ch\/wp-content\/uploads\/2022\/01\/Tenorsaxophon-Selmer-SA80-II-versilbert-2.jpg\" alt=\"\" class=\"wp-image-1292\" srcset=\"https:\/\/www.klangschmiede-kricke.ch\/wp-content\/uploads\/2022\/01\/Tenorsaxophon-Selmer-SA80-II-versilbert-2.jpg 1024w, https:\/\/www.klangschmiede-kricke.ch\/wp-content\/uploads\/2022\/01\/Tenorsaxophon-Selmer-SA80-II-versilbert-2-300x200.jpg 300w, https:\/\/www.klangschmiede-kricke.ch\/wp-content\/uploads\/2022\/01\/Tenorsaxophon-Selmer-SA80-II-versilbert-2-768x512.jpg 768w\" sizes=\"(max-width: 1024px) 100vw, 1024px\" \/><\/figure>\n\n\n\n<figure class=\"wp-block-image size-full\"><img loading=\"lazy\" width=\"1024\" height=\"683\" src=\"http:\/\/www.klangschmiede-kricke.ch\/wp-content\/uploads\/2022\/01\/Tenorsaxophon-Selmer-SA80-II-versilbert-3.jpg\" alt=\"\" class=\"wp-image-1293\" srcset=\"https:\/\/www.klangschmiede-kricke.ch\/wp-content\/uploads\/2022\/01\/Tenorsaxophon-Selmer-SA80-II-versilbert-3.jpg 1024w, https:\/\/www.klangschmiede-kricke.ch\/wp-content\/uploads\/2022\/01\/Tenorsaxophon-Selmer-SA80-II-versilbert-3-300x200.jpg 300w, https:\/\/www.klangschmiede-kricke.ch\/wp-content\/uploads\/2022\/01\/Tenorsaxophon-Selmer-SA80-II-versilbert-3-768x512.jpg 768w\" sizes=\"(max-width: 1024px) 100vw, 1024px\" \/><\/figure>\n\n\n\n<figure class=\"wp-block-image size-full\"><img loading=\"lazy\" width=\"1024\" height=\"683\" src=\"http:\/\/www.klangschmiede-kricke.ch\/wp-content\/uploads\/2022\/01\/Tenorsaxophon-Selmer-SA80-II-versilbert-4.jpg\" alt=\"\" class=\"wp-image-1294\" srcset=\"https:\/\/www.klangschmiede-kricke.ch\/wp-content\/uploads\/2022\/01\/Tenorsaxophon-Selmer-SA80-II-versilbert-4.jpg 1024w, https:\/\/www.klangschmiede-kricke.ch\/wp-content\/uploads\/2022\/01\/Tenorsaxophon-Selmer-SA80-II-versilbert-4-300x200.jpg 300w, https:\/\/www.klangschmiede-kricke.ch\/wp-content\/uploads\/2022\/01\/Tenorsaxophon-Selmer-SA80-II-versilbert-4-768x512.jpg 768w\" sizes=\"(max-width: 1024px) 100vw, 1024px\" \/><\/figure>\n\n\n\n<figure class=\"wp-block-image size-full\"><img loading=\"lazy\" width=\"1024\" height=\"683\" src=\"http:\/\/www.klangschmiede-kricke.ch\/wp-content\/uploads\/2022\/01\/Tenorsaxophon-Selmer-SA80-II-versilbert-5.jpg\" alt=\"\" class=\"wp-image-1295\" srcset=\"https:\/\/www.klangschmiede-kricke.ch\/wp-content\/uploads\/2022\/01\/Tenorsaxophon-Selmer-SA80-II-versilbert-5.jpg 1024w, https:\/\/www.klangschmiede-kricke.ch\/wp-content\/uploads\/2022\/01\/Tenorsaxophon-Selmer-SA80-II-versilbert-5-300x200.jpg 300w, https:\/\/www.klangschmiede-kricke.ch\/wp-content\/uploads\/2022\/01\/Tenorsaxophon-Selmer-SA80-II-versilbert-5-768x512.jpg 768w\" sizes=\"(max-width: 1024px) 100vw, 1024px\" \/><\/figure>\n\n\n\n<figure class=\"wp-block-image size-full\"><img loading=\"lazy\" width=\"1024\" height=\"683\" src=\"http:\/\/www.klangschmiede-kricke.ch\/wp-content\/uploads\/2022\/01\/Tenorsaxophon-Selmer-SA80-II-versilbert-6.jpg\" alt=\"\" class=\"wp-image-1296\" srcset=\"https:\/\/www.klangschmiede-kricke.ch\/wp-content\/uploads\/2022\/01\/Tenorsaxophon-Selmer-SA80-II-versilbert-6.jpg 1024w, https:\/\/www.klangschmiede-kricke.ch\/wp-content\/uploads\/2022\/01\/Tenorsaxophon-Selmer-SA80-II-versilbert-6-300x200.jpg 300w, https:\/\/www.klangschmiede-kricke.ch\/wp-content\/uploads\/2022\/01\/Tenorsaxophon-Selmer-SA80-II-versilbert-6-768x512.jpg 768w\" sizes=\"(max-width: 1024px) 100vw, 1024px\" \/><\/figure>\n\n\n\n<figure class=\"wp-block-image size-full\"><img loading=\"lazy\" width=\"1024\" height=\"683\" src=\"http:\/\/www.klangschmiede-kricke.ch\/wp-content\/uploads\/2022\/01\/Tenorsaxophon-Selmer-SA80-II-versilbert-7.jpg\" alt=\"\" class=\"wp-image-1297\" srcset=\"https:\/\/www.klangschmiede-kricke.ch\/wp-content\/uploads\/2022\/01\/Tenorsaxophon-Selmer-SA80-II-versilbert-7.jpg 1024w, https:\/\/www.klangschmiede-kricke.ch\/wp-content\/uploads\/2022\/01\/Tenorsaxophon-Selmer-SA80-II-versilbert-7-300x200.jpg 300w, https:\/\/www.klangschmiede-kricke.ch\/wp-content\/uploads\/2022\/01\/Tenorsaxophon-Selmer-SA80-II-versilbert-7-768x512.jpg 768w\" sizes=\"(max-width: 1024px) 100vw, 1024px\" \/><\/figure>\n\n\n\n<figure class=\"wp-block-image size-full\"><img loading=\"lazy\" width=\"1024\" height=\"683\" src=\"http:\/\/www.klangschmiede-kricke.ch\/wp-content\/uploads\/2022\/01\/Tenorsaxophon-Selmer-SA80-II-versilbert-8.jpg\" alt=\"\" class=\"wp-image-1298\" srcset=\"https:\/\/www.klangschmiede-kricke.ch\/wp-content\/uploads\/2022\/01\/Tenorsaxophon-Selmer-SA80-II-versilbert-8.jpg 1024w, https:\/\/www.klangschmiede-kricke.ch\/wp-content\/uploads\/2022\/01\/Tenorsaxophon-Selmer-SA80-II-versilbert-8-300x200.jpg 300w, https:\/\/www.klangschmiede-kricke.ch\/wp-content\/uploads\/2022\/01\/Tenorsaxophon-Selmer-SA80-II-versilbert-8-768x512.jpg 768w\" sizes=\"(max-width: 1024px) 100vw, 1024px\" \/><\/figure>\n\n\n\n<figure class=\"wp-block-image size-full\"><img loading=\"lazy\" width=\"683\" height=\"1024\" src=\"http:\/\/www.klangschmiede-kricke.ch\/wp-content\/uploads\/2022\/01\/Tenorsaxophon-Selmer-SA80-II-versilbert-9.jpg\" alt=\"\" class=\"wp-image-1299\" srcset=\"https:\/\/www.klangschmiede-kricke.ch\/wp-content\/uploads\/2022\/01\/Tenorsaxophon-Selmer-SA80-II-versilbert-9.jpg 683w, https:\/\/www.klangschmiede-kricke.ch\/wp-content\/uploads\/2022\/01\/Tenorsaxophon-Selmer-SA80-II-versilbert-9-200x300.jpg 200w\" sizes=\"(max-width: 683px) 100vw, 683px\" \/><\/figure>\n\n\n\n<figure class=\"wp-block-image size-full\"><img loading=\"lazy\" width=\"683\" height=\"1024\" src=\"http:\/\/www.klangschmiede-kricke.ch\/wp-content\/uploads\/2022\/01\/Tenorsaxophon-Selmer-SA80-II-versilbert-10.jpg\" alt=\"\" class=\"wp-image-1300\" srcset=\"https:\/\/www.klangschmiede-kricke.ch\/wp-content\/uploads\/2022\/01\/Tenorsaxophon-Selmer-SA80-II-versilbert-10.jpg 683w, https:\/\/www.klangschmiede-kricke.ch\/wp-content\/uploads\/2022\/01\/Tenorsaxophon-Selmer-SA80-II-versilbert-10-200x300.jpg 200w\" sizes=\"(max-width: 683px) 100vw, 683px\" \/><\/figure>\n\n\n\n<figure class=\"wp-block-image size-full\"><img loading=\"lazy\" width=\"1024\" height=\"683\" src=\"http:\/\/www.klangschmiede-kricke.ch\/wp-content\/uploads\/2022\/01\/Tenorsaxophon-Selmer-SA80-II-versilbert-11.jpg\" alt=\"\" class=\"wp-image-1301\" srcset=\"https:\/\/www.klangschmiede-kricke.ch\/wp-content\/uploads\/2022\/01\/Tenorsaxophon-Selmer-SA80-II-versilbert-11.jpg 1024w, https:\/\/www.klangschmiede-kricke.ch\/wp-content\/uploads\/2022\/01\/Tenorsaxophon-Selmer-SA80-II-versilbert-11-300x200.jpg 300w, https:\/\/www.klangschmiede-kricke.ch\/wp-content\/uploads\/2022\/01\/Tenorsaxophon-Selmer-SA80-II-versilbert-11-768x512.jpg 768w\" sizes=\"(max-width: 1024px) 100vw, 1024px\" \/><\/figure>\n\n\n\n<figure class=\"wp-block-image size-full\"><img loading=\"lazy\" width=\"1024\" height=\"683\" src=\"http:\/\/www.klangschmiede-kricke.ch\/wp-content\/uploads\/2022\/01\/Tenorsaxophon-Selmer-SA80-II-versilbert-12.jpg\" alt=\"\" class=\"wp-image-1302\" srcset=\"https:\/\/www.klangschmiede-kricke.ch\/wp-content\/uploads\/2022\/01\/Tenorsaxophon-Selmer-SA80-II-versilbert-12.jpg 1024w, https:\/\/www.klangschmiede-kricke.ch\/wp-content\/uploads\/2022\/01\/Tenorsaxophon-Selmer-SA80-II-versilbert-12-300x200.jpg 300w, https:\/\/www.klangschmiede-kricke.ch\/wp-content\/uploads\/2022\/01\/Tenorsaxophon-Selmer-SA80-II-versilbert-12-768x512.jpg 768w\" sizes=\"(max-width: 1024px) 100vw, 1024px\" \/><\/figure>\n\n\n\n<figure class=\"wp-block-image size-full\"><img loading=\"lazy\" width=\"1024\" height=\"683\" src=\"http:\/\/www.klangschmiede-kricke.ch\/wp-content\/uploads\/2022\/01\/Tenorsaxophon-Selmer-SA80-II-versilbert-13.jpg\" alt=\"\" class=\"wp-image-1303\" srcset=\"https:\/\/www.klangschmiede-kricke.ch\/wp-content\/uploads\/2022\/01\/Tenorsaxophon-Selmer-SA80-II-versilbert-13.jpg 1024w, https:\/\/www.klangschmiede-kricke.ch\/wp-content\/uploads\/2022\/01\/Tenorsaxophon-Selmer-SA80-II-versilbert-13-300x200.jpg 300w, https:\/\/www.klangschmiede-kricke.ch\/wp-content\/uploads\/2022\/01\/Tenorsaxophon-Selmer-SA80-II-versilbert-13-768x512.jpg 768w\" sizes=\"(max-width: 1024px) 100vw, 1024px\" \/><\/figure>\n\n\n\n<figure class=\"wp-block-image size-full\"><img loading=\"lazy\" width=\"1024\" height=\"683\" src=\"http:\/\/www.klangschmiede-kricke.ch\/wp-content\/uploads\/2022\/01\/Tenorsaxophon-Selmer-SA80II-versilbert-14.jpg\" alt=\"\" class=\"wp-image-1305\" srcset=\"https:\/\/www.klangschmiede-kricke.ch\/wp-content\/uploads\/2022\/01\/Tenorsaxophon-Selmer-SA80II-versilbert-14.jpg 1024w, https:\/\/www.klangschmiede-kricke.ch\/wp-content\/uploads\/2022\/01\/Tenorsaxophon-Selmer-SA80II-versilbert-14-300x200.jpg 300w, https:\/\/www.klangschmiede-kricke.ch\/wp-content\/uploads\/2022\/01\/Tenorsaxophon-Selmer-SA80II-versilbert-14-768x512.jpg 768w\" sizes=\"(max-width: 1024px) 100vw, 1024px\" \/><\/figure>\n\n\n\n<figure class=\"wp-block-image size-full\"><img loading=\"lazy\" width=\"683\" height=\"1024\" src=\"http:\/\/www.klangschmiede-kricke.ch\/wp-content\/uploads\/2022\/01\/Tenorsaxophon-Selmer-SA80-II-versilbert-15.jpg\" alt=\"\" class=\"wp-image-1306\" srcset=\"https:\/\/www.klangschmiede-kricke.ch\/wp-content\/uploads\/2022\/01\/Tenorsaxophon-Selmer-SA80-II-versilbert-15.jpg 683w, https:\/\/www.klangschmiede-kricke.ch\/wp-content\/uploads\/2022\/01\/Tenorsaxophon-Selmer-SA80-II-versilbert-15-200x300.jpg 200w\" sizes=\"(max-width: 683px) 100vw, 683px\" \/><\/figure>\n\n\n\n<figure class=\"wp-block-image size-full\"><img loading=\"lazy\" width=\"1024\" height=\"683\" src=\"http:\/\/www.klangschmiede-kricke.ch\/wp-content\/uploads\/2022\/01\/Tenorsaxophon-Selmer-SA80-II-versilbert-16.jpg\" alt=\"\" class=\"wp-image-1307\" srcset=\"https:\/\/www.klangschmiede-kricke.ch\/wp-content\/uploads\/2022\/01\/Tenorsaxophon-Selmer-SA80-II-versilbert-16.jpg 1024w, https:\/\/www.klangschmiede-kricke.ch\/wp-content\/uploads\/2022\/01\/Tenorsaxophon-Selmer-SA80-II-versilbert-16-300x200.jpg 300w, https:\/\/www.klangschmiede-kricke.ch\/wp-content\/uploads\/2022\/01\/Tenorsaxophon-Selmer-SA80-II-versilbert-16-768x512.jpg 768w\" sizes=\"(max-width: 1024px) 100vw, 1024px\" \/><\/figure>\n\n\n\n<figure class=\"wp-block-image size-full\"><img loading=\"lazy\" width=\"1024\" height=\"683\" src=\"http:\/\/www.klangschmiede-kricke.ch\/wp-content\/uploads\/2022\/01\/Tenorsaxophon-Selmer-SA80-II-versilbert-17.jpg\" alt=\"\" class=\"wp-image-1308\" srcset=\"https:\/\/www.klangschmiede-kricke.ch\/wp-content\/uploads\/2022\/01\/Tenorsaxophon-Selmer-SA80-II-versilbert-17.jpg 1024w, https:\/\/www.klangschmiede-kricke.ch\/wp-content\/uploads\/2022\/01\/Tenorsaxophon-Selmer-SA80-II-versilbert-17-300x200.jpg 300w, https:\/\/www.klangschmiede-kricke.ch\/wp-content\/uploads\/2022\/01\/Tenorsaxophon-Selmer-SA80-II-versilbert-17-768x512.jpg 768w\" sizes=\"(max-width: 1024px) 100vw, 1024px\" \/><\/figure>\n\n\n\n<figure class=\"wp-block-image size-full\"><img loading=\"lazy\" width=\"1024\" height=\"683\" src=\"http:\/\/www.klangschmiede-kricke.ch\/wp-content\/uploads\/2022\/01\/Tenorsaxophon-Selmer-SA80-II-versilbert-20.jpg\" alt=\"\" class=\"wp-image-1309\" srcset=\"https:\/\/www.klangschmiede-kricke.ch\/wp-content\/uploads\/2022\/01\/Tenorsaxophon-Selmer-SA80-II-versilbert-20.jpg 1024w, https:\/\/www.klangschmiede-kricke.ch\/wp-content\/uploads\/2022\/01\/Tenorsaxophon-Selmer-SA80-II-versilbert-20-300x200.jpg 300w, https:\/\/www.klangschmiede-kricke.ch\/wp-content\/uploads\/2022\/01\/Tenorsaxophon-Selmer-SA80-II-versilbert-20-768x512.jpg 768w\" sizes=\"(max-width: 1024px) 100vw, 1024px\" \/><\/figure>\n\n\n\n<figure class=\"wp-block-image size-full\"><img loading=\"lazy\" width=\"1024\" height=\"683\" src=\"http:\/\/www.klangschmiede-kricke.ch\/wp-content\/uploads\/2022\/01\/Tenorsaxophon-Selmer-SA80-II-versilbert-18.jpg\" alt=\"\" class=\"wp-image-1310\" srcset=\"https:\/\/www.klangschmiede-kricke.ch\/wp-content\/uploads\/2022\/01\/Tenorsaxophon-Selmer-SA80-II-versilbert-18.jpg 1024w, https:\/\/www.klangschmiede-kricke.ch\/wp-content\/uploads\/2022\/01\/Tenorsaxophon-Selmer-SA80-II-versilbert-18-300x200.jpg 300w, https:\/\/www.klangschmiede-kricke.ch\/wp-content\/uploads\/2022\/01\/Tenorsaxophon-Selmer-SA80-II-versilbert-18-768x512.jpg 768w\" sizes=\"(max-width: 1024px) 100vw, 1024px\" \/><\/figure>\n\n\n\n<figure class=\"wp-block-image size-full\"><img loading=\"lazy\" width=\"1024\" height=\"683\" src=\"http:\/\/www.klangschmiede-kricke.ch\/wp-content\/uploads\/2022\/01\/Tenorsaxophon-Selmer-SA80-II-versilbert-19.jpg\" alt=\"\" class=\"wp-image-1311\" srcset=\"https:\/\/www.klangschmiede-kricke.ch\/wp-content\/uploads\/2022\/01\/Tenorsaxophon-Selmer-SA80-II-versilbert-19.jpg 1024w, https:\/\/www.klangschmiede-kricke.ch\/wp-content\/uploads\/2022\/01\/Tenorsaxophon-Selmer-SA80-II-versilbert-19-300x200.jpg 300w, https:\/\/www.klangschmiede-kricke.ch\/wp-content\/uploads\/2022\/01\/Tenorsaxophon-Selmer-SA80-II-versilbert-19-768x512.jpg 768w\" sizes=\"(max-width: 1024px) 100vw, 1024px\" \/><\/figure>\n\n\n\n<p>Mit diesem Tenorsaxophon steht mal wieder ein komplett revidiertes , neuwertiges Selmer in der Werkstatt. Ein modernes Instrument von 1989 aus der am l\u00e4ngsten gebauten Serie des wohl bekanntesten, franz\u00f6sischen Top-Herstellers.<br>Bei der Revision wurden alle Polster erneuert und mit verchromten Resonatoren (\u00e4hnlich SerieIII) ausgestattet. Mit speziell ausgew\u00e4hlten Kork-\/Filzunterlagen l\u00e4uft die Mechanik einwandfrei und das Spielger\u00e4usch (Klappern) ist leiser als bei neuen Instrumenten. Hierf\u00fcr wurde auch \u00fcberall das mechanische Spiel beseitigt und die gereinigte, polierte Mechanik ge\u00f6lt montiert. Beim Reinigen\/Polieren wurde durch Aufpolieren per Hand und mit Silberschaum darauf geachtet, die Bl\u00e4uung der Nadelfedern zu bewahren.<br>In diesem Zustand ist das Saxophon f\u00fcr die n\u00e4chste Spielzeit\/Generation gewappnet und man hat die M\u00f6glichkeit das Instrument im ersten halben Jahr gratis zur Kontrolle zu bringen.<br>Mit dabei sind original Case und ein Mundst\u00fcck Selmer C**<\/p>\n\n\n\n<p class=\"has-text-align-right\"><em>Preis: 4500,-<\/em><\/p>\n\n\n\n<p class=\"has-text-align-right\"><br><br><\/p>\n","protected":false},"excerpt":{"rendered":"<p>Mit diesem Tenorsaxophon steht mal wieder ein komplett revidiertes , neuwertiges Selmer in der Werkstatt. Ein modernes Instrument von 1989 aus der am l\u00e4ngsten gebauten Serie des wohl bekanntesten, franz\u00f6sischen<\/p>\n<p class=\"more-link\"><a href=\"https:\/\/www.klangschmiede-kricke.ch\/index.php\/tenorsaxophon-selmer-serie-ii-versilbert\/\" class=\"readmore\">Continue reading&#8230;<span class=\"screen-reader-text\">Tenorsaxophon Selmer &#171;Serie II&#187;, versilbert<\/span><\/a><\/p>\n","protected":false},"author":1,"featured_media":0,"parent":0,"menu_order":0,"comment_status":"closed","ping_status":"closed","template":"","meta":[],"_links":{"self":[{"href":"https:\/\/www.klangschmiede-kricke.ch\/index.php\/wp-json\/wp\/v2\/pages\/1118"}],"collection":[{"href":"https:\/\/www.klangschmiede-kricke.ch\/index.php\/wp-json\/wp\/v2\/pages"}],"about":[{"href":"https:\/\/www.klangschmiede-kricke.ch\/index.php\/wp-json\/wp\/v2\/types\/page"}],"author":[{"embeddable":true,"href":"https:\/\/www.klangschmiede-kricke.ch\/index.php\/wp-json\/wp\/v2\/users\/1"}],"replies":[{"embeddable":true,"href":"https:\/\/www.klangschmiede-kricke.ch\/index.php\/wp-json\/wp\/v2\/comments?post=1118"}],"version-history":[{"count":16,"href":"https:\/\/www.klangschmiede-kricke.ch\/index.php\/wp-json\/wp\/v2\/pages\/1118\/revisions"}],"predecessor-version":[{"id":3218,"href":"https:\/\/www.klangschmiede-kricke.ch\/index.php\/wp-json\/wp\/v2\/pages\/1118\/revisions\/3218"}],"wp:attachment":[{"href":"https:\/\/www.klangschmiede-kricke.ch\/index.php\/wp-json\/wp\/v2\/media?parent=1118"}],"curies":[{"name":"wp","href":"https:\/\/api.w.org\/{rel}","templated":true}]}}