{"id":798,"date":"2021-07-06T18:22:30","date_gmt":"2021-07-06T18:22:30","guid":{"rendered":"http:\/\/www.klangschmiede-kricke.ch\/?page_id=798"},"modified":"2023-12-03T18:20:50","modified_gmt":"2023-12-03T18:20:50","slug":"altsaxophon-orsi-sa-116-abs","status":"publish","type":"page","link":"http:\/\/www.klangschmiede-kricke.ch\/index.php\/altsaxophon-orsi-sa-116-abs\/","title":{"rendered":"Altsaxophon Orsi &#171;SA 116 ABS&#187;"},"content":{"rendered":"\n<figure class=\"wp-block-image size-full\"><img loading=\"lazy\" width=\"683\" height=\"1024\" src=\"http:\/\/www.klangschmiede-kricke.ch\/wp-content\/uploads\/2023\/12\/Altsaxophon-Orsi-Milano-1.jpg\" alt=\"\" class=\"wp-image-2719\" srcset=\"http:\/\/www.klangschmiede-kricke.ch\/wp-content\/uploads\/2023\/12\/Altsaxophon-Orsi-Milano-1.jpg 683w, http:\/\/www.klangschmiede-kricke.ch\/wp-content\/uploads\/2023\/12\/Altsaxophon-Orsi-Milano-1-200x300.jpg 200w\" sizes=\"(max-width: 683px) 100vw, 683px\" \/><\/figure>\n\n\n\n<figure class=\"wp-block-image size-large\"><img loading=\"lazy\" width=\"683\" height=\"1024\" src=\"http:\/\/www.klangschmiede-kricke.ch\/wp-content\/uploads\/2021\/07\/Orsi1.jpeg\" alt=\"\" class=\"wp-image-800\" srcset=\"http:\/\/www.klangschmiede-kricke.ch\/wp-content\/uploads\/2021\/07\/Orsi1.jpeg 683w, http:\/\/www.klangschmiede-kricke.ch\/wp-content\/uploads\/2021\/07\/Orsi1-200x300.jpeg 200w\" sizes=\"(max-width: 683px) 100vw, 683px\" \/><\/figure>\n\n\n\n<figure class=\"wp-block-image size-large\"><img loading=\"lazy\" width=\"1024\" height=\"683\" src=\"http:\/\/www.klangschmiede-kricke.ch\/wp-content\/uploads\/2021\/07\/Orsi2.jpeg\" alt=\"\" class=\"wp-image-801\" srcset=\"http:\/\/www.klangschmiede-kricke.ch\/wp-content\/uploads\/2021\/07\/Orsi2.jpeg 1024w, http:\/\/www.klangschmiede-kricke.ch\/wp-content\/uploads\/2021\/07\/Orsi2-300x200.jpeg 300w, http:\/\/www.klangschmiede-kricke.ch\/wp-content\/uploads\/2021\/07\/Orsi2-768x512.jpeg 768w\" sizes=\"(max-width: 1024px) 100vw, 1024px\" \/><\/figure>\n\n\n\n<figure class=\"wp-block-image size-large\"><img loading=\"lazy\" width=\"1024\" height=\"683\" src=\"http:\/\/www.klangschmiede-kricke.ch\/wp-content\/uploads\/2021\/07\/Orsi3.jpeg\" alt=\"\" class=\"wp-image-802\" srcset=\"http:\/\/www.klangschmiede-kricke.ch\/wp-content\/uploads\/2021\/07\/Orsi3.jpeg 1024w, http:\/\/www.klangschmiede-kricke.ch\/wp-content\/uploads\/2021\/07\/Orsi3-300x200.jpeg 300w, http:\/\/www.klangschmiede-kricke.ch\/wp-content\/uploads\/2021\/07\/Orsi3-768x512.jpeg 768w\" sizes=\"(max-width: 1024px) 100vw, 1024px\" \/><\/figure>\n\n\n\n<figure class=\"wp-block-image size-large\"><img loading=\"lazy\" width=\"683\" height=\"1024\" src=\"http:\/\/www.klangschmiede-kricke.ch\/wp-content\/uploads\/2021\/07\/Orsi4.jpeg\" alt=\"\" class=\"wp-image-803\" srcset=\"http:\/\/www.klangschmiede-kricke.ch\/wp-content\/uploads\/2021\/07\/Orsi4.jpeg 683w, http:\/\/www.klangschmiede-kricke.ch\/wp-content\/uploads\/2021\/07\/Orsi4-200x300.jpeg 200w\" sizes=\"(max-width: 683px) 100vw, 683px\" \/><\/figure>\n\n\n\n<figure class=\"wp-block-image size-large\"><img loading=\"lazy\" width=\"683\" height=\"1024\" src=\"http:\/\/www.klangschmiede-kricke.ch\/wp-content\/uploads\/2021\/07\/Orsi5.jpeg\" alt=\"\" class=\"wp-image-804\" srcset=\"http:\/\/www.klangschmiede-kricke.ch\/wp-content\/uploads\/2021\/07\/Orsi5.jpeg 683w, http:\/\/www.klangschmiede-kricke.ch\/wp-content\/uploads\/2021\/07\/Orsi5-200x300.jpeg 200w\" sizes=\"(max-width: 683px) 100vw, 683px\" \/><\/figure>\n\n\n\n<figure class=\"wp-block-image size-large\"><img loading=\"lazy\" width=\"1024\" height=\"683\" src=\"http:\/\/www.klangschmiede-kricke.ch\/wp-content\/uploads\/2021\/07\/Orsi6.jpeg\" alt=\"\" class=\"wp-image-805\" srcset=\"http:\/\/www.klangschmiede-kricke.ch\/wp-content\/uploads\/2021\/07\/Orsi6.jpeg 1024w, http:\/\/www.klangschmiede-kricke.ch\/wp-content\/uploads\/2021\/07\/Orsi6-300x200.jpeg 300w, http:\/\/www.klangschmiede-kricke.ch\/wp-content\/uploads\/2021\/07\/Orsi6-768x512.jpeg 768w\" sizes=\"(max-width: 1024px) 100vw, 1024px\" \/><\/figure>\n\n\n\n<figure class=\"wp-block-image size-large\"><img loading=\"lazy\" width=\"683\" height=\"1024\" src=\"http:\/\/www.klangschmiede-kricke.ch\/wp-content\/uploads\/2021\/07\/Orsi7.jpeg\" alt=\"\" class=\"wp-image-806\" srcset=\"http:\/\/www.klangschmiede-kricke.ch\/wp-content\/uploads\/2021\/07\/Orsi7.jpeg 683w, http:\/\/www.klangschmiede-kricke.ch\/wp-content\/uploads\/2021\/07\/Orsi7-200x300.jpeg 200w\" sizes=\"(max-width: 683px) 100vw, 683px\" \/><\/figure>\n\n\n\n<figure class=\"wp-block-image size-large\"><img loading=\"lazy\" width=\"683\" height=\"1024\" src=\"http:\/\/www.klangschmiede-kricke.ch\/wp-content\/uploads\/2021\/07\/Orsi8.jpeg\" alt=\"\" class=\"wp-image-807\" srcset=\"http:\/\/www.klangschmiede-kricke.ch\/wp-content\/uploads\/2021\/07\/Orsi8.jpeg 683w, http:\/\/www.klangschmiede-kricke.ch\/wp-content\/uploads\/2021\/07\/Orsi8-200x300.jpeg 200w\" sizes=\"(max-width: 683px) 100vw, 683px\" \/><\/figure>\n\n\n\n<figure class=\"wp-block-image size-large\"><img loading=\"lazy\" width=\"683\" height=\"1024\" src=\"http:\/\/www.klangschmiede-kricke.ch\/wp-content\/uploads\/2021\/07\/Orsi9.jpeg\" alt=\"\" class=\"wp-image-808\" srcset=\"http:\/\/www.klangschmiede-kricke.ch\/wp-content\/uploads\/2021\/07\/Orsi9.jpeg 683w, http:\/\/www.klangschmiede-kricke.ch\/wp-content\/uploads\/2021\/07\/Orsi9-200x300.jpeg 200w\" sizes=\"(max-width: 683px) 100vw, 683px\" \/><\/figure>\n\n\n\n<figure class=\"wp-block-image size-large\"><img loading=\"lazy\" width=\"1024\" height=\"683\" src=\"http:\/\/www.klangschmiede-kricke.ch\/wp-content\/uploads\/2021\/07\/Orsi10.jpeg\" alt=\"\" class=\"wp-image-809\" srcset=\"http:\/\/www.klangschmiede-kricke.ch\/wp-content\/uploads\/2021\/07\/Orsi10.jpeg 1024w, http:\/\/www.klangschmiede-kricke.ch\/wp-content\/uploads\/2021\/07\/Orsi10-300x200.jpeg 300w, http:\/\/www.klangschmiede-kricke.ch\/wp-content\/uploads\/2021\/07\/Orsi10-768x512.jpeg 768w\" sizes=\"(max-width: 1024px) 100vw, 1024px\" \/><\/figure>\n\n\n\n<figure class=\"wp-block-image size-large\"><img loading=\"lazy\" width=\"1024\" height=\"683\" src=\"http:\/\/www.klangschmiede-kricke.ch\/wp-content\/uploads\/2021\/07\/DB9CBD9E-41F9-46EC-8A7E-B557DA761197_1_201_a-1024x683.jpeg\" alt=\"\" class=\"wp-image-799\" srcset=\"http:\/\/www.klangschmiede-kricke.ch\/wp-content\/uploads\/2021\/07\/DB9CBD9E-41F9-46EC-8A7E-B557DA761197_1_201_a-1024x683.jpeg 1024w, http:\/\/www.klangschmiede-kricke.ch\/wp-content\/uploads\/2021\/07\/DB9CBD9E-41F9-46EC-8A7E-B557DA761197_1_201_a-300x200.jpeg 300w, http:\/\/www.klangschmiede-kricke.ch\/wp-content\/uploads\/2021\/07\/DB9CBD9E-41F9-46EC-8A7E-B557DA761197_1_201_a-768x512.jpeg 768w, http:\/\/www.klangschmiede-kricke.ch\/wp-content\/uploads\/2021\/07\/DB9CBD9E-41F9-46EC-8A7E-B557DA761197_1_201_a-1536x1024.jpeg 1536w, http:\/\/www.klangschmiede-kricke.ch\/wp-content\/uploads\/2021\/07\/DB9CBD9E-41F9-46EC-8A7E-B557DA761197_1_201_a-2048x1365.jpeg 2048w\" sizes=\"(max-width: 1024px) 100vw, 1024px\" \/><\/figure>\n\n\n\n<p>modernes Altsaxophon von Prof. Romeo Orsi &#8211; Milano SA 116 ABS <br><br>Bei der Revision wurde die Mechanik demontiert und gereinigt. Diverse Korkunterlagen, sowie der S-Bogenkork und 2 Polster wurden erneuert. Die restlichen Polster wurden gereinigt\/impr\u00e4gniert. Danach wurde die ge\u00f6lte Mechanik aufgesetzt, die Polsterung optimiert und das mechanische Zusammenspiel einjustiert.<br>In diesem Zustand ist das Instrument f\u00fcr die weitere Spielzeit ger\u00fcstet.<br>Ich bin recht erstaunt \u00fcber den Klang dieses Instrumentes, da ich so ein Teil noch nie in den H\u00e4nden hatte. Bautechnisch und ergonomisch \u00e4hnelt es den modernen Selmer-Saxophonen. Zumindest ist auch hier der Korpus mit dem Becher durch einen Ring verschraubt und nicht, wie bei g\u00fcnstigen Sch\u00fclerinstrumenten nur verklebt.<br>Die Ansprache bis zum tiefsten Ton ist recht einfach und das Horn geht mit einem geringen Widerstand also eher wieder Richtung Yamaha.<br>Ist auf jeden Fall ein tolles Instrument f\u00fcr alle Art von Spielern, ob Anf\u00e4nger, Fortgeschrittene&#8230;kann gern mal ausprobiert werden!<br>Das Saxophon wurde wenig gespielt und weisst kaum Gebrauchsspuren am Lack auf. Mit dabei ist der orig. Lederkoffer und ein Mundst\u00fcck Rico Royal W5. Kann aber auch ein Yamaha 4C dazugeben.<\/p>\n\n\n\n<p class=\"has-text-align-right\"><em>Preis: 1100,-<\/em><br><\/p>\n","protected":false},"excerpt":{"rendered":"<p>modernes Altsaxophon von Prof. Romeo Orsi &#8211; Milano SA 116 ABS Bei der Revision wurde die Mechanik demontiert und gereinigt. Diverse Korkunterlagen, sowie der S-Bogenkork und 2 Polster wurden erneuert.<\/p>\n<p class=\"more-link\"><a href=\"http:\/\/www.klangschmiede-kricke.ch\/index.php\/altsaxophon-orsi-sa-116-abs\/\" class=\"readmore\">Continue reading&#8230;<span class=\"screen-reader-text\">Altsaxophon Orsi &#171;SA 116 ABS&#187;<\/span><\/a><\/p>\n","protected":false},"author":1,"featured_media":0,"parent":0,"menu_order":0,"comment_status":"closed","ping_status":"closed","template":"","meta":[],"_links":{"self":[{"href":"http:\/\/www.klangschmiede-kricke.ch\/index.php\/wp-json\/wp\/v2\/pages\/798"}],"collection":[{"href":"http:\/\/www.klangschmiede-kricke.ch\/index.php\/wp-json\/wp\/v2\/pages"}],"about":[{"href":"http:\/\/www.klangschmiede-kricke.ch\/index.php\/wp-json\/wp\/v2\/types\/page"}],"author":[{"embeddable":true,"href":"http:\/\/www.klangschmiede-kricke.ch\/index.php\/wp-json\/wp\/v2\/users\/1"}],"replies":[{"embeddable":true,"href":"http:\/\/www.klangschmiede-kricke.ch\/index.php\/wp-json\/wp\/v2\/comments?post=798"}],"version-history":[{"count":6,"href":"http:\/\/www.klangschmiede-kricke.ch\/index.php\/wp-json\/wp\/v2\/pages\/798\/revisions"}],"predecessor-version":[{"id":2720,"href":"http:\/\/www.klangschmiede-kricke.ch\/index.php\/wp-json\/wp\/v2\/pages\/798\/revisions\/2720"}],"wp:attachment":[{"href":"http:\/\/www.klangschmiede-kricke.ch\/index.php\/wp-json\/wp\/v2\/media?parent=798"}],"curies":[{"name":"wp","href":"https:\/\/api.w.org\/{rel}","templated":true}]}}