{"id":731,"date":"2021-07-04T09:11:54","date_gmt":"2021-07-04T09:11:54","guid":{"rendered":"http:\/\/www.klangschmiede-kricke.ch\/?page_id=731"},"modified":"2021-09-29T03:55:29","modified_gmt":"2021-09-29T03:55:29","slug":"b-klarinette-buffet-rc-2","status":"publish","type":"page","link":"http:\/\/www.klangschmiede-kricke.ch\/index.php\/b-klarinette-buffet-rc-2\/","title":{"rendered":"Bb-Klarinette Buffet &#171;RC&#187;"},"content":{"rendered":"\n<figure class=\"wp-block-image size-large\"><img loading=\"lazy\" width=\"1024\" height=\"683\" src=\"http:\/\/www.klangschmiede-kricke.ch\/wp-content\/uploads\/2021\/07\/BuffetRC.jpeg\" alt=\"\" class=\"wp-image-712\" srcset=\"http:\/\/www.klangschmiede-kricke.ch\/wp-content\/uploads\/2021\/07\/BuffetRC.jpeg 1024w, http:\/\/www.klangschmiede-kricke.ch\/wp-content\/uploads\/2021\/07\/BuffetRC-300x200.jpeg 300w, http:\/\/www.klangschmiede-kricke.ch\/wp-content\/uploads\/2021\/07\/BuffetRC-768x512.jpeg 768w\" sizes=\"(max-width: 1024px) 100vw, 1024px\" \/><\/figure>\n\n\n\n<figure class=\"wp-block-image size-large\"><img loading=\"lazy\" width=\"1024\" height=\"683\" src=\"http:\/\/www.klangschmiede-kricke.ch\/wp-content\/uploads\/2021\/07\/BuffetRC1.jpeg\" alt=\"\" class=\"wp-image-713\" srcset=\"http:\/\/www.klangschmiede-kricke.ch\/wp-content\/uploads\/2021\/07\/BuffetRC1.jpeg 1024w, http:\/\/www.klangschmiede-kricke.ch\/wp-content\/uploads\/2021\/07\/BuffetRC1-300x200.jpeg 300w, http:\/\/www.klangschmiede-kricke.ch\/wp-content\/uploads\/2021\/07\/BuffetRC1-768x512.jpeg 768w\" sizes=\"(max-width: 1024px) 100vw, 1024px\" \/><\/figure>\n\n\n\n<figure class=\"wp-block-image size-large\"><img loading=\"lazy\" width=\"1024\" height=\"683\" src=\"http:\/\/www.klangschmiede-kricke.ch\/wp-content\/uploads\/2021\/07\/BuffetRC2.jpeg\" alt=\"\" class=\"wp-image-714\" srcset=\"http:\/\/www.klangschmiede-kricke.ch\/wp-content\/uploads\/2021\/07\/BuffetRC2.jpeg 1024w, http:\/\/www.klangschmiede-kricke.ch\/wp-content\/uploads\/2021\/07\/BuffetRC2-300x200.jpeg 300w, http:\/\/www.klangschmiede-kricke.ch\/wp-content\/uploads\/2021\/07\/BuffetRC2-768x512.jpeg 768w\" sizes=\"(max-width: 1024px) 100vw, 1024px\" \/><\/figure>\n\n\n\n<figure class=\"wp-block-image size-large\"><img loading=\"lazy\" width=\"1024\" height=\"683\" src=\"http:\/\/www.klangschmiede-kricke.ch\/wp-content\/uploads\/2021\/07\/BuffetRC3.jpeg\" alt=\"\" class=\"wp-image-715\" srcset=\"http:\/\/www.klangschmiede-kricke.ch\/wp-content\/uploads\/2021\/07\/BuffetRC3.jpeg 1024w, http:\/\/www.klangschmiede-kricke.ch\/wp-content\/uploads\/2021\/07\/BuffetRC3-300x200.jpeg 300w, http:\/\/www.klangschmiede-kricke.ch\/wp-content\/uploads\/2021\/07\/BuffetRC3-768x512.jpeg 768w\" sizes=\"(max-width: 1024px) 100vw, 1024px\" \/><\/figure>\n\n\n\n<figure class=\"wp-block-image size-large\"><img loading=\"lazy\" width=\"1024\" height=\"683\" src=\"http:\/\/www.klangschmiede-kricke.ch\/wp-content\/uploads\/2021\/07\/BuffetRC4.jpeg\" alt=\"\" class=\"wp-image-716\" srcset=\"http:\/\/www.klangschmiede-kricke.ch\/wp-content\/uploads\/2021\/07\/BuffetRC4.jpeg 1024w, http:\/\/www.klangschmiede-kricke.ch\/wp-content\/uploads\/2021\/07\/BuffetRC4-300x200.jpeg 300w, http:\/\/www.klangschmiede-kricke.ch\/wp-content\/uploads\/2021\/07\/BuffetRC4-768x512.jpeg 768w\" sizes=\"(max-width: 1024px) 100vw, 1024px\" \/><\/figure>\n\n\n\n<figure class=\"wp-block-image size-large\"><img loading=\"lazy\" width=\"1024\" height=\"683\" src=\"http:\/\/www.klangschmiede-kricke.ch\/wp-content\/uploads\/2021\/07\/BuffetRC5.jpeg\" alt=\"\" class=\"wp-image-717\" srcset=\"http:\/\/www.klangschmiede-kricke.ch\/wp-content\/uploads\/2021\/07\/BuffetRC5.jpeg 1024w, http:\/\/www.klangschmiede-kricke.ch\/wp-content\/uploads\/2021\/07\/BuffetRC5-300x200.jpeg 300w, http:\/\/www.klangschmiede-kricke.ch\/wp-content\/uploads\/2021\/07\/BuffetRC5-768x512.jpeg 768w\" sizes=\"(max-width: 1024px) 100vw, 1024px\" \/><\/figure>\n\n\n\n<figure class=\"wp-block-image size-large\"><img loading=\"lazy\" width=\"1024\" height=\"683\" src=\"http:\/\/www.klangschmiede-kricke.ch\/wp-content\/uploads\/2021\/07\/BuffetRC6.jpeg\" alt=\"\" class=\"wp-image-718\" srcset=\"http:\/\/www.klangschmiede-kricke.ch\/wp-content\/uploads\/2021\/07\/BuffetRC6.jpeg 1024w, http:\/\/www.klangschmiede-kricke.ch\/wp-content\/uploads\/2021\/07\/BuffetRC6-300x200.jpeg 300w, http:\/\/www.klangschmiede-kricke.ch\/wp-content\/uploads\/2021\/07\/BuffetRC6-768x512.jpeg 768w\" sizes=\"(max-width: 1024px) 100vw, 1024px\" \/><\/figure>\n\n\n\n<figure class=\"wp-block-image size-large\"><img loading=\"lazy\" width=\"1024\" height=\"683\" src=\"http:\/\/www.klangschmiede-kricke.ch\/wp-content\/uploads\/2021\/07\/BuffetRC7.jpeg\" alt=\"\" class=\"wp-image-719\" srcset=\"http:\/\/www.klangschmiede-kricke.ch\/wp-content\/uploads\/2021\/07\/BuffetRC7.jpeg 1024w, http:\/\/www.klangschmiede-kricke.ch\/wp-content\/uploads\/2021\/07\/BuffetRC7-300x200.jpeg 300w, http:\/\/www.klangschmiede-kricke.ch\/wp-content\/uploads\/2021\/07\/BuffetRC7-768x512.jpeg 768w\" sizes=\"(max-width: 1024px) 100vw, 1024px\" \/><\/figure>\n\n\n\n<figure class=\"wp-block-image size-large\"><img loading=\"lazy\" width=\"1024\" height=\"683\" src=\"http:\/\/www.klangschmiede-kricke.ch\/wp-content\/uploads\/2021\/07\/BuffetRC8.jpeg\" alt=\"\" class=\"wp-image-720\" srcset=\"http:\/\/www.klangschmiede-kricke.ch\/wp-content\/uploads\/2021\/07\/BuffetRC8.jpeg 1024w, http:\/\/www.klangschmiede-kricke.ch\/wp-content\/uploads\/2021\/07\/BuffetRC8-300x200.jpeg 300w, http:\/\/www.klangschmiede-kricke.ch\/wp-content\/uploads\/2021\/07\/BuffetRC8-768x512.jpeg 768w\" sizes=\"(max-width: 1024px) 100vw, 1024px\" \/><\/figure>\n\n\n\n<figure class=\"wp-block-image size-large\"><img loading=\"lazy\" width=\"1024\" height=\"683\" src=\"http:\/\/www.klangschmiede-kricke.ch\/wp-content\/uploads\/2021\/07\/BuffetRC9.jpeg\" alt=\"\" class=\"wp-image-721\" srcset=\"http:\/\/www.klangschmiede-kricke.ch\/wp-content\/uploads\/2021\/07\/BuffetRC9.jpeg 1024w, http:\/\/www.klangschmiede-kricke.ch\/wp-content\/uploads\/2021\/07\/BuffetRC9-300x200.jpeg 300w, http:\/\/www.klangschmiede-kricke.ch\/wp-content\/uploads\/2021\/07\/BuffetRC9-768x512.jpeg 768w\" sizes=\"(max-width: 1024px) 100vw, 1024px\" \/><\/figure>\n\n\n\n<figure class=\"wp-block-image size-large\"><img loading=\"lazy\" width=\"1024\" height=\"683\" src=\"http:\/\/www.klangschmiede-kricke.ch\/wp-content\/uploads\/2021\/07\/BuffetRC10.jpeg\" alt=\"\" class=\"wp-image-722\" srcset=\"http:\/\/www.klangschmiede-kricke.ch\/wp-content\/uploads\/2021\/07\/BuffetRC10.jpeg 1024w, http:\/\/www.klangschmiede-kricke.ch\/wp-content\/uploads\/2021\/07\/BuffetRC10-300x200.jpeg 300w, http:\/\/www.klangschmiede-kricke.ch\/wp-content\/uploads\/2021\/07\/BuffetRC10-768x512.jpeg 768w\" sizes=\"(max-width: 1024px) 100vw, 1024px\" \/><\/figure>\n\n\n\n<p>tolle B-Klarinette Buffet Crampon &#171;RC&#187; mit Es-Heber, verstellbarem Daumenhalter und 2 Birnen in Kommission von einem Musiker aus der Region. Die Klarinette hat neuwertige, prof. Lederpolster und wurde von mir demontiert, gereinigt, aufpoliert und ge\u00f6lt. Zudem wurden diverse Kork-\/Filzunterlagen erneuert und die Zapfenringe versilbert. Das Oberteil wurde mal wegen Rissbildung durch ein neues St\u00fcck aus der gleichen Baureihe von Buffet ersetzt und hat deshalb eine h\u00f6here Seriennummer.<br>In diesem Zustand hat man ein top Profi-Instrument, das f\u00fcr lange Zeit ohne gr\u00f6sseren Service spielbar ist + gratis Garantie-Kontrolle im ersten halben Jahr. <\/p>\n\n\n\n<p class=\"has-text-align-right\"><em>verkauft<\/em><\/p>\n","protected":false},"excerpt":{"rendered":"<p>tolle B-Klarinette Buffet Crampon &#171;RC&#187; mit Es-Heber, verstellbarem Daumenhalter und 2 Birnen in Kommission von einem Musiker aus der Region. Die Klarinette hat neuwertige, prof. Lederpolster und wurde von mir<\/p>\n<p class=\"more-link\"><a href=\"http:\/\/www.klangschmiede-kricke.ch\/index.php\/b-klarinette-buffet-rc-2\/\" class=\"readmore\">Continue reading&#8230;<span class=\"screen-reader-text\">Bb-Klarinette Buffet &#171;RC&#187;<\/span><\/a><\/p>\n","protected":false},"author":1,"featured_media":0,"parent":0,"menu_order":0,"comment_status":"closed","ping_status":"closed","template":"","meta":[],"_links":{"self":[{"href":"http:\/\/www.klangschmiede-kricke.ch\/index.php\/wp-json\/wp\/v2\/pages\/731"}],"collection":[{"href":"http:\/\/www.klangschmiede-kricke.ch\/index.php\/wp-json\/wp\/v2\/pages"}],"about":[{"href":"http:\/\/www.klangschmiede-kricke.ch\/index.php\/wp-json\/wp\/v2\/types\/page"}],"author":[{"embeddable":true,"href":"http:\/\/www.klangschmiede-kricke.ch\/index.php\/wp-json\/wp\/v2\/users\/1"}],"replies":[{"embeddable":true,"href":"http:\/\/www.klangschmiede-kricke.ch\/index.php\/wp-json\/wp\/v2\/comments?post=731"}],"version-history":[{"count":5,"href":"http:\/\/www.klangschmiede-kricke.ch\/index.php\/wp-json\/wp\/v2\/pages\/731\/revisions"}],"predecessor-version":[{"id":956,"href":"http:\/\/www.klangschmiede-kricke.ch\/index.php\/wp-json\/wp\/v2\/pages\/731\/revisions\/956"}],"wp:attachment":[{"href":"http:\/\/www.klangschmiede-kricke.ch\/index.php\/wp-json\/wp\/v2\/media?parent=731"}],"curies":[{"name":"wp","href":"https:\/\/api.w.org\/{rel}","templated":true}]}}