{"id":442,"date":"2020-12-13T09:03:58","date_gmt":"2020-12-13T09:03:58","guid":{"rendered":"http:\/\/www.klangschmiede-kricke.ch\/?page_id=442"},"modified":"2020-12-13T09:03:58","modified_gmt":"2020-12-13T09:03:58","slug":"tenorsaxophon-keilwerth-the-new-king","status":"publish","type":"page","link":"http:\/\/www.klangschmiede-kricke.ch\/index.php\/tenorsaxophon-keilwerth-the-new-king\/","title":{"rendered":"Tenorsaxophon Keilwerth &#171;The New King&#187;"},"content":{"rendered":"\n<figure class=\"wp-block-image size-large\"><img loading=\"lazy\" width=\"1024\" height=\"682\" src=\"http:\/\/www.klangschmiede-kricke.ch\/wp-content\/uploads\/2020\/12\/Saxophone-Occassion-020.jpg\" alt=\"\" class=\"wp-image-443\" srcset=\"http:\/\/www.klangschmiede-kricke.ch\/wp-content\/uploads\/2020\/12\/Saxophone-Occassion-020.jpg 1024w, http:\/\/www.klangschmiede-kricke.ch\/wp-content\/uploads\/2020\/12\/Saxophone-Occassion-020-300x200.jpg 300w, http:\/\/www.klangschmiede-kricke.ch\/wp-content\/uploads\/2020\/12\/Saxophone-Occassion-020-768x512.jpg 768w\" sizes=\"(max-width: 1024px) 100vw, 1024px\" \/><\/figure>\n\n\n\n<p>sch\u00f6nes Julius Keilwerth aus den 50ern, dass die Zeit bis heute erstaunlich gut \u00fcberstanden hat&#8230;immer ein Vorteil bei versilberten Instrumenten. Das Instrument hat geb\u00f6rdelte Tonloch-Kamine und original &#171;Engelsfl\u00fcgel&#187;.<\/p>\n","protected":false},"excerpt":{"rendered":"<p>sch\u00f6nes Julius Keilwerth aus den 50ern, dass die Zeit bis heute erstaunlich gut \u00fcberstanden hat&#8230;immer ein Vorteil bei versilberten Instrumenten. Das Instrument hat geb\u00f6rdelte Tonloch-Kamine und original &#171;Engelsfl\u00fcgel&#187;.<\/p>\n","protected":false},"author":1,"featured_media":0,"parent":0,"menu_order":0,"comment_status":"closed","ping_status":"closed","template":"","meta":[],"_links":{"self":[{"href":"http:\/\/www.klangschmiede-kricke.ch\/index.php\/wp-json\/wp\/v2\/pages\/442"}],"collection":[{"href":"http:\/\/www.klangschmiede-kricke.ch\/index.php\/wp-json\/wp\/v2\/pages"}],"about":[{"href":"http:\/\/www.klangschmiede-kricke.ch\/index.php\/wp-json\/wp\/v2\/types\/page"}],"author":[{"embeddable":true,"href":"http:\/\/www.klangschmiede-kricke.ch\/index.php\/wp-json\/wp\/v2\/users\/1"}],"replies":[{"embeddable":true,"href":"http:\/\/www.klangschmiede-kricke.ch\/index.php\/wp-json\/wp\/v2\/comments?post=442"}],"version-history":[{"count":1,"href":"http:\/\/www.klangschmiede-kricke.ch\/index.php\/wp-json\/wp\/v2\/pages\/442\/revisions"}],"predecessor-version":[{"id":444,"href":"http:\/\/www.klangschmiede-kricke.ch\/index.php\/wp-json\/wp\/v2\/pages\/442\/revisions\/444"}],"wp:attachment":[{"href":"http:\/\/www.klangschmiede-kricke.ch\/index.php\/wp-json\/wp\/v2\/media?parent=442"}],"curies":[{"name":"wp","href":"https:\/\/api.w.org\/{rel}","templated":true}]}}