{"id":2785,"date":"2024-01-23T06:21:14","date_gmt":"2024-01-23T06:21:14","guid":{"rendered":"https:\/\/www.klangschmiede-kricke.ch\/?page_id=2785"},"modified":"2024-03-26T06:31:25","modified_gmt":"2024-03-26T06:31:25","slug":"fluegelhorn-antoine-courtois-154r","status":"publish","type":"page","link":"http:\/\/www.klangschmiede-kricke.ch\/index.php\/fluegelhorn-antoine-courtois-154r\/","title":{"rendered":"Fl\u00fcgelhorn Antoine Courtois &#171;154R&#187;"},"content":{"rendered":"\n<figure class=\"wp-block-image size-full\"><img loading=\"lazy\" width=\"683\" height=\"1024\" src=\"https:\/\/www.klangschmiede-kricke.ch\/wp-content\/uploads\/2024\/01\/Fluegelhorn-Antoine-Courtois-154R-4.jpg\" alt=\"\" class=\"wp-image-2786\" srcset=\"http:\/\/www.klangschmiede-kricke.ch\/wp-content\/uploads\/2024\/01\/Fluegelhorn-Antoine-Courtois-154R-4.jpg 683w, http:\/\/www.klangschmiede-kricke.ch\/wp-content\/uploads\/2024\/01\/Fluegelhorn-Antoine-Courtois-154R-4-200x300.jpg 200w\" sizes=\"(max-width: 683px) 100vw, 683px\" \/><\/figure>\n\n\n\n<figure class=\"wp-block-image size-full\"><img loading=\"lazy\" width=\"1024\" height=\"683\" src=\"https:\/\/www.klangschmiede-kricke.ch\/wp-content\/uploads\/2024\/01\/Fluegelhorn-Antoine-Courtois-154R-5.jpg\" alt=\"\" class=\"wp-image-2787\" srcset=\"http:\/\/www.klangschmiede-kricke.ch\/wp-content\/uploads\/2024\/01\/Fluegelhorn-Antoine-Courtois-154R-5.jpg 1024w, http:\/\/www.klangschmiede-kricke.ch\/wp-content\/uploads\/2024\/01\/Fluegelhorn-Antoine-Courtois-154R-5-300x200.jpg 300w, http:\/\/www.klangschmiede-kricke.ch\/wp-content\/uploads\/2024\/01\/Fluegelhorn-Antoine-Courtois-154R-5-768x512.jpg 768w\" sizes=\"(max-width: 1024px) 100vw, 1024px\" \/><\/figure>\n\n\n\n<figure class=\"wp-block-image size-full\"><img loading=\"lazy\" width=\"683\" height=\"1024\" src=\"https:\/\/www.klangschmiede-kricke.ch\/wp-content\/uploads\/2024\/01\/Fluegelhorn-Antoine-Courtois-154R-6.jpg\" alt=\"\" class=\"wp-image-2788\" srcset=\"http:\/\/www.klangschmiede-kricke.ch\/wp-content\/uploads\/2024\/01\/Fluegelhorn-Antoine-Courtois-154R-6.jpg 683w, http:\/\/www.klangschmiede-kricke.ch\/wp-content\/uploads\/2024\/01\/Fluegelhorn-Antoine-Courtois-154R-6-200x300.jpg 200w\" sizes=\"(max-width: 683px) 100vw, 683px\" \/><\/figure>\n\n\n\n<figure class=\"wp-block-image size-full\"><img loading=\"lazy\" width=\"1024\" height=\"683\" src=\"https:\/\/www.klangschmiede-kricke.ch\/wp-content\/uploads\/2024\/01\/Fluegelhorn-Antoine-Courtois-154R-7.jpg\" alt=\"\" class=\"wp-image-2789\" srcset=\"http:\/\/www.klangschmiede-kricke.ch\/wp-content\/uploads\/2024\/01\/Fluegelhorn-Antoine-Courtois-154R-7.jpg 1024w, http:\/\/www.klangschmiede-kricke.ch\/wp-content\/uploads\/2024\/01\/Fluegelhorn-Antoine-Courtois-154R-7-300x200.jpg 300w, http:\/\/www.klangschmiede-kricke.ch\/wp-content\/uploads\/2024\/01\/Fluegelhorn-Antoine-Courtois-154R-7-768x512.jpg 768w\" sizes=\"(max-width: 1024px) 100vw, 1024px\" \/><\/figure>\n\n\n\n<figure class=\"wp-block-image size-full\"><img loading=\"lazy\" width=\"1024\" height=\"683\" src=\"https:\/\/www.klangschmiede-kricke.ch\/wp-content\/uploads\/2024\/01\/Fluegelhorn-Antoine-Courtois-154R-8.jpg\" alt=\"\" class=\"wp-image-2790\" srcset=\"http:\/\/www.klangschmiede-kricke.ch\/wp-content\/uploads\/2024\/01\/Fluegelhorn-Antoine-Courtois-154R-8.jpg 1024w, http:\/\/www.klangschmiede-kricke.ch\/wp-content\/uploads\/2024\/01\/Fluegelhorn-Antoine-Courtois-154R-8-300x200.jpg 300w, http:\/\/www.klangschmiede-kricke.ch\/wp-content\/uploads\/2024\/01\/Fluegelhorn-Antoine-Courtois-154R-8-768x512.jpg 768w\" sizes=\"(max-width: 1024px) 100vw, 1024px\" \/><\/figure>\n\n\n\n<figure class=\"wp-block-image size-full\"><img loading=\"lazy\" width=\"1024\" height=\"683\" src=\"https:\/\/www.klangschmiede-kricke.ch\/wp-content\/uploads\/2024\/01\/Fluegelhorn-Antoine-Courtois-154R-9.jpg\" alt=\"\" class=\"wp-image-2791\" srcset=\"http:\/\/www.klangschmiede-kricke.ch\/wp-content\/uploads\/2024\/01\/Fluegelhorn-Antoine-Courtois-154R-9.jpg 1024w, http:\/\/www.klangschmiede-kricke.ch\/wp-content\/uploads\/2024\/01\/Fluegelhorn-Antoine-Courtois-154R-9-300x200.jpg 300w, http:\/\/www.klangschmiede-kricke.ch\/wp-content\/uploads\/2024\/01\/Fluegelhorn-Antoine-Courtois-154R-9-768x512.jpg 768w\" sizes=\"(max-width: 1024px) 100vw, 1024px\" \/><\/figure>\n\n\n\n<figure class=\"wp-block-image size-full\"><img loading=\"lazy\" width=\"1024\" height=\"683\" src=\"https:\/\/www.klangschmiede-kricke.ch\/wp-content\/uploads\/2024\/01\/Fluegelhorn-Antoine-Courtois-154R-10.jpg\" alt=\"\" class=\"wp-image-2792\" srcset=\"http:\/\/www.klangschmiede-kricke.ch\/wp-content\/uploads\/2024\/01\/Fluegelhorn-Antoine-Courtois-154R-10.jpg 1024w, http:\/\/www.klangschmiede-kricke.ch\/wp-content\/uploads\/2024\/01\/Fluegelhorn-Antoine-Courtois-154R-10-300x200.jpg 300w, http:\/\/www.klangschmiede-kricke.ch\/wp-content\/uploads\/2024\/01\/Fluegelhorn-Antoine-Courtois-154R-10-768x512.jpg 768w\" sizes=\"(max-width: 1024px) 100vw, 1024px\" \/><\/figure>\n\n\n\n<figure class=\"wp-block-image size-full\"><img loading=\"lazy\" width=\"683\" height=\"1024\" src=\"https:\/\/www.klangschmiede-kricke.ch\/wp-content\/uploads\/2024\/01\/Fluegelhorn-Antoine-Courtois-154R-11.jpg\" alt=\"\" class=\"wp-image-2793\" srcset=\"http:\/\/www.klangschmiede-kricke.ch\/wp-content\/uploads\/2024\/01\/Fluegelhorn-Antoine-Courtois-154R-11.jpg 683w, http:\/\/www.klangschmiede-kricke.ch\/wp-content\/uploads\/2024\/01\/Fluegelhorn-Antoine-Courtois-154R-11-200x300.jpg 200w\" sizes=\"(max-width: 683px) 100vw, 683px\" \/><\/figure>\n\n\n\n<figure class=\"wp-block-image size-full\"><img loading=\"lazy\" width=\"1024\" height=\"683\" src=\"https:\/\/www.klangschmiede-kricke.ch\/wp-content\/uploads\/2024\/01\/Fluegelhorn-Antoine-Courtois-154R-12.jpg\" alt=\"\" class=\"wp-image-2794\" srcset=\"http:\/\/www.klangschmiede-kricke.ch\/wp-content\/uploads\/2024\/01\/Fluegelhorn-Antoine-Courtois-154R-12.jpg 1024w, http:\/\/www.klangschmiede-kricke.ch\/wp-content\/uploads\/2024\/01\/Fluegelhorn-Antoine-Courtois-154R-12-300x200.jpg 300w, http:\/\/www.klangschmiede-kricke.ch\/wp-content\/uploads\/2024\/01\/Fluegelhorn-Antoine-Courtois-154R-12-768x512.jpg 768w\" sizes=\"(max-width: 1024px) 100vw, 1024px\" \/><\/figure>\n\n\n\n<figure class=\"wp-block-image size-full\"><img loading=\"lazy\" width=\"1024\" height=\"683\" src=\"https:\/\/www.klangschmiede-kricke.ch\/wp-content\/uploads\/2024\/01\/Fluegelhorn-Antoine-Courtois-154R-13.jpg\" alt=\"\" class=\"wp-image-2795\" srcset=\"http:\/\/www.klangschmiede-kricke.ch\/wp-content\/uploads\/2024\/01\/Fluegelhorn-Antoine-Courtois-154R-13.jpg 1024w, http:\/\/www.klangschmiede-kricke.ch\/wp-content\/uploads\/2024\/01\/Fluegelhorn-Antoine-Courtois-154R-13-300x200.jpg 300w, http:\/\/www.klangschmiede-kricke.ch\/wp-content\/uploads\/2024\/01\/Fluegelhorn-Antoine-Courtois-154R-13-768x512.jpg 768w\" sizes=\"(max-width: 1024px) 100vw, 1024px\" \/><\/figure>\n\n\n\n<figure class=\"wp-block-image size-full\"><img loading=\"lazy\" width=\"1024\" height=\"683\" src=\"https:\/\/www.klangschmiede-kricke.ch\/wp-content\/uploads\/2024\/01\/Fluegelhorn-Antoine-Courtois-154R-14.jpg\" alt=\"\" class=\"wp-image-2796\" srcset=\"http:\/\/www.klangschmiede-kricke.ch\/wp-content\/uploads\/2024\/01\/Fluegelhorn-Antoine-Courtois-154R-14.jpg 1024w, http:\/\/www.klangschmiede-kricke.ch\/wp-content\/uploads\/2024\/01\/Fluegelhorn-Antoine-Courtois-154R-14-300x200.jpg 300w, http:\/\/www.klangschmiede-kricke.ch\/wp-content\/uploads\/2024\/01\/Fluegelhorn-Antoine-Courtois-154R-14-768x512.jpg 768w\" sizes=\"(max-width: 1024px) 100vw, 1024px\" \/><\/figure>\n\n\n\n<figure class=\"wp-block-image size-full\"><img loading=\"lazy\" width=\"1024\" height=\"683\" src=\"https:\/\/www.klangschmiede-kricke.ch\/wp-content\/uploads\/2024\/01\/Fluegelhorn-Antoine-Courtois-154R-15.jpg\" alt=\"\" class=\"wp-image-2797\" srcset=\"http:\/\/www.klangschmiede-kricke.ch\/wp-content\/uploads\/2024\/01\/Fluegelhorn-Antoine-Courtois-154R-15.jpg 1024w, http:\/\/www.klangschmiede-kricke.ch\/wp-content\/uploads\/2024\/01\/Fluegelhorn-Antoine-Courtois-154R-15-300x200.jpg 300w, http:\/\/www.klangschmiede-kricke.ch\/wp-content\/uploads\/2024\/01\/Fluegelhorn-Antoine-Courtois-154R-15-768x512.jpg 768w\" sizes=\"(max-width: 1024px) 100vw, 1024px\" \/><\/figure>\n\n\n\n<figure class=\"wp-block-image size-full\"><img loading=\"lazy\" width=\"1024\" height=\"768\" src=\"https:\/\/www.klangschmiede-kricke.ch\/wp-content\/uploads\/2024\/01\/Fluegelhorn-Antoine-Courtois-154R-1.jpg\" alt=\"\" class=\"wp-image-2798\" srcset=\"http:\/\/www.klangschmiede-kricke.ch\/wp-content\/uploads\/2024\/01\/Fluegelhorn-Antoine-Courtois-154R-1.jpg 1024w, http:\/\/www.klangschmiede-kricke.ch\/wp-content\/uploads\/2024\/01\/Fluegelhorn-Antoine-Courtois-154R-1-300x225.jpg 300w, http:\/\/www.klangschmiede-kricke.ch\/wp-content\/uploads\/2024\/01\/Fluegelhorn-Antoine-Courtois-154R-1-768x576.jpg 768w\" sizes=\"(max-width: 1024px) 100vw, 1024px\" \/><\/figure>\n\n\n\n<figure class=\"wp-block-image size-full\"><img loading=\"lazy\" width=\"1024\" height=\"768\" src=\"https:\/\/www.klangschmiede-kricke.ch\/wp-content\/uploads\/2024\/01\/Fluegelhorn-Antoine-Courtois-154R-2.jpg\" alt=\"\" class=\"wp-image-2799\" srcset=\"http:\/\/www.klangschmiede-kricke.ch\/wp-content\/uploads\/2024\/01\/Fluegelhorn-Antoine-Courtois-154R-2.jpg 1024w, http:\/\/www.klangschmiede-kricke.ch\/wp-content\/uploads\/2024\/01\/Fluegelhorn-Antoine-Courtois-154R-2-300x225.jpg 300w, http:\/\/www.klangschmiede-kricke.ch\/wp-content\/uploads\/2024\/01\/Fluegelhorn-Antoine-Courtois-154R-2-768x576.jpg 768w\" sizes=\"(max-width: 1024px) 100vw, 1024px\" \/><\/figure>\n\n\n\n<figure class=\"wp-block-image size-full\"><img loading=\"lazy\" width=\"1024\" height=\"768\" src=\"https:\/\/www.klangschmiede-kricke.ch\/wp-content\/uploads\/2024\/01\/Fluegelhorn-Antoine-Courtois-154R-3.jpg\" alt=\"\" class=\"wp-image-2800\" srcset=\"http:\/\/www.klangschmiede-kricke.ch\/wp-content\/uploads\/2024\/01\/Fluegelhorn-Antoine-Courtois-154R-3.jpg 1024w, http:\/\/www.klangschmiede-kricke.ch\/wp-content\/uploads\/2024\/01\/Fluegelhorn-Antoine-Courtois-154R-3-300x225.jpg 300w, http:\/\/www.klangschmiede-kricke.ch\/wp-content\/uploads\/2024\/01\/Fluegelhorn-Antoine-Courtois-154R-3-768x576.jpg 768w\" sizes=\"(max-width: 1024px) 100vw, 1024px\" \/><\/figure>\n\n\n\n<p>professionelles Fl\u00fcgelhorn des franz\u00f6sischen Herstellers Antoine Courtois mit Trigger am 3. Ventil nach Service mit chemischer Reinigung, Erneuerung aller Filzanschl\u00e4ge, Wasserklappen-Polstern und Federn mit orig. Koffer<br>Statement zu diesem Horn von einem prof. Blechbl\u00e4ser:<br>&#8211; das mit Abstand beste Instrument, das ich f\u00fcr Dich testen durfte<br>&#8211; rastet super ein<br>&#8211; die Ventil laufen super<br>&#8211; Klang voll und klar<br>&#8211; T\u00f6ne g2 und h\u00f6her No Problem<br>&#8211; es ist mir klar, warum Nakariakov darauf spielt<br>&#8211; ist klanglich besser als mein Yamaha FH<br>&#8211; hat Widerstand und braucht ge\u00fcbte Bl\u00e4ser<br><\/p>\n\n\n\n<p class=\"has-text-align-right\"><em>verkauft<\/em><\/p>\n","protected":false},"excerpt":{"rendered":"<p>professionelles Fl\u00fcgelhorn des franz\u00f6sischen Herstellers Antoine Courtois mit Trigger am 3. Ventil nach Service mit chemischer Reinigung, Erneuerung aller Filzanschl\u00e4ge, Wasserklappen-Polstern und Federn mit orig. KofferStatement zu diesem Horn von<\/p>\n<p class=\"more-link\"><a href=\"http:\/\/www.klangschmiede-kricke.ch\/index.php\/fluegelhorn-antoine-courtois-154r\/\" class=\"readmore\">Continue reading&#8230;<span class=\"screen-reader-text\">Fl\u00fcgelhorn Antoine Courtois &#171;154R&#187;<\/span><\/a><\/p>\n","protected":false},"author":1,"featured_media":0,"parent":0,"menu_order":0,"comment_status":"closed","ping_status":"closed","template":"","meta":[],"_links":{"self":[{"href":"http:\/\/www.klangschmiede-kricke.ch\/index.php\/wp-json\/wp\/v2\/pages\/2785"}],"collection":[{"href":"http:\/\/www.klangschmiede-kricke.ch\/index.php\/wp-json\/wp\/v2\/pages"}],"about":[{"href":"http:\/\/www.klangschmiede-kricke.ch\/index.php\/wp-json\/wp\/v2\/types\/page"}],"author":[{"embeddable":true,"href":"http:\/\/www.klangschmiede-kricke.ch\/index.php\/wp-json\/wp\/v2\/users\/1"}],"replies":[{"embeddable":true,"href":"http:\/\/www.klangschmiede-kricke.ch\/index.php\/wp-json\/wp\/v2\/comments?post=2785"}],"version-history":[{"count":6,"href":"http:\/\/www.klangschmiede-kricke.ch\/index.php\/wp-json\/wp\/v2\/pages\/2785\/revisions"}],"predecessor-version":[{"id":2920,"href":"http:\/\/www.klangschmiede-kricke.ch\/index.php\/wp-json\/wp\/v2\/pages\/2785\/revisions\/2920"}],"wp:attachment":[{"href":"http:\/\/www.klangschmiede-kricke.ch\/index.php\/wp-json\/wp\/v2\/media?parent=2785"}],"curies":[{"name":"wp","href":"https:\/\/api.w.org\/{rel}","templated":true}]}}