{"id":2753,"date":"2023-12-16T06:46:59","date_gmt":"2023-12-16T06:46:59","guid":{"rendered":"https:\/\/www.klangschmiede-kricke.ch\/?page_id=2753"},"modified":"2023-12-26T07:24:00","modified_gmt":"2023-12-26T07:24:00","slug":"trompete-antoine-courtois-paris","status":"publish","type":"page","link":"http:\/\/www.klangschmiede-kricke.ch\/index.php\/trompete-antoine-courtois-paris\/","title":{"rendered":"Trompete Antoine Courtois, Paris"},"content":{"rendered":"\n<figure class=\"wp-block-image size-full\"><img loading=\"lazy\" width=\"683\" height=\"1024\" src=\"https:\/\/www.klangschmiede-kricke.ch\/wp-content\/uploads\/2023\/12\/Bb-Trompete-Antoine-Courtois-Paris-0.jpg\" alt=\"\" class=\"wp-image-2754\" srcset=\"http:\/\/www.klangschmiede-kricke.ch\/wp-content\/uploads\/2023\/12\/Bb-Trompete-Antoine-Courtois-Paris-0.jpg 683w, http:\/\/www.klangschmiede-kricke.ch\/wp-content\/uploads\/2023\/12\/Bb-Trompete-Antoine-Courtois-Paris-0-200x300.jpg 200w\" sizes=\"(max-width: 683px) 100vw, 683px\" \/><\/figure>\n\n\n\n<figure class=\"wp-block-image size-full\"><img loading=\"lazy\" width=\"1024\" height=\"683\" src=\"https:\/\/www.klangschmiede-kricke.ch\/wp-content\/uploads\/2023\/12\/Bb-Trompete-Antoine-Courtois-Paris-1.jpg\" alt=\"\" class=\"wp-image-2755\" srcset=\"http:\/\/www.klangschmiede-kricke.ch\/wp-content\/uploads\/2023\/12\/Bb-Trompete-Antoine-Courtois-Paris-1.jpg 1024w, http:\/\/www.klangschmiede-kricke.ch\/wp-content\/uploads\/2023\/12\/Bb-Trompete-Antoine-Courtois-Paris-1-300x200.jpg 300w, http:\/\/www.klangschmiede-kricke.ch\/wp-content\/uploads\/2023\/12\/Bb-Trompete-Antoine-Courtois-Paris-1-768x512.jpg 768w\" sizes=\"(max-width: 1024px) 100vw, 1024px\" \/><\/figure>\n\n\n\n<figure class=\"wp-block-image size-full\"><img loading=\"lazy\" width=\"683\" height=\"1024\" src=\"https:\/\/www.klangschmiede-kricke.ch\/wp-content\/uploads\/2023\/12\/Bb-Trompete-Antoine-Courtois-Paris-2.jpg\" alt=\"\" class=\"wp-image-2756\" srcset=\"http:\/\/www.klangschmiede-kricke.ch\/wp-content\/uploads\/2023\/12\/Bb-Trompete-Antoine-Courtois-Paris-2.jpg 683w, http:\/\/www.klangschmiede-kricke.ch\/wp-content\/uploads\/2023\/12\/Bb-Trompete-Antoine-Courtois-Paris-2-200x300.jpg 200w\" sizes=\"(max-width: 683px) 100vw, 683px\" \/><\/figure>\n\n\n\n<figure class=\"wp-block-image size-full\"><img loading=\"lazy\" width=\"1024\" height=\"683\" src=\"https:\/\/www.klangschmiede-kricke.ch\/wp-content\/uploads\/2023\/12\/Bb-Trompete-Antoine-Courtois-Paris-3.jpg\" alt=\"\" class=\"wp-image-2757\" srcset=\"http:\/\/www.klangschmiede-kricke.ch\/wp-content\/uploads\/2023\/12\/Bb-Trompete-Antoine-Courtois-Paris-3.jpg 1024w, http:\/\/www.klangschmiede-kricke.ch\/wp-content\/uploads\/2023\/12\/Bb-Trompete-Antoine-Courtois-Paris-3-300x200.jpg 300w, http:\/\/www.klangschmiede-kricke.ch\/wp-content\/uploads\/2023\/12\/Bb-Trompete-Antoine-Courtois-Paris-3-768x512.jpg 768w\" sizes=\"(max-width: 1024px) 100vw, 1024px\" \/><\/figure>\n\n\n\n<figure class=\"wp-block-image size-full\"><img loading=\"lazy\" width=\"1024\" height=\"683\" src=\"https:\/\/www.klangschmiede-kricke.ch\/wp-content\/uploads\/2023\/12\/Bb-Trompete-Antoine-Courtois-Paris-4.jpg\" alt=\"\" class=\"wp-image-2758\" srcset=\"http:\/\/www.klangschmiede-kricke.ch\/wp-content\/uploads\/2023\/12\/Bb-Trompete-Antoine-Courtois-Paris-4.jpg 1024w, http:\/\/www.klangschmiede-kricke.ch\/wp-content\/uploads\/2023\/12\/Bb-Trompete-Antoine-Courtois-Paris-4-300x200.jpg 300w, http:\/\/www.klangschmiede-kricke.ch\/wp-content\/uploads\/2023\/12\/Bb-Trompete-Antoine-Courtois-Paris-4-768x512.jpg 768w\" sizes=\"(max-width: 1024px) 100vw, 1024px\" \/><\/figure>\n\n\n\n<figure class=\"wp-block-image size-full\"><img loading=\"lazy\" width=\"1024\" height=\"683\" src=\"https:\/\/www.klangschmiede-kricke.ch\/wp-content\/uploads\/2023\/12\/Bb-Trompete-Antoine-Courtois-Paris-5-1.jpg\" alt=\"\" class=\"wp-image-2759\" srcset=\"http:\/\/www.klangschmiede-kricke.ch\/wp-content\/uploads\/2023\/12\/Bb-Trompete-Antoine-Courtois-Paris-5-1.jpg 1024w, http:\/\/www.klangschmiede-kricke.ch\/wp-content\/uploads\/2023\/12\/Bb-Trompete-Antoine-Courtois-Paris-5-1-300x200.jpg 300w, http:\/\/www.klangschmiede-kricke.ch\/wp-content\/uploads\/2023\/12\/Bb-Trompete-Antoine-Courtois-Paris-5-1-768x512.jpg 768w\" sizes=\"(max-width: 1024px) 100vw, 1024px\" \/><\/figure>\n\n\n\n<figure class=\"wp-block-image size-full\"><img loading=\"lazy\" width=\"1024\" height=\"683\" src=\"https:\/\/www.klangschmiede-kricke.ch\/wp-content\/uploads\/2023\/12\/Bb-Trompete-Antoine-Courtois-Paris-6.jpg\" alt=\"\" class=\"wp-image-2760\" srcset=\"http:\/\/www.klangschmiede-kricke.ch\/wp-content\/uploads\/2023\/12\/Bb-Trompete-Antoine-Courtois-Paris-6.jpg 1024w, http:\/\/www.klangschmiede-kricke.ch\/wp-content\/uploads\/2023\/12\/Bb-Trompete-Antoine-Courtois-Paris-6-300x200.jpg 300w, http:\/\/www.klangschmiede-kricke.ch\/wp-content\/uploads\/2023\/12\/Bb-Trompete-Antoine-Courtois-Paris-6-768x512.jpg 768w\" sizes=\"(max-width: 1024px) 100vw, 1024px\" \/><\/figure>\n\n\n\n<figure class=\"wp-block-image size-full\"><img loading=\"lazy\" width=\"1024\" height=\"683\" src=\"https:\/\/www.klangschmiede-kricke.ch\/wp-content\/uploads\/2023\/12\/Bb-Trompete-Antoine-Courtois-Paris-7.jpg\" alt=\"\" class=\"wp-image-2761\" srcset=\"http:\/\/www.klangschmiede-kricke.ch\/wp-content\/uploads\/2023\/12\/Bb-Trompete-Antoine-Courtois-Paris-7.jpg 1024w, http:\/\/www.klangschmiede-kricke.ch\/wp-content\/uploads\/2023\/12\/Bb-Trompete-Antoine-Courtois-Paris-7-300x200.jpg 300w, http:\/\/www.klangschmiede-kricke.ch\/wp-content\/uploads\/2023\/12\/Bb-Trompete-Antoine-Courtois-Paris-7-768x512.jpg 768w\" sizes=\"(max-width: 1024px) 100vw, 1024px\" \/><\/figure>\n\n\n\n<figure class=\"wp-block-image size-full\"><img loading=\"lazy\" width=\"1024\" height=\"683\" src=\"https:\/\/www.klangschmiede-kricke.ch\/wp-content\/uploads\/2023\/12\/Bb-Trompete-Antoine-Courtois-Paris-8.jpg\" alt=\"\" class=\"wp-image-2762\" srcset=\"http:\/\/www.klangschmiede-kricke.ch\/wp-content\/uploads\/2023\/12\/Bb-Trompete-Antoine-Courtois-Paris-8.jpg 1024w, http:\/\/www.klangschmiede-kricke.ch\/wp-content\/uploads\/2023\/12\/Bb-Trompete-Antoine-Courtois-Paris-8-300x200.jpg 300w, http:\/\/www.klangschmiede-kricke.ch\/wp-content\/uploads\/2023\/12\/Bb-Trompete-Antoine-Courtois-Paris-8-768x512.jpg 768w\" sizes=\"(max-width: 1024px) 100vw, 1024px\" \/><\/figure>\n\n\n\n<figure class=\"wp-block-image size-full\"><img loading=\"lazy\" width=\"1024\" height=\"683\" src=\"https:\/\/www.klangschmiede-kricke.ch\/wp-content\/uploads\/2023\/12\/Bb-Trompete-Antoine-Courtois-Paris-9.jpg\" alt=\"\" class=\"wp-image-2763\" srcset=\"http:\/\/www.klangschmiede-kricke.ch\/wp-content\/uploads\/2023\/12\/Bb-Trompete-Antoine-Courtois-Paris-9.jpg 1024w, http:\/\/www.klangschmiede-kricke.ch\/wp-content\/uploads\/2023\/12\/Bb-Trompete-Antoine-Courtois-Paris-9-300x200.jpg 300w, http:\/\/www.klangschmiede-kricke.ch\/wp-content\/uploads\/2023\/12\/Bb-Trompete-Antoine-Courtois-Paris-9-768x512.jpg 768w\" sizes=\"(max-width: 1024px) 100vw, 1024px\" \/><\/figure>\n\n\n\n<figure class=\"wp-block-image size-full\"><img loading=\"lazy\" width=\"1024\" height=\"683\" src=\"https:\/\/www.klangschmiede-kricke.ch\/wp-content\/uploads\/2023\/12\/Bb-Trompete-Antoine-Courtois-Paris-10.jpg\" alt=\"\" class=\"wp-image-2764\" srcset=\"http:\/\/www.klangschmiede-kricke.ch\/wp-content\/uploads\/2023\/12\/Bb-Trompete-Antoine-Courtois-Paris-10.jpg 1024w, http:\/\/www.klangschmiede-kricke.ch\/wp-content\/uploads\/2023\/12\/Bb-Trompete-Antoine-Courtois-Paris-10-300x200.jpg 300w, http:\/\/www.klangschmiede-kricke.ch\/wp-content\/uploads\/2023\/12\/Bb-Trompete-Antoine-Courtois-Paris-10-768x512.jpg 768w\" sizes=\"(max-width: 1024px) 100vw, 1024px\" \/><\/figure>\n\n\n\n<figure class=\"wp-block-image size-full\"><img loading=\"lazy\" width=\"1024\" height=\"683\" src=\"https:\/\/www.klangschmiede-kricke.ch\/wp-content\/uploads\/2023\/12\/Bb-Trompete-Antoine-Courtois-Paris-11.jpg\" alt=\"\" class=\"wp-image-2765\" srcset=\"http:\/\/www.klangschmiede-kricke.ch\/wp-content\/uploads\/2023\/12\/Bb-Trompete-Antoine-Courtois-Paris-11.jpg 1024w, http:\/\/www.klangschmiede-kricke.ch\/wp-content\/uploads\/2023\/12\/Bb-Trompete-Antoine-Courtois-Paris-11-300x200.jpg 300w, http:\/\/www.klangschmiede-kricke.ch\/wp-content\/uploads\/2023\/12\/Bb-Trompete-Antoine-Courtois-Paris-11-768x512.jpg 768w\" sizes=\"(max-width: 1024px) 100vw, 1024px\" \/><\/figure>\n\n\n\n<figure class=\"wp-block-image size-full\"><img loading=\"lazy\" width=\"1024\" height=\"683\" src=\"https:\/\/www.klangschmiede-kricke.ch\/wp-content\/uploads\/2023\/12\/IBb-Trompete-Antoine-Courtois-Paris-12.jpg\" alt=\"\" class=\"wp-image-2766\" srcset=\"http:\/\/www.klangschmiede-kricke.ch\/wp-content\/uploads\/2023\/12\/IBb-Trompete-Antoine-Courtois-Paris-12.jpg 1024w, http:\/\/www.klangschmiede-kricke.ch\/wp-content\/uploads\/2023\/12\/IBb-Trompete-Antoine-Courtois-Paris-12-300x200.jpg 300w, http:\/\/www.klangschmiede-kricke.ch\/wp-content\/uploads\/2023\/12\/IBb-Trompete-Antoine-Courtois-Paris-12-768x512.jpg 768w\" sizes=\"(max-width: 1024px) 100vw, 1024px\" \/><\/figure>\n\n\n\n<figure class=\"wp-block-image size-full\"><img loading=\"lazy\" width=\"1024\" height=\"683\" src=\"https:\/\/www.klangschmiede-kricke.ch\/wp-content\/uploads\/2023\/12\/Bb-Trompete-Antoine-Courtois-Paris-13.jpg\" alt=\"\" class=\"wp-image-2767\" srcset=\"http:\/\/www.klangschmiede-kricke.ch\/wp-content\/uploads\/2023\/12\/Bb-Trompete-Antoine-Courtois-Paris-13.jpg 1024w, http:\/\/www.klangschmiede-kricke.ch\/wp-content\/uploads\/2023\/12\/Bb-Trompete-Antoine-Courtois-Paris-13-300x200.jpg 300w, http:\/\/www.klangschmiede-kricke.ch\/wp-content\/uploads\/2023\/12\/Bb-Trompete-Antoine-Courtois-Paris-13-768x512.jpg 768w\" sizes=\"(max-width: 1024px) 100vw, 1024px\" \/><\/figure>\n\n\n\n<figure class=\"wp-block-image size-full\"><img loading=\"lazy\" width=\"1024\" height=\"683\" src=\"https:\/\/www.klangschmiede-kricke.ch\/wp-content\/uploads\/2023\/12\/Bb-Trompete-Antoine-Courtois-Paris-14.jpg\" alt=\"\" class=\"wp-image-2768\" srcset=\"http:\/\/www.klangschmiede-kricke.ch\/wp-content\/uploads\/2023\/12\/Bb-Trompete-Antoine-Courtois-Paris-14.jpg 1024w, http:\/\/www.klangschmiede-kricke.ch\/wp-content\/uploads\/2023\/12\/Bb-Trompete-Antoine-Courtois-Paris-14-300x200.jpg 300w, http:\/\/www.klangschmiede-kricke.ch\/wp-content\/uploads\/2023\/12\/Bb-Trompete-Antoine-Courtois-Paris-14-768x512.jpg 768w\" sizes=\"(max-width: 1024px) 100vw, 1024px\" \/><\/figure>\n\n\n\n<figure class=\"wp-block-image size-full\"><img loading=\"lazy\" width=\"1024\" height=\"683\" src=\"https:\/\/www.klangschmiede-kricke.ch\/wp-content\/uploads\/2023\/12\/Bb-Trompete-Antoine-Courtois-Paris-15.jpg\" alt=\"\" class=\"wp-image-2769\" srcset=\"http:\/\/www.klangschmiede-kricke.ch\/wp-content\/uploads\/2023\/12\/Bb-Trompete-Antoine-Courtois-Paris-15.jpg 1024w, http:\/\/www.klangschmiede-kricke.ch\/wp-content\/uploads\/2023\/12\/Bb-Trompete-Antoine-Courtois-Paris-15-300x200.jpg 300w, http:\/\/www.klangschmiede-kricke.ch\/wp-content\/uploads\/2023\/12\/Bb-Trompete-Antoine-Courtois-Paris-15-768x512.jpg 768w\" sizes=\"(max-width: 1024px) 100vw, 1024px\" \/><\/figure>\n\n\n\n<p>Dies ist eine wirklich sch\u00f6n gebaute B-Trompete des renommierten Herstellers Antoine Courtois aus Paris. Hier wurde Wert gelegt aufs Detail mit separaten Beschriftungen der Piston, Deckel&#8230;<br>Auch wenn auf einen Trigger am ersten Zug verzichtet wurde ist zumindest der dritte Zug in zwei Parts aufgeteilt, so wie das bei vielen anderen prof. Trompeten der Fall ist.<br>Es wurden alle Einzelteile gereinigt\/poliert und alle Filzanschl\u00e4ge, Wasserklappen-Polster und Ventil-Gummis ersetzt.<br>Mein Kollege als prof. Trompeter war richtig erstaunt \u00fcber den Klang dieses Instrumentes. Zwar h\u00e4tte sie ein klein wenig mehr Widerstand als z.B. die Getzen &#171;Eterna&#187; (anderes Angebot), doch w\u00fcrde sie dementsprechend zur\u00fcck geben und der Sound w\u00e4re kr\u00e4ftig und voll. Auch die Intonation ist einwandfrei.<br>Mit dabei ist ein neuwertiger, sicherer Koffer von Stomvi mit viel Platz und Tragriemen. Den alten Koffer habe ich behalten und gereinigt, doch m\u00fcsste man dort noch ein kaputtes Scharnier ersetzen.<\/p>\n\n\n\n<p class=\"has-text-align-right\"><em>Preis auf Anfrage<\/em><\/p>\n","protected":false},"excerpt":{"rendered":"<p>Dies ist eine wirklich sch\u00f6n gebaute B-Trompete des renommierten Herstellers Antoine Courtois aus Paris. Hier wurde Wert gelegt aufs Detail mit separaten Beschriftungen der Piston, Deckel&#8230;Auch wenn auf einen Trigger<\/p>\n<p class=\"more-link\"><a href=\"http:\/\/www.klangschmiede-kricke.ch\/index.php\/trompete-antoine-courtois-paris\/\" class=\"readmore\">Continue reading&#8230;<span class=\"screen-reader-text\">Trompete Antoine Courtois, Paris<\/span><\/a><\/p>\n","protected":false},"author":1,"featured_media":0,"parent":0,"menu_order":0,"comment_status":"closed","ping_status":"closed","template":"","meta":[],"_links":{"self":[{"href":"http:\/\/www.klangschmiede-kricke.ch\/index.php\/wp-json\/wp\/v2\/pages\/2753"}],"collection":[{"href":"http:\/\/www.klangschmiede-kricke.ch\/index.php\/wp-json\/wp\/v2\/pages"}],"about":[{"href":"http:\/\/www.klangschmiede-kricke.ch\/index.php\/wp-json\/wp\/v2\/types\/page"}],"author":[{"embeddable":true,"href":"http:\/\/www.klangschmiede-kricke.ch\/index.php\/wp-json\/wp\/v2\/users\/1"}],"replies":[{"embeddable":true,"href":"http:\/\/www.klangschmiede-kricke.ch\/index.php\/wp-json\/wp\/v2\/comments?post=2753"}],"version-history":[{"count":3,"href":"http:\/\/www.klangschmiede-kricke.ch\/index.php\/wp-json\/wp\/v2\/pages\/2753\/revisions"}],"predecessor-version":[{"id":2784,"href":"http:\/\/www.klangschmiede-kricke.ch\/index.php\/wp-json\/wp\/v2\/pages\/2753\/revisions\/2784"}],"wp:attachment":[{"href":"http:\/\/www.klangschmiede-kricke.ch\/index.php\/wp-json\/wp\/v2\/media?parent=2753"}],"curies":[{"name":"wp","href":"https:\/\/api.w.org\/{rel}","templated":true}]}}