{"id":1561,"date":"2022-02-06T07:59:27","date_gmt":"2022-02-06T07:59:27","guid":{"rendered":"http:\/\/www.klangschmiede-kricke.ch\/?page_id=1561"},"modified":"2022-02-08T05:28:42","modified_gmt":"2022-02-08T05:28:42","slug":"extras","status":"publish","type":"page","link":"http:\/\/www.klangschmiede-kricke.ch\/index.php\/extras\/","title":{"rendered":"Extras"},"content":{"rendered":"\n<p> <br>Mittlerweile produziere ich viele, wichtige Bestandteile f\u00fcr Revisionen und Restaurationen selbst. Dabei kann ich Einzelteile genau auf Mass f\u00fcr jedes beliebige Instrument herstellen und verwende nachhaltige Materialien, die bislang f\u00fcr diese Zwecke nicht genutzt wurden. Mit meinen Ideen nehme ich direkt Einfluss auf den Klang und die Spielbarkeit eines Instrumentes und kann behaupten, dass sich diese Arbeit lohnt!<\/p>\n","protected":false},"excerpt":{"rendered":"<p>Mittlerweile produziere ich viele, wichtige Bestandteile f\u00fcr Revisionen und Restaurationen selbst. Dabei kann ich Einzelteile genau auf Mass f\u00fcr jedes beliebige Instrument herstellen und verwende nachhaltige Materialien, die bislang f\u00fcr<\/p>\n<p class=\"more-link\"><a href=\"http:\/\/www.klangschmiede-kricke.ch\/index.php\/extras\/\" class=\"readmore\">Continue reading&#8230;<span class=\"screen-reader-text\">Extras<\/span><\/a><\/p>\n","protected":false},"author":1,"featured_media":0,"parent":0,"menu_order":0,"comment_status":"closed","ping_status":"closed","template":"","meta":[],"_links":{"self":[{"href":"http:\/\/www.klangschmiede-kricke.ch\/index.php\/wp-json\/wp\/v2\/pages\/1561"}],"collection":[{"href":"http:\/\/www.klangschmiede-kricke.ch\/index.php\/wp-json\/wp\/v2\/pages"}],"about":[{"href":"http:\/\/www.klangschmiede-kricke.ch\/index.php\/wp-json\/wp\/v2\/types\/page"}],"author":[{"embeddable":true,"href":"http:\/\/www.klangschmiede-kricke.ch\/index.php\/wp-json\/wp\/v2\/users\/1"}],"replies":[{"embeddable":true,"href":"http:\/\/www.klangschmiede-kricke.ch\/index.php\/wp-json\/wp\/v2\/comments?post=1561"}],"version-history":[{"count":9,"href":"http:\/\/www.klangschmiede-kricke.ch\/index.php\/wp-json\/wp\/v2\/pages\/1561\/revisions"}],"predecessor-version":[{"id":1633,"href":"http:\/\/www.klangschmiede-kricke.ch\/index.php\/wp-json\/wp\/v2\/pages\/1561\/revisions\/1633"}],"wp:attachment":[{"href":"http:\/\/www.klangschmiede-kricke.ch\/index.php\/wp-json\/wp\/v2\/media?parent=1561"}],"curies":[{"name":"wp","href":"https:\/\/api.w.org\/{rel}","templated":true}]}}