{"id":1159,"date":"2021-12-01T23:11:10","date_gmt":"2021-12-01T23:11:10","guid":{"rendered":"http:\/\/www.klangschmiede-kricke.ch\/?page_id=1159"},"modified":"2022-10-25T18:05:35","modified_gmt":"2022-10-25T18:05:35","slug":"altsaxophon-kohlert-regent-2","status":"publish","type":"page","link":"http:\/\/www.klangschmiede-kricke.ch\/index.php\/altsaxophon-kohlert-regent-2\/","title":{"rendered":"Altsaxophon Kohlert \u00abRegent\u00bb"},"content":{"rendered":"\n<figure class=\"wp-block-image size-full\"><img loading=\"lazy\" width=\"653\" height=\"1024\" src=\"http:\/\/www.klangschmiede-kricke.ch\/wp-content\/uploads\/2022\/01\/Altsaxophon-Kohlert-Regent-16.jpg\" alt=\"\" class=\"wp-image-1333\" srcset=\"http:\/\/www.klangschmiede-kricke.ch\/wp-content\/uploads\/2022\/01\/Altsaxophon-Kohlert-Regent-16.jpg 653w, http:\/\/www.klangschmiede-kricke.ch\/wp-content\/uploads\/2022\/01\/Altsaxophon-Kohlert-Regent-16-191x300.jpg 191w\" sizes=\"(max-width: 653px) 100vw, 653px\" \/><\/figure>\n\n\n\n<figure class=\"wp-block-image size-full\"><img loading=\"lazy\" width=\"1024\" height=\"683\" src=\"http:\/\/www.klangschmiede-kricke.ch\/wp-content\/uploads\/2022\/01\/Altsaxophon-Kohlert-Regent-3.jpg\" alt=\"\" class=\"wp-image-1316\" srcset=\"http:\/\/www.klangschmiede-kricke.ch\/wp-content\/uploads\/2022\/01\/Altsaxophon-Kohlert-Regent-3.jpg 1024w, http:\/\/www.klangschmiede-kricke.ch\/wp-content\/uploads\/2022\/01\/Altsaxophon-Kohlert-Regent-3-300x200.jpg 300w, http:\/\/www.klangschmiede-kricke.ch\/wp-content\/uploads\/2022\/01\/Altsaxophon-Kohlert-Regent-3-768x512.jpg 768w\" sizes=\"(max-width: 1024px) 100vw, 1024px\" \/><\/figure>\n\n\n\n<figure class=\"wp-block-image size-full\"><img loading=\"lazy\" width=\"1024\" height=\"683\" src=\"http:\/\/www.klangschmiede-kricke.ch\/wp-content\/uploads\/2022\/01\/Altsaxophon-Kohlert-Regent-2.jpg\" alt=\"\" class=\"wp-image-1317\" srcset=\"http:\/\/www.klangschmiede-kricke.ch\/wp-content\/uploads\/2022\/01\/Altsaxophon-Kohlert-Regent-2.jpg 1024w, http:\/\/www.klangschmiede-kricke.ch\/wp-content\/uploads\/2022\/01\/Altsaxophon-Kohlert-Regent-2-300x200.jpg 300w, http:\/\/www.klangschmiede-kricke.ch\/wp-content\/uploads\/2022\/01\/Altsaxophon-Kohlert-Regent-2-768x512.jpg 768w\" sizes=\"(max-width: 1024px) 100vw, 1024px\" \/><\/figure>\n\n\n\n<figure class=\"wp-block-image size-full\"><img loading=\"lazy\" width=\"1024\" height=\"683\" src=\"http:\/\/www.klangschmiede-kricke.ch\/wp-content\/uploads\/2022\/01\/Altsaxophon-Kohlert-Regent-4.jpg\" alt=\"\" class=\"wp-image-1319\" srcset=\"http:\/\/www.klangschmiede-kricke.ch\/wp-content\/uploads\/2022\/01\/Altsaxophon-Kohlert-Regent-4.jpg 1024w, http:\/\/www.klangschmiede-kricke.ch\/wp-content\/uploads\/2022\/01\/Altsaxophon-Kohlert-Regent-4-300x200.jpg 300w, http:\/\/www.klangschmiede-kricke.ch\/wp-content\/uploads\/2022\/01\/Altsaxophon-Kohlert-Regent-4-768x512.jpg 768w\" sizes=\"(max-width: 1024px) 100vw, 1024px\" \/><\/figure>\n\n\n\n<figure class=\"wp-block-image size-full\"><img loading=\"lazy\" width=\"1024\" height=\"683\" src=\"http:\/\/www.klangschmiede-kricke.ch\/wp-content\/uploads\/2022\/01\/Altsaxophon-Kohlert-Regent-5.jpg\" alt=\"\" class=\"wp-image-1320\" srcset=\"http:\/\/www.klangschmiede-kricke.ch\/wp-content\/uploads\/2022\/01\/Altsaxophon-Kohlert-Regent-5.jpg 1024w, http:\/\/www.klangschmiede-kricke.ch\/wp-content\/uploads\/2022\/01\/Altsaxophon-Kohlert-Regent-5-300x200.jpg 300w, http:\/\/www.klangschmiede-kricke.ch\/wp-content\/uploads\/2022\/01\/Altsaxophon-Kohlert-Regent-5-768x512.jpg 768w\" sizes=\"(max-width: 1024px) 100vw, 1024px\" \/><\/figure>\n\n\n\n<figure class=\"wp-block-image size-full\"><img loading=\"lazy\" width=\"1024\" height=\"683\" src=\"http:\/\/www.klangschmiede-kricke.ch\/wp-content\/uploads\/2022\/01\/Altsaxophon-Kohlert-Regent-6.jpg\" alt=\"\" class=\"wp-image-1321\" srcset=\"http:\/\/www.klangschmiede-kricke.ch\/wp-content\/uploads\/2022\/01\/Altsaxophon-Kohlert-Regent-6.jpg 1024w, http:\/\/www.klangschmiede-kricke.ch\/wp-content\/uploads\/2022\/01\/Altsaxophon-Kohlert-Regent-6-300x200.jpg 300w, http:\/\/www.klangschmiede-kricke.ch\/wp-content\/uploads\/2022\/01\/Altsaxophon-Kohlert-Regent-6-768x512.jpg 768w\" sizes=\"(max-width: 1024px) 100vw, 1024px\" \/><\/figure>\n\n\n\n<figure class=\"wp-block-image size-full\"><img loading=\"lazy\" width=\"1024\" height=\"683\" src=\"http:\/\/www.klangschmiede-kricke.ch\/wp-content\/uploads\/2022\/01\/Altsaxophon-Kohlert-Regent-7.jpg\" alt=\"\" class=\"wp-image-1322\" srcset=\"http:\/\/www.klangschmiede-kricke.ch\/wp-content\/uploads\/2022\/01\/Altsaxophon-Kohlert-Regent-7.jpg 1024w, http:\/\/www.klangschmiede-kricke.ch\/wp-content\/uploads\/2022\/01\/Altsaxophon-Kohlert-Regent-7-300x200.jpg 300w, http:\/\/www.klangschmiede-kricke.ch\/wp-content\/uploads\/2022\/01\/Altsaxophon-Kohlert-Regent-7-768x512.jpg 768w\" sizes=\"(max-width: 1024px) 100vw, 1024px\" \/><\/figure>\n\n\n\n<figure class=\"wp-block-image size-full\"><img loading=\"lazy\" width=\"1024\" height=\"683\" src=\"http:\/\/www.klangschmiede-kricke.ch\/wp-content\/uploads\/2022\/01\/Altsaxophon-Kohlert-Regent-8.jpg\" alt=\"\" class=\"wp-image-1323\" srcset=\"http:\/\/www.klangschmiede-kricke.ch\/wp-content\/uploads\/2022\/01\/Altsaxophon-Kohlert-Regent-8.jpg 1024w, http:\/\/www.klangschmiede-kricke.ch\/wp-content\/uploads\/2022\/01\/Altsaxophon-Kohlert-Regent-8-300x200.jpg 300w, http:\/\/www.klangschmiede-kricke.ch\/wp-content\/uploads\/2022\/01\/Altsaxophon-Kohlert-Regent-8-768x512.jpg 768w\" sizes=\"(max-width: 1024px) 100vw, 1024px\" \/><\/figure>\n\n\n\n<figure class=\"wp-block-image size-full\"><img loading=\"lazy\" width=\"1024\" height=\"683\" src=\"http:\/\/www.klangschmiede-kricke.ch\/wp-content\/uploads\/2022\/01\/Altsaxophon-Kohlert-Regent-9.jpg\" alt=\"\" class=\"wp-image-1324\" srcset=\"http:\/\/www.klangschmiede-kricke.ch\/wp-content\/uploads\/2022\/01\/Altsaxophon-Kohlert-Regent-9.jpg 1024w, http:\/\/www.klangschmiede-kricke.ch\/wp-content\/uploads\/2022\/01\/Altsaxophon-Kohlert-Regent-9-300x200.jpg 300w, http:\/\/www.klangschmiede-kricke.ch\/wp-content\/uploads\/2022\/01\/Altsaxophon-Kohlert-Regent-9-768x512.jpg 768w\" sizes=\"(max-width: 1024px) 100vw, 1024px\" \/><\/figure>\n\n\n\n<figure class=\"wp-block-image size-full\"><img loading=\"lazy\" width=\"1024\" height=\"683\" src=\"http:\/\/www.klangschmiede-kricke.ch\/wp-content\/uploads\/2022\/01\/Altsaxophon-Kohlert-Regent-10.jpg\" alt=\"\" class=\"wp-image-1325\" srcset=\"http:\/\/www.klangschmiede-kricke.ch\/wp-content\/uploads\/2022\/01\/Altsaxophon-Kohlert-Regent-10.jpg 1024w, http:\/\/www.klangschmiede-kricke.ch\/wp-content\/uploads\/2022\/01\/Altsaxophon-Kohlert-Regent-10-300x200.jpg 300w, http:\/\/www.klangschmiede-kricke.ch\/wp-content\/uploads\/2022\/01\/Altsaxophon-Kohlert-Regent-10-768x512.jpg 768w\" sizes=\"(max-width: 1024px) 100vw, 1024px\" \/><\/figure>\n\n\n\n<figure class=\"wp-block-image size-full\"><img loading=\"lazy\" width=\"1024\" height=\"683\" src=\"http:\/\/www.klangschmiede-kricke.ch\/wp-content\/uploads\/2022\/01\/Altsaxophon-Kohlert-Regent-11.jpg\" alt=\"\" class=\"wp-image-1326\" srcset=\"http:\/\/www.klangschmiede-kricke.ch\/wp-content\/uploads\/2022\/01\/Altsaxophon-Kohlert-Regent-11.jpg 1024w, http:\/\/www.klangschmiede-kricke.ch\/wp-content\/uploads\/2022\/01\/Altsaxophon-Kohlert-Regent-11-300x200.jpg 300w, http:\/\/www.klangschmiede-kricke.ch\/wp-content\/uploads\/2022\/01\/Altsaxophon-Kohlert-Regent-11-768x512.jpg 768w\" sizes=\"(max-width: 1024px) 100vw, 1024px\" \/><\/figure>\n\n\n\n<figure class=\"wp-block-image size-full\"><img loading=\"lazy\" width=\"1024\" height=\"683\" src=\"http:\/\/www.klangschmiede-kricke.ch\/wp-content\/uploads\/2022\/01\/Altsaxophon-Kohlert-Regent-13.jpg\" alt=\"\" class=\"wp-image-1327\" srcset=\"http:\/\/www.klangschmiede-kricke.ch\/wp-content\/uploads\/2022\/01\/Altsaxophon-Kohlert-Regent-13.jpg 1024w, http:\/\/www.klangschmiede-kricke.ch\/wp-content\/uploads\/2022\/01\/Altsaxophon-Kohlert-Regent-13-300x200.jpg 300w, http:\/\/www.klangschmiede-kricke.ch\/wp-content\/uploads\/2022\/01\/Altsaxophon-Kohlert-Regent-13-768x512.jpg 768w\" sizes=\"(max-width: 1024px) 100vw, 1024px\" \/><\/figure>\n\n\n\n<figure class=\"wp-block-image size-full\"><img loading=\"lazy\" width=\"683\" height=\"1024\" src=\"http:\/\/www.klangschmiede-kricke.ch\/wp-content\/uploads\/2022\/01\/Altsaxophon-Kohlert-Regent-14.jpg\" alt=\"\" class=\"wp-image-1328\" srcset=\"http:\/\/www.klangschmiede-kricke.ch\/wp-content\/uploads\/2022\/01\/Altsaxophon-Kohlert-Regent-14.jpg 683w, http:\/\/www.klangschmiede-kricke.ch\/wp-content\/uploads\/2022\/01\/Altsaxophon-Kohlert-Regent-14-200x300.jpg 200w\" sizes=\"(max-width: 683px) 100vw, 683px\" \/><\/figure>\n\n\n\n<figure class=\"wp-block-image size-full\"><img loading=\"lazy\" width=\"1024\" height=\"683\" src=\"http:\/\/www.klangschmiede-kricke.ch\/wp-content\/uploads\/2022\/01\/Altsaxophon-Kohlert-Regent-15.jpg\" alt=\"\" class=\"wp-image-1329\" srcset=\"http:\/\/www.klangschmiede-kricke.ch\/wp-content\/uploads\/2022\/01\/Altsaxophon-Kohlert-Regent-15.jpg 1024w, http:\/\/www.klangschmiede-kricke.ch\/wp-content\/uploads\/2022\/01\/Altsaxophon-Kohlert-Regent-15-300x200.jpg 300w, http:\/\/www.klangschmiede-kricke.ch\/wp-content\/uploads\/2022\/01\/Altsaxophon-Kohlert-Regent-15-768x512.jpg 768w\" sizes=\"(max-width: 1024px) 100vw, 1024px\" \/><\/figure>\n\n\n\n<figure class=\"wp-block-image size-full\"><img loading=\"lazy\" width=\"1024\" height=\"683\" src=\"http:\/\/www.klangschmiede-kricke.ch\/wp-content\/uploads\/2022\/01\/Altsaxophon-Kohlert-Regent-17.jpg\" alt=\"\" class=\"wp-image-1330\" srcset=\"http:\/\/www.klangschmiede-kricke.ch\/wp-content\/uploads\/2022\/01\/Altsaxophon-Kohlert-Regent-17.jpg 1024w, http:\/\/www.klangschmiede-kricke.ch\/wp-content\/uploads\/2022\/01\/Altsaxophon-Kohlert-Regent-17-300x200.jpg 300w, http:\/\/www.klangschmiede-kricke.ch\/wp-content\/uploads\/2022\/01\/Altsaxophon-Kohlert-Regent-17-768x512.jpg 768w\" sizes=\"(max-width: 1024px) 100vw, 1024px\" \/><\/figure>\n\n\n\n<figure class=\"wp-block-image size-full\"><img loading=\"lazy\" width=\"1024\" height=\"683\" src=\"http:\/\/www.klangschmiede-kricke.ch\/wp-content\/uploads\/2022\/01\/Altsaxophon-Kohlert-Regent-1.jpg\" alt=\"\" class=\"wp-image-1331\" srcset=\"http:\/\/www.klangschmiede-kricke.ch\/wp-content\/uploads\/2022\/01\/Altsaxophon-Kohlert-Regent-1.jpg 1024w, http:\/\/www.klangschmiede-kricke.ch\/wp-content\/uploads\/2022\/01\/Altsaxophon-Kohlert-Regent-1-300x200.jpg 300w, http:\/\/www.klangschmiede-kricke.ch\/wp-content\/uploads\/2022\/01\/Altsaxophon-Kohlert-Regent-1-768x512.jpg 768w\" sizes=\"(max-width: 1024px) 100vw, 1024px\" \/><\/figure>\n\n\n\n<p class=\"has-text-align-left\">Ein \u00abRegent\u00bb aus der genau richtigen Zeit von 1957\/58 mit versilbertem Korpus und vernickelter Mechanik. Die Tonl\u00f6cher sind geb\u00f6rdelt und man hat als Besonderheit einen ein-\/ausschaltbaren Mitnehmer am Gis-Dr\u00fccker f\u00fcr die tiefe Mechanik. Beim Ausschalten dieses Mechanismus ist der Kraftaufwand f\u00fcr den linken, kleinen Finger f\u00fcr das Dr\u00fccken von tief cis, h und b geringer, doch hat man dann nicht die M\u00f6glichkeit durch Liegenbleiben des Fingers von diesen T\u00f6nen m\u00fchelos auf das gis zu wechseln. Eigentlich ein Luxusproblem, denn wie oft braucht man diese Spr\u00fcnge!?<br>Das Saxophon ist fachm\u00e4nnisch \u00fcberarbeitet und damit meine ich ernsthaft und komplett, sowie all meine Instrumente. Bei meinen General\u00fcberholungen sind eher noch Arbeitsschritte hinzu gekommen, um die Instrumente mit hochwertigen Materialien, vor allem mechanisch in neuwertigen Zustand zur\u00fcck zu bekommen. <br>Das Instrument ist mit eigens angefertigten ein-\/ausschraubbaren Resonatoren ausgestattet, die auf jedes Tonloch angepasst sind und es wurden alle Perlmutteinlagen durch neue, selbst hergestellte Inlays ersetzt.<br>Mit dabei ist eine gratis Garantiekontrolle im ersten halben Jahr!<\/p>\n\n\n\n<p class=\"has-text-align-right\"><em>verkauft<\/em><br><br><br><br><\/p>\n","protected":false},"excerpt":{"rendered":"<p>Ein \u00abRegent\u00bb aus der genau richtigen Zeit von 1957\/58 mit versilbertem Korpus und vernickelter Mechanik. Die Tonl\u00f6cher sind geb\u00f6rdelt und man hat als Besonderheit einen ein-\/ausschaltbaren Mitnehmer am Gis-Dr\u00fccker f\u00fcr<\/p>\n<p class=\"more-link\"><a href=\"http:\/\/www.klangschmiede-kricke.ch\/index.php\/altsaxophon-kohlert-regent-2\/\" class=\"readmore\">Continue reading&#8230;<span class=\"screen-reader-text\">Altsaxophon Kohlert \u00abRegent\u00bb<\/span><\/a><\/p>\n","protected":false},"author":1,"featured_media":0,"parent":0,"menu_order":0,"comment_status":"closed","ping_status":"closed","template":"","meta":[],"_links":{"self":[{"href":"http:\/\/www.klangschmiede-kricke.ch\/index.php\/wp-json\/wp\/v2\/pages\/1159"}],"collection":[{"href":"http:\/\/www.klangschmiede-kricke.ch\/index.php\/wp-json\/wp\/v2\/pages"}],"about":[{"href":"http:\/\/www.klangschmiede-kricke.ch\/index.php\/wp-json\/wp\/v2\/types\/page"}],"author":[{"embeddable":true,"href":"http:\/\/www.klangschmiede-kricke.ch\/index.php\/wp-json\/wp\/v2\/users\/1"}],"replies":[{"embeddable":true,"href":"http:\/\/www.klangschmiede-kricke.ch\/index.php\/wp-json\/wp\/v2\/comments?post=1159"}],"version-history":[{"count":24,"href":"http:\/\/www.klangschmiede-kricke.ch\/index.php\/wp-json\/wp\/v2\/pages\/1159\/revisions"}],"predecessor-version":[{"id":2288,"href":"http:\/\/www.klangschmiede-kricke.ch\/index.php\/wp-json\/wp\/v2\/pages\/1159\/revisions\/2288"}],"wp:attachment":[{"href":"http:\/\/www.klangschmiede-kricke.ch\/index.php\/wp-json\/wp\/v2\/media?parent=1159"}],"curies":[{"name":"wp","href":"https:\/\/api.w.org\/{rel}","templated":true}]}}