{"id":1026,"date":"2021-10-10T04:03:48","date_gmt":"2021-10-10T04:03:48","guid":{"rendered":"http:\/\/www.klangschmiede-kricke.ch\/?page_id=1026"},"modified":"2022-06-20T05:05:01","modified_gmt":"2022-06-20T05:05:01","slug":"saxophone-2","status":"publish","type":"page","link":"http:\/\/www.klangschmiede-kricke.ch\/index.php\/saxophone-2\/","title":{"rendered":"Saxophone"},"content":{"rendered":"\n<p>Wer sich f\u00fcr ein &#171;Vintage-Horn&#187; interessiert oder schon eines besitzt, kann sich gerne mit mir in Verbindung setzen.<br>In den vergangenen 20 Jahren habe ich mich mit Saxophonen aus aller Welt und aus unterschiedlichen Baujahren besch\u00e4ftigt. <br>Nun stehe ich da und kann behaupten, dass nicht nur Selmer hervorragende Instrumente gebaut hat. In den letzten Jahren lagen hier Saxophone auf der Werkbank, die noch besser gebaut sind und auch klanglich \u00fcberzeugen. <br>Dann kommt es darauf an, mit wieviel Hingabe und Verst\u00e4ndnis man sich diesen alten R\u00f6hren widmet. Dabei lassen sich alle Saxophone durch ein gewisses Know-How klanglich verbessern und es wird das ganze Potenzial aus dem Horn rausgeholt.<br>Wohingegen heutige Instrumente fast alle Kopien sind, haben die Instrumente von damals alle ihre eigenen Ideen und Konzepte. Tonlochgr\u00f6ssen und Abst\u00e4nde sind sehr unterschiedlich und man muss bei Revisionen dementsprechend unterschiedlich ans Werk gehen. <br>Nat\u00fcrlich kann man sich \u00fcber verschiedene Instrumente und Modelle heutzutage gut im Netz informieren, doch muss ich ganz ehrlich sagen, dass nicht alles stimmt, was dort geschrieben wird. Am besten macht man sich sein eigenes Bild und probiert solch Instrumente in revidiertem Zustand aus.<br>Mittlerweile mache ich viele Einzel- und Ersatzteile selbst und komme mit meinen Reparaturen zur\u00fcck auf das, was damals im Instrumentenbau schon gez\u00e4hlt hat&#8230;auf die Nachhaltigkeit!<\/p>\n","protected":false},"excerpt":{"rendered":"<p>Wer sich f\u00fcr ein &#171;Vintage-Horn&#187; interessiert oder schon eines besitzt, kann sich gerne mit mir in Verbindung setzen.In den vergangenen 20 Jahren habe ich mich mit Saxophonen aus aller Welt<\/p>\n<p class=\"more-link\"><a href=\"http:\/\/www.klangschmiede-kricke.ch\/index.php\/saxophone-2\/\" class=\"readmore\">Continue reading&#8230;<span class=\"screen-reader-text\">Saxophone<\/span><\/a><\/p>\n","protected":false},"author":1,"featured_media":0,"parent":0,"menu_order":0,"comment_status":"closed","ping_status":"closed","template":"","meta":[],"_links":{"self":[{"href":"http:\/\/www.klangschmiede-kricke.ch\/index.php\/wp-json\/wp\/v2\/pages\/1026"}],"collection":[{"href":"http:\/\/www.klangschmiede-kricke.ch\/index.php\/wp-json\/wp\/v2\/pages"}],"about":[{"href":"http:\/\/www.klangschmiede-kricke.ch\/index.php\/wp-json\/wp\/v2\/types\/page"}],"author":[{"embeddable":true,"href":"http:\/\/www.klangschmiede-kricke.ch\/index.php\/wp-json\/wp\/v2\/users\/1"}],"replies":[{"embeddable":true,"href":"http:\/\/www.klangschmiede-kricke.ch\/index.php\/wp-json\/wp\/v2\/comments?post=1026"}],"version-history":[{"count":11,"href":"http:\/\/www.klangschmiede-kricke.ch\/index.php\/wp-json\/wp\/v2\/pages\/1026\/revisions"}],"predecessor-version":[{"id":1745,"href":"http:\/\/www.klangschmiede-kricke.ch\/index.php\/wp-json\/wp\/v2\/pages\/1026\/revisions\/1745"}],"wp:attachment":[{"href":"http:\/\/www.klangschmiede-kricke.ch\/index.php\/wp-json\/wp\/v2\/media?parent=1026"}],"curies":[{"name":"wp","href":"https:\/\/api.w.org\/{rel}","templated":true}]}}